{"id":12,"date":"2023-03-29T10:45:51","date_gmt":"2023-03-29T08:45:51","guid":{"rendered":"https:\/\/www.discusfood.com\/de\/?page_id=12"},"modified":"2023-11-29T10:52:18","modified_gmt":"2023-11-29T09:52:18","slug":"impressum","status":"publish","type":"page","link":"https:\/\/www.discusfood.com\/de\/impressum","title":{"rendered":"Impressum"},"content":{"rendered":"<p><strong><u>Impressum<\/u><br \/>\n<\/strong><br \/>\nBetreiber und verantwortlich f\u00fcr die Inhalte dieser Seiten ist:<\/p>\n<p>Discusfood UG<br \/>\n(haftungsbeschr\u00e4nkt)<br \/>\nLoconer Weg 23<br \/>\n58708 Menden (Sauerland)<\/p>\n<p>Telefon:\u00a0 +49 (0)2373-9162050<br \/>\nE-Mail: info@discusfood.com<\/p>\n<p>Gesch\u00e4ftsf\u00fchrer: Udo Thr\u00e4n<br \/>\nAmtsgericht Arnsberg, HRB8807<br \/>\nSteuernr.: 328\/5851\/1081<br \/>\nUSt-ID: DE815101933<\/p>\n","protected":false},"excerpt":{"rendered":"<p>Impressum Betreiber und verantwortlich f\u00fcr die Inhalte dieser Seiten ist: Discusfood UG (haftungsbeschr\u00e4nkt) Loconer Weg 23 58708 Menden (Sauerland) Telefon:\u00a0&hellip;<\/p>\n","protected":false},"author":2,"featured_media":0,"parent":0,"menu_order":10,"comment_status":"closed","ping_status":"closed","template":"","meta":{"footnotes":""},"class_list":["post-12","page","type-page","status-publish","hentry"],"_links":{"self":[{"href":"https:\/\/www.discusfood.com\/de\/wp-json\/wp\/v2\/pages\/12","targetHints":{"allow":["GET"]}}],"collection":[{"href":"https:\/\/www.discusfood.com\/de\/wp-json\/wp\/v2\/pages"}],"about":[{"href":"https:\/\/www.discusfood.com\/de\/wp-json\/wp\/v2\/types\/page"}],"author":[{"embeddable":true,"href":"https:\/\/www.discusfood.com\/de\/wp-json\/wp\/v2\/users\/2"}],"replies":[{"embeddable":true,"href":"https:\/\/www.discusfood.com\/de\/wp-json\/wp\/v2\/comments?post=12"}],"version-history":[{"count":3,"href":"https:\/\/www.discusfood.com\/de\/wp-json\/wp\/v2\/pages\/12\/revisions"}],"predecessor-version":[{"id":2307,"href":"https:\/\/www.discusfood.com\/de\/wp-json\/wp\/v2\/pages\/12\/revisions\/2307"}],"wp:attachment":[{"href":"https:\/\/www.discusfood.com\/de\/wp-json\/wp\/v2\/media?parent=12"}],"curies":[{"name":"wp","href":"https:\/\/api.w.org\/{rel}","templated":true}]}}