{"id":1869,"date":"2023-04-01T16:31:18","date_gmt":"2023-04-01T14:31:18","guid":{"rendered":"https:\/\/www.discusfood.com\/de\/?page_id=1869"},"modified":"2026-04-07T12:39:44","modified_gmt":"2026-04-07T12:39:44","slug":"beefheart-paste-color-200g","status":"publish","type":"page","link":"https:\/\/www.discusfood.com\/de\/fischfutter\/discufood-premiumfood-pasten\/beefheart-paste-color-200g","title":{"rendered":"Beefheart Paste Color 200g"},"content":{"rendered":"<p><img loading=\"lazy\" decoding=\"async\" class=\"alignleft wp-image-1538 size-medium\" src=\"https:\/\/www.discusfood.com\/de\/wp-content\/uploads\/sites\/3\/2021\/01\/20288_vorne-2-e1690372691469-263x300.jpg\" alt=\"\" width=\"263\" height=\"300\" \/><\/p>\n<p><strong>Discusfood Paste \u201eBeefheart Color\u201c &#8211; Alleinfutter f\u00fcr Zierfische!<\/strong><\/p>\n<p>Neben den \u00fcblichen Darreichungsformen wie Granulat-, Flocken- und Frostfutter, bieten die Discusfood Futterpasten eine sinnvolle Alternative. Aufgrund der individuellen Dosierungsm\u00f6glichkeiten sind diese sowohl f\u00fcr kleine Fische wie Guppys, Bettas und deren Jungtiere, als auch f\u00fcr gro\u00dfe und gr\u00f6\u00dfte Fischarten wie Salmler, Diskus, Skalare und Barsche geeignet. Angepasst auf die Fisch- und Wassermenge sinken die geformten Portionen auf den Bodengrund und sind so f\u00fcr alle Bodenbewohner wie Welse, Garnelen und Schnecken erreichbar. Als kleine Kugel lassen sich die Portionen hervorragend an die Aquarienscheibe kleben, sodass sie auch f\u00fcr Freiwasserfische gut zug\u00e4nglich sind. Die weiche Konsistenz der Pasten ist f\u00fcr fast alle Fischarten sehr attraktiv. Unterschiedliche Zusammensetzungen schaffen ein ausgewogenes und vielf\u00e4ltiges Angebot f\u00fcr jeden Fischhalter und Z\u00fcchter.<\/p>\n<p><strong>Zusammensetzung:<\/strong> pflanzliche Nebenerzeugnisse, Insekten, Proteinhydrolysat aus Rind, Gem\u00fcse (Mais, Spinat, Moringa, Knoblauch), Getreide, Krill, \u00d6le und Fette (Lachs\u00f6l), Saaten (Anissamen), Algen (Spirulina, Chlorella), Mineralstoffe, Hefen<br \/>\n<strong>Analytische Bestandteile:<\/strong> Rohprotein 22,11%, Rohfett 4,14%, Rohfaser 2,22%, Rohasche 6,11%<br \/>\n<strong>Zusatzstoffe je kg:<\/strong> Vitamine: Vitamin A (3a672a) 10000 IE, Vitamin C (3a300) 80 mg, Vitamin D3 (3a671) 700 IE<br \/>\n<strong>Farbstoffe:<\/strong> Astaxanthin (2a161j) 100 mg Mit Antioxidantien und Konservierungsmitteln<\/p>\n<p><strong>F\u00fctterungsempfehlung:<\/strong> F\u00fcttern Sie 2-3 x t\u00e4glich so viel, wie die Fische innerhalb von 2-5 Minuten fressen. \u00dcberf\u00fcttern Sie die Fische nicht!<\/p>\n<p><strong>Nicht f\u00fcr den menschlichen Verzehr! K\u00dcHL UND TROCKEN LAGERN!<\/strong><\/p>\n<p><strong>Artikel Nr.:<\/strong> 20288<\/p>\n<p><strong>Hier Artikel kaufen<\/strong> \u2013 <a href=\"https:\/\/www.amazon.de\/Beef-Heart-Paste-Color-200g\/dp\/B08T6L6WTS?ref_=ast_sto_dp\" target=\"_blank\" rel=\"noopener\">AMAZON.de<\/a><\/p>\n","protected":false},"excerpt":{"rendered":"<p>Discusfood Paste \u201eBeefheart Color\u201c &#8211; Alleinfutter f\u00fcr Zierfische! Neben den \u00fcblichen Darreichungsformen wie Granulat-, Flocken- und Frostfutter, bieten die Discusfood&hellip;<\/p>\n","protected":false},"author":2,"featured_media":0,"parent":1961,"menu_order":1,"comment_status":"closed","ping_status":"closed","template":"","meta":{"footnotes":""},"class_list":["post-1869","page","type-page","status-publish","hentry"],"_links":{"self":[{"href":"https:\/\/www.discusfood.com\/de\/wp-json\/wp\/v2\/pages\/1869","targetHints":{"allow":["GET"]}}],"collection":[{"href":"https:\/\/www.discusfood.com\/de\/wp-json\/wp\/v2\/pages"}],"about":[{"href":"https:\/\/www.discusfood.com\/de\/wp-json\/wp\/v2\/types\/page"}],"author":[{"embeddable":true,"href":"https:\/\/www.discusfood.com\/de\/wp-json\/wp\/v2\/users\/2"}],"replies":[{"embeddable":true,"href":"https:\/\/www.discusfood.com\/de\/wp-json\/wp\/v2\/comments?post=1869"}],"version-history":[{"count":6,"href":"https:\/\/www.discusfood.com\/de\/wp-json\/wp\/v2\/pages\/1869\/revisions"}],"predecessor-version":[{"id":2861,"href":"https:\/\/www.discusfood.com\/de\/wp-json\/wp\/v2\/pages\/1869\/revisions\/2861"}],"up":[{"embeddable":true,"href":"https:\/\/www.discusfood.com\/de\/wp-json\/wp\/v2\/pages\/1961"}],"wp:attachment":[{"href":"https:\/\/www.discusfood.com\/de\/wp-json\/wp\/v2\/media?parent=1869"}],"curies":[{"name":"wp","href":"https:\/\/api.w.org\/{rel}","templated":true}]}}