{"id":1873,"date":"2023-04-01T16:36:58","date_gmt":"2023-04-01T14:36:58","guid":{"rendered":"https:\/\/www.discusfood.com\/de\/?page_id=1873"},"modified":"2026-04-07T12:40:18","modified_gmt":"2026-04-07T12:40:18","slug":"brine-shrimp-artemia-paste-200g","status":"publish","type":"page","link":"https:\/\/www.discusfood.com\/de\/fischfutter\/discufood-premiumfood-pasten\/brine-shrimp-artemia-paste-200g","title":{"rendered":"Brine Shrimp \/ Artemia Paste 200g"},"content":{"rendered":"<p><img loading=\"lazy\" decoding=\"async\" class=\"alignleft wp-image-1533 size-medium\" src=\"https:\/\/www.discusfood.com\/de\/wp-content\/uploads\/sites\/3\/2021\/01\/20289_vorne-1-e1690372886192-262x300.jpg\" alt=\"\" width=\"262\" height=\"300\" \/><\/p>\n<p><strong>Discusfood Paste \u201eBrine Shrimp\u201c &#8211; Alleinfutter f\u00fcr Zierfische<\/strong><\/p>\n<p>Neben den \u00fcblichen Darreichungsformen wie Granulat-, Flocken- und Frostfutter, bieten die Discusfood Futterpasten eine sinnvolle Alternative. Aufgrund der individuellen Dosierungsm\u00f6glichkeiten sind diese sowohl f\u00fcr kleine Fische wie Guppys, Bettas und deren Jungtiere, als auch f\u00fcr gro\u00dfe und gr\u00f6\u00dfte Fischarten wie Salmler, Diskus, Skalare und Barsche geeignet. Angepasst auf die Fisch- und Wassermenge sinken die geformten Portionen auf den Bodengrund und sind so f\u00fcr alle Bodenbewohner wie Welse, Garnelen und Schnecken erreichbar. Als kleine Kugel lassen sich die Portionen hervorragend an die Aquarienscheibe kleben, sodass sie auch f\u00fcr Freiwasserfische gut zug\u00e4nglich sind. Die weiche Konsistenz der Pasten ist f\u00fcr fast alle Fischarten sehr attraktiv. Unterschiedliche Zusammensetzungen schaffen ein ausgewogenes und vielf\u00e4ltiges Angebot f\u00fcr jeden Fischhalter und Z\u00fcchter.<\/p>\n<p><strong>Zusammensetzung:<\/strong> pflanzliche Nebenerzeugnisse, Insekten, Artemia-Cysten , Gem\u00fcse (Mais, Spinat, Moringa, Knoblauch), Getreide, Krill, \u00d6le und Fette (Lachs\u00f6l), Algen (Spirulina, Chlorella), Mineralstoffe, Hefen<br \/>\nAnalytische Bestandteile: Rohprotein 23,00%, Rohfett 4,25%, Rohfaser 2,20%, Rohasche 6,50%<br \/>\n<strong>Zusatzstoffe je kg:<\/strong> Vitamine: Vitamin A (3a672a) 10000 IE, Vitamin C (3a300) 80 mg, Vitamin D3 (3a671) 700 IE<br \/>\n<strong>Farbstoffe:<\/strong> Astaxanthin (2a161j) 20 mg<br \/>\nMit Antioxidantien und Konservierungsmitteln<\/p>\n<p><strong>F\u00fctterungsempfehlung:<\/strong> F\u00fcttern Sie 2-3 x t\u00e4glich so viel, wie die Fische innerhalb 2-5 Minuten fressen. \u00dcberf\u00fcttern Sie die Fische nicht!<\/p>\n<p><strong>Nicht f\u00fcr den menschlichen Verzehr! K\u00dcHL UND TROCKEN LAGERN!<\/strong><\/p>\n<p><strong>Artikel Nr.:<\/strong> 20289<\/p>\n<p><strong>Hier Artikel kaufen<\/strong> \u2013 <a href=\"https:\/\/www.amazon.de\/Discusfood-Brine-Shrimp-Artemia-Paste\/dp\/B08T6MTWNG?ref_=ast_sto_dp\" target=\"_blank\" rel=\"noopener\">AMAZON.de<\/a><\/p>\n","protected":false},"excerpt":{"rendered":"<p>Discusfood Paste \u201eBrine Shrimp\u201c &#8211; Alleinfutter f\u00fcr Zierfische Neben den \u00fcblichen Darreichungsformen wie Granulat-, Flocken- und Frostfutter, bieten die Discusfood&hellip;<\/p>\n","protected":false},"author":2,"featured_media":0,"parent":1961,"menu_order":4,"comment_status":"closed","ping_status":"closed","template":"","meta":{"footnotes":""},"class_list":["post-1873","page","type-page","status-publish","hentry"],"_links":{"self":[{"href":"https:\/\/www.discusfood.com\/de\/wp-json\/wp\/v2\/pages\/1873","targetHints":{"allow":["GET"]}}],"collection":[{"href":"https:\/\/www.discusfood.com\/de\/wp-json\/wp\/v2\/pages"}],"about":[{"href":"https:\/\/www.discusfood.com\/de\/wp-json\/wp\/v2\/types\/page"}],"author":[{"embeddable":true,"href":"https:\/\/www.discusfood.com\/de\/wp-json\/wp\/v2\/users\/2"}],"replies":[{"embeddable":true,"href":"https:\/\/www.discusfood.com\/de\/wp-json\/wp\/v2\/comments?post=1873"}],"version-history":[{"count":4,"href":"https:\/\/www.discusfood.com\/de\/wp-json\/wp\/v2\/pages\/1873\/revisions"}],"predecessor-version":[{"id":2863,"href":"https:\/\/www.discusfood.com\/de\/wp-json\/wp\/v2\/pages\/1873\/revisions\/2863"}],"up":[{"embeddable":true,"href":"https:\/\/www.discusfood.com\/de\/wp-json\/wp\/v2\/pages\/1961"}],"wp:attachment":[{"href":"https:\/\/www.discusfood.com\/de\/wp-json\/wp\/v2\/media?parent=1873"}],"curies":[{"name":"wp","href":"https:\/\/api.w.org\/{rel}","templated":true}]}}