{"id":1903,"date":"2023-04-11T09:34:03","date_gmt":"2023-04-11T07:34:03","guid":{"rendered":"https:\/\/www.discusfood.com\/de\/?page_id=1903"},"modified":"2025-09-16T07:40:04","modified_gmt":"2025-09-16T07:40:04","slug":"artemia-brine-shrimps-flatgranulate-50-65g","status":"publish","type":"page","link":"https:\/\/www.discusfood.com\/de\/fischfutter\/artemia-50-granulate\/artemia-brine-shrimps-flatgranulate-50-65g","title":{"rendered":"Artemia\/ Brine Shrimps Flatgranulate 50% 65g"},"content":{"rendered":"<p><img loading=\"lazy\" decoding=\"async\" class=\"size-medium wp-image-761 alignleft\" src=\"https:\/\/www.discusfood.com\/de\/wp-content\/uploads\/sites\/3\/2018\/10\/Flatgranulate-228x300.jpg\" alt=\"\" width=\"228\" height=\"300\" \/><\/p>\n<p><strong>Artemia 50% Flat Granulate:<\/strong><\/p>\n<p>\u201eDon`t call it Flocke!\u201c<br \/>\n\u2026, denn es handelt sich hier um ein Flachgranulat in Form einer Flocke. Die Extrusion erm\u00f6glicht die Fertigung eines h\u00f6chstm\u00f6glich keimfreien Produktes. Alle druck- und hitzeempfindlichen Bestandteile werden erst nach diesem Herstellungsschritt hinzugef\u00fcgt, sodass diese in ihrer Struktur erhalten und dadurch vollst\u00e4ndig wirksam bleiben. Die stabile und relativ gro\u00dfe Form der einzelnen, flocken\u00e4hnlichen Granulate und das besondere Sinkverhalten beg\u00fcnstigt eine schnelle Akzeptanz. Sogar heikle Wildfang-Diskus beginnen nach kurzer Gew\u00f6hnung das Flachgranulat dank der hohen Futterqualit\u00e4t und des besonderen Sink- und Schwimmverhaltens Artemia 50% gierig zu fressen.<br \/>\nNat\u00fcrlich spricht nichts dagegen das Granulat etwas zerkleinert auch allen anderen Arten von Aquarienfischen anzubieten, egal in welcher Gr\u00f6\u00dfe. Ein weiterer Vorteil der relativ langen Oberfl\u00e4chen-Verweildauer liegt darin, dass auch sehr zaghafte und scheue Oberfl\u00e4chen-Fresser versorgt werden k\u00f6nnen. So kann zum Beispiel das Anf\u00fcttern von Neubesatz erleichtert werden.<br \/>\nDer reine Artemienanteil von 50% steht im Vergleich zu anderen, herk\u00f6mmlichen Futtersorten als Argument f\u00fcr sich. In Kombination mit wertvollen Pflanzenproteinen, Vitaminen, Mineralien und hochwertigen Fetts\u00e4uren entsteht ein vollwertiges Hauptfuttermittel, geeignet f\u00fcr beinahe alle S\u00fc\u00df- und Salzwasserfische. Bitte beachten Sie immer die F\u00fctterungsempfehlung, wie sie auf jeder Dose zu finden ist.<\/p>\n<p><strong>Zusammensetzung:<\/strong> Artemia 50%, Pflanzenproteine, Reismehl, Lachs\u00f6l, Knoblauch 4%, Bierhefe, Kelp, Aminos\u00e4uren, Mineralstoffe, Pr\u00e4biotika und Probiotika.<br \/>\n<strong>Analytische Bestandteile:<\/strong> Rohprotein 49,3 %, Rohfett 7 %, Rohasche 2,4 %, Rohfaser 0,7 %<br \/>\n<strong>Zusatzstoffe je kg:<\/strong> Vitamine: A (3a672a) 20000 IE, C (3a300) 150 mg, D3 (3a671) 1500 IE; mit Farbstoffen; Spurenelemente: Fe (E 1) 24 mg, Mn (3b502) 31 mg, Zn (3b603) 30 mg; mit Antioxidantien.<\/p>\n<p><strong>F\u00fctterungsempfehlung:<\/strong> F\u00fcttern Sie 2-3 x t\u00e4glich so viel, wie die Fische innerhalb 2-5 Minuten fressen. \u00dcberf\u00fcttern Sie die Fische nicht!<\/p>\n<p><strong>Nicht f\u00fcr den menschlichen Verzehr! K\u00dcHL UND TROCKEN LAGERN!<\/strong><\/p>\n<p><strong>Artikel Nr.:<\/strong> 20051<\/p>\n<p><strong>Hier Artikel kaufen<\/strong> \u2013\u00a0<a href=\"https:\/\/www.amazon.de\/Flachgranulat-Aquarienfische-Pflanzenproteine-Alleinfuttermittel-Meerwasserfische\/dp\/B07L2Z9P1Q?ref_=ast_sto_dp\" target=\"_blank\" rel=\"noopener\">AMAZON.de<\/a><\/p>\n","protected":false},"excerpt":{"rendered":"<p>Artemia 50% Flat Granulate: \u201eDon`t call it Flocke!\u201c \u2026, denn es handelt sich hier um ein Flachgranulat in Form einer&hellip;<\/p>\n","protected":false},"author":2,"featured_media":0,"parent":1969,"menu_order":2,"comment_status":"closed","ping_status":"closed","template":"","meta":{"footnotes":""},"class_list":["post-1903","page","type-page","status-publish","hentry"],"_links":{"self":[{"href":"https:\/\/www.discusfood.com\/de\/wp-json\/wp\/v2\/pages\/1903","targetHints":{"allow":["GET"]}}],"collection":[{"href":"https:\/\/www.discusfood.com\/de\/wp-json\/wp\/v2\/pages"}],"about":[{"href":"https:\/\/www.discusfood.com\/de\/wp-json\/wp\/v2\/types\/page"}],"author":[{"embeddable":true,"href":"https:\/\/www.discusfood.com\/de\/wp-json\/wp\/v2\/users\/2"}],"replies":[{"embeddable":true,"href":"https:\/\/www.discusfood.com\/de\/wp-json\/wp\/v2\/comments?post=1903"}],"version-history":[{"count":4,"href":"https:\/\/www.discusfood.com\/de\/wp-json\/wp\/v2\/pages\/1903\/revisions"}],"predecessor-version":[{"id":2849,"href":"https:\/\/www.discusfood.com\/de\/wp-json\/wp\/v2\/pages\/1903\/revisions\/2849"}],"up":[{"embeddable":true,"href":"https:\/\/www.discusfood.com\/de\/wp-json\/wp\/v2\/pages\/1969"}],"wp:attachment":[{"href":"https:\/\/www.discusfood.com\/de\/wp-json\/wp\/v2\/media?parent=1903"}],"curies":[{"name":"wp","href":"https:\/\/api.w.org\/{rel}","templated":true}]}}