{"id":1909,"date":"2023-04-11T09:46:57","date_gmt":"2023-04-11T07:46:57","guid":{"rendered":"https:\/\/www.discusfood.com\/de\/?page_id=1909"},"modified":"2025-09-16T07:43:51","modified_gmt":"2025-09-16T07:43:51","slug":"artemia-brine-shrimps-soft-50-xl","status":"publish","type":"page","link":"https:\/\/www.discusfood.com\/de\/fischfutter\/artemia-50-granulate\/artemia-brine-shrimps-soft-50-xl","title":{"rendered":"Artemia\/ Brine Shrimps Soft 50% XL"},"content":{"rendered":"<p><img loading=\"lazy\" decoding=\"async\" class=\"alignleft wp-image-1911 size-medium\" src=\"https:\/\/www.discusfood.com\/de\/wp-content\/uploads\/sites\/3\/2023\/04\/Artemia-XL-e1686399914672-232x300.png\" alt=\"\" width=\"232\" height=\"300\" \/><\/p>\n<p><strong>Artemia\/ Brine Shrimps Soft 50% XL<\/strong><\/p>\n<p>Die Softung verhindert das Aufquellen des Granulates im Aquarienwasser bzw. im Verdauungstrakt der Fische und erh\u00f6ht zugleich die Akzeptanz des Futters. Die K\u00f6rnungsgr\u00f6\u00dfe von ca. 1mm qualifiziert das Softgranulat vornehmlich f\u00fcr kleinere bis mittlere Zierfischarten.<br \/>\nArtemia 50% Softgranulat XL, ca. 1,5 \u2013 2 mm, ist f\u00fcr mittlere bis gro\u00dfe Fische geeignet.<br \/>\nDie Erfahrung hat gezeigt, dass Artemia 50% Softgranulat nicht nur bei Zierfischen gut ankommt, auch viele Garnelenliebhaber haben dieses ergiebige Vollfutter schon f\u00fcr sich bzw. ihre Sch\u00fctzlinge entdeckt.<\/p>\n<p><strong>Zusammensetzung:<\/strong> Artemia 50%, Pflanzenproteine, Reismehl, Lachs\u00f6l, Knoblauch 4%, Bierhefe, Kelp, Aminos\u00e4uren, Mineralstoffe, Pr\u00e4biotika und Probiotika.<br \/>\n<strong>Analytische Bestandteile:<\/strong> Rohprotein 49,3 %, Rohfett 7 %, Rohasche 2,4 %, Rohfaser 0,7 %<br \/>\n<strong>Zusatzstoffe je kg:<\/strong> Vitamine: A (3a672a) 20000 IE, C (3a300) 150 mg, D3 (3a671) 1500 IE; mit Farbstoffen; Spurenelemente: Fe (E 1) 24 mg, Mn (3b502) 31 mg, Zn (3b603) 30 mg; mit Antioxidantien.<\/p>\n<p><strong>F\u00fctterungsempfehlung:<\/strong> F\u00fcttern Sie 2-3 x t\u00e4glich so viel, wie die Fische innerhalb 2-5 Minuten fressen. \u00dcberf\u00fcttern Sie die Fische nicht!<\/p>\n<p><strong>Nicht f\u00fcr den menschlichen Verzehr! K\u00dcHL UND TROCKEN LAGERN!<\/strong><\/p>\n<p><strong>Artikel Nr.:<\/strong> 20053<\/p>\n<p><strong>Hier Artikel kaufen<\/strong> \u2013 <a href=\"https:\/\/www.amazon.de\/Softgranulat-Aquarienfische-Pflanzenproteine-Alleinfuttermittel-Meerwasserfische\/dp\/B07NHMJLZC?ref_=ast_sto_dp\" target=\"_blank\" rel=\"noopener\">AMAZON.de<\/a><\/p>\n","protected":false},"excerpt":{"rendered":"<p>Artemia\/ Brine Shrimps Soft 50% XL Die Softung verhindert das Aufquellen des Granulates im Aquarienwasser bzw. im Verdauungstrakt der Fische&hellip;<\/p>\n","protected":false},"author":2,"featured_media":0,"parent":1969,"menu_order":6,"comment_status":"closed","ping_status":"closed","template":"","meta":{"footnotes":""},"class_list":["post-1909","page","type-page","status-publish","hentry"],"_links":{"self":[{"href":"https:\/\/www.discusfood.com\/de\/wp-json\/wp\/v2\/pages\/1909","targetHints":{"allow":["GET"]}}],"collection":[{"href":"https:\/\/www.discusfood.com\/de\/wp-json\/wp\/v2\/pages"}],"about":[{"href":"https:\/\/www.discusfood.com\/de\/wp-json\/wp\/v2\/types\/page"}],"author":[{"embeddable":true,"href":"https:\/\/www.discusfood.com\/de\/wp-json\/wp\/v2\/users\/2"}],"replies":[{"embeddable":true,"href":"https:\/\/www.discusfood.com\/de\/wp-json\/wp\/v2\/comments?post=1909"}],"version-history":[{"count":4,"href":"https:\/\/www.discusfood.com\/de\/wp-json\/wp\/v2\/pages\/1909\/revisions"}],"predecessor-version":[{"id":2852,"href":"https:\/\/www.discusfood.com\/de\/wp-json\/wp\/v2\/pages\/1909\/revisions\/2852"}],"up":[{"embeddable":true,"href":"https:\/\/www.discusfood.com\/de\/wp-json\/wp\/v2\/pages\/1969"}],"wp:attachment":[{"href":"https:\/\/www.discusfood.com\/de\/wp-json\/wp\/v2\/media?parent=1909"}],"curies":[{"name":"wp","href":"https:\/\/api.w.org\/{rel}","templated":true}]}}