{"id":1913,"date":"2023-04-11T09:54:14","date_gmt":"2023-04-11T07:54:14","guid":{"rendered":"https:\/\/www.discusfood.com\/de\/?page_id=1913"},"modified":"2025-09-16T07:47:12","modified_gmt":"2025-09-16T07:47:12","slug":"best-heart-flake-super-growth-300-ml","status":"publish","type":"page","link":"https:\/\/www.discusfood.com\/de\/fischfutter\/best-heart-flakes\/best-heart-flake-super-growth-300-ml","title":{"rendered":"Best Heart Flake Super Growth 300 ml \u2013 Diskusfutter f\u00fcr optimales Wachstum"},"content":{"rendered":"<p><img loading=\"lazy\" decoding=\"async\" class=\"alignleft wp-image-714 size-medium\" src=\"https:\/\/www.discusfood.com\/de\/wp-content\/uploads\/sites\/3\/2018\/10\/BHF-Super-Growth-65g-e1686400212437-239x300.jpg\" alt=\"\" width=\"239\" height=\"300\" \/><\/p>\n<p><strong>Best Heart Flake Super Growth &#8211; Hauptfutterflocke mit Rinderprotein<\/strong><\/p>\n<p>Das Best Heart Flake Super Growth ist ein hochwertiges Hauptfutter, speziell entwickelt f\u00fcr die F\u00f6rderung des Wachstums bei Diskusfischen und anderen flockenfressenden Zierfischen. Durch die Verwendung von leicht verdaulichen Rinderproteinen und die Anreicherung mit Vitaminen, Mineralien und Ballaststoffen unterst\u00fctzt es die Gesundheit und Vitalit\u00e4t Ihrer Fische. Die Flocken sind formstabil, tr\u00fcben das Wasser nicht und erleichtern die F\u00fctterung im Alltag.<br \/>\nRohes Rinderherz wie es zum Beispiel in Frostfutter verarbeitet wird, enth\u00e4lt Kollagene, welche der Discus wegen fehlender Enzyme nicht aufspalten kann. Diese unverdaulichen Rinderproteine k\u00f6nnen sich schichtartig an der Darmwand anlagern und erm\u00f6glichen dadurch eine starke Vermehrung von Parasiten wie zum Beispiel Flagellaten. L\u00e4ngere Zeit mit rohem Rinderherz gef\u00fctterte Fische k\u00f6nnen daher geschw\u00e4cht und ausgemergelt erscheinen und im weiteren Verlauf sogar die sogenannte Lochkrankheit ausbilden. Um diesem Problem vorzubeugen verarbeitet Discusfood in der Best Heart Flocke nur die gut verdaulichen Rinderproteine, alle sch\u00e4dlichen Stoffe wurden entfernt. Die zus\u00e4tzliche Anreicherung mit allen wichtigen Vitaminen, Mineralien und Ballaststoffen ergibt somit ein rundum ausgewogenes Hauptfutter zur optimalen F\u00f6rderung von Wachstum und Gesundheit Ihrer Zierfische.<br \/>\nEin weiterer Vorteil der Best Heart Flocke gegen\u00fcber dem gefrorenen Rinderherz ist ihre \u201eBissfestigkeit\u201c. Weder zerf\u00e4llt sie beim F\u00fcttern, noch tr\u00fcbt sie das Wasser, obwohl nur ein geringer Anteil an Bindemittel und keine Gelatine enthalten ist. Dies tr\u00e4gt wesentlich zur Entlastung des Aquarienfilters bei, Wasserwechsel k\u00f6nnen reduziert werden und es bilden sich keine geruchsbel\u00e4stigenden Eiwei\u00dfverbindungen. Au\u00dferdem bietet die Flocke im direkten Vergleich einen wesentlich h\u00f6heren N\u00e4hrwert als das gefrorene Rinderherz, unterliegt keiner K\u00fchlkette, ist viel besser zu dosieren und platzsparender zu lagern.<\/p>\n<p><strong>Zusammensetzung:<\/strong> Rinderproteine, Reis, MSC zertifizierter Krill, Insektenproteine, Lachs\u00f6l, Knoblauch, Tintenfischmehl, Hefeextrakte, Spirulina, Kelp, Pr\u00e4biotika, Aminos\u00e4uren, Rotpaprikapigment.<br \/>\n<strong>Analytische Bestandteile:<\/strong> Rohprotein 45,8 %, Rohfett 8,3 %, Rohasche 7,2 %, Rohfaser 1,8 %<br \/>\n<strong>Zusatzstoffe je kg:<\/strong> Vitamine: A (3a672a) 76500 IE, C (3a300) 1730 mg, D3 (3a671) 1950 IE; mit Farbstoffen; Spurenelemente: Fe (E 1) 90 mg, Mn (3b502) 50 mg, Zn (3b603) 52 mg; mit Antioxidantien.<\/p>\n<p><strong>F\u00fctterungsempfehlung:<\/strong> F\u00fcttern Sie 2-3 x t\u00e4glich so viel, wie die Fische innerhalb 2-5 Minuten fressen. \u00dcberf\u00fcttern Sie die Fische nicht!<\/p>\n<p><strong>Nicht f\u00fcr den menschlichen Verzehr! K\u00dcHL UND TROCKEN LAGERN!<\/strong><\/p>\n<p><strong>Artikel Nr.:<\/strong> 20041<\/p>\n<p><strong>Hier Artikel kaufen<\/strong> \u2013 <a href=\"https:\/\/www.amazon.de\/Fischfutter-Flockenfutter-Rinderprotein-Mineralien-unterst\u00fctzt\/dp\/B07L2Z8D1J?ref_=ast_sto_dp\" target=\"_blank\" rel=\"noopener\">AMAZON.de<\/a><\/p>\n","protected":false},"excerpt":{"rendered":"<p>Best Heart Flake Super Growth &#8211; Hauptfutterflocke mit Rinderprotein Das Best Heart Flake Super Growth ist ein hochwertiges Hauptfutter, speziell&hellip;<\/p>\n","protected":false},"author":2,"featured_media":0,"parent":1971,"menu_order":5,"comment_status":"closed","ping_status":"closed","template":"","meta":{"footnotes":""},"class_list":["post-1913","page","type-page","status-publish","hentry"],"_links":{"self":[{"href":"https:\/\/www.discusfood.com\/de\/wp-json\/wp\/v2\/pages\/1913","targetHints":{"allow":["GET"]}}],"collection":[{"href":"https:\/\/www.discusfood.com\/de\/wp-json\/wp\/v2\/pages"}],"about":[{"href":"https:\/\/www.discusfood.com\/de\/wp-json\/wp\/v2\/types\/page"}],"author":[{"embeddable":true,"href":"https:\/\/www.discusfood.com\/de\/wp-json\/wp\/v2\/users\/2"}],"replies":[{"embeddable":true,"href":"https:\/\/www.discusfood.com\/de\/wp-json\/wp\/v2\/comments?post=1913"}],"version-history":[{"count":6,"href":"https:\/\/www.discusfood.com\/de\/wp-json\/wp\/v2\/pages\/1913\/revisions"}],"predecessor-version":[{"id":2858,"href":"https:\/\/www.discusfood.com\/de\/wp-json\/wp\/v2\/pages\/1913\/revisions\/2858"}],"up":[{"embeddable":true,"href":"https:\/\/www.discusfood.com\/de\/wp-json\/wp\/v2\/pages\/1971"}],"wp:attachment":[{"href":"https:\/\/www.discusfood.com\/de\/wp-json\/wp\/v2\/media?parent=1913"}],"curies":[{"name":"wp","href":"https:\/\/api.w.org\/{rel}","templated":true}]}}