{"id":1925,"date":"2023-04-11T10:12:40","date_gmt":"2023-04-11T08:12:40","guid":{"rendered":"https:\/\/www.discusfood.com\/de\/?page_id=1925"},"modified":"2025-09-16T07:46:55","modified_gmt":"2025-09-16T07:46:55","slug":"best-heart-flake-red-dream-300-ml","status":"publish","type":"page","link":"https:\/\/www.discusfood.com\/de\/fischfutter\/best-heart-flakes\/best-heart-flake-red-dream-300-ml","title":{"rendered":"Best Heart Flake Red Dream 300 ml \u2013 Diskusfutter f\u00fcr rote Farbverst\u00e4rkung"},"content":{"rendered":"<p><img loading=\"lazy\" decoding=\"async\" class=\"alignleft wp-image-713 size-medium\" src=\"https:\/\/www.discusfood.com\/de\/wp-content\/uploads\/sites\/3\/2018\/10\/BHF-Red-Dream-65g-e1686400167353-239x300.jpg\" alt=\"\" width=\"239\" height=\"300\" \/><\/p>\n<p><strong>Best Heart Flake Red Dream 300 ml<\/strong><\/p>\n<p>Das Best Heart Flake Red Dream ist ein hochwertiges Erg\u00e4nzungsfutter, speziell entwickelt f\u00fcr die F\u00f6rderung der roten Pigmentierung bei Diskusfischen und anderen Zierfischen. Mit einer gezielten Zusammensetzung aus Vitaminen, Mineralien, Probiotika und dem Color Booster Red unterst\u00fctzt es die Farbintensit\u00e4t und tr\u00e4gt zur Gesundheit Ihrer Aquarienbewohner bei. Diese Flocke ist ein Erg\u00e4nzungsfuttermittel, bitte beachten Sie daher genau die auf jeder Dose angegebene F\u00fctterungsempfehlung.<\/p>\n<p><strong>Zusammensetzung:<\/strong> Rinderproteine, Reis, MSC zertifizierter Krill, Insektenproteine, Lachs\u00f6l, Knoblauch, Tintenfischmehl, Hefeextrakte, Spirulina, Kelp, Pr\u00e4biotika, Aminos\u00e4uren, Rotpaprikapigment.<br \/>\n<strong>Analytische Bestandteile:<\/strong> Rohprotein 45,8 %, Rohfett 8,3 %, Rohasche 7,2 %, Rohfaser 1,8 %<br \/>\n<strong>Zusatzstoffe je kg:<\/strong> Vitamine: A (3a672a) 72000 IE, C (3a300) 13300 mg, D3 (3a671) 2950 IE; mit Farbstoffen; Spurenelemente: Fe (E 1) 80 mg, Mn (3b502) 47 mg, Zn (3b603) 50 mg; mit Antioxidantien.<\/p>\n<p><strong>F\u00fctterungsempfehlung:<\/strong> Erg\u00e4nzungsfutter, f\u00fcttern Sie nicht mehr als 40% des Tagesbedarfs und nur soviel wie die Fische innerhalb von 5 Minuten fressen. Nicht \u00fcberf\u00fcttern!<\/p>\n<p><strong>Nicht f\u00fcr den menschlichen Verzehr! K\u00dcHL UND TROCKEN LAGERN!<\/strong><\/p>\n<p><strong>Artikel Nr.:<\/strong> 20045<\/p>\n<p><strong>Hier Artikel kaufen<\/strong> \u2013\u00a0<a href=\"https:\/\/www.amazon.de\/Fischfutter-Flockenfutter-Rinderprotein-Mineralien-unterst\u00fctzt\/dp\/B07L2ZVCY4?ref_=ast_sto_dp\" target=\"_blank\" rel=\"noopener\">AMAZON.de<\/a><\/p>\n","protected":false},"excerpt":{"rendered":"<p>Best Heart Flake Red Dream 300 ml Das Best Heart Flake Red Dream ist ein hochwertiges Erg\u00e4nzungsfutter, speziell entwickelt f\u00fcr&hellip;<\/p>\n","protected":false},"author":2,"featured_media":0,"parent":1971,"menu_order":4,"comment_status":"closed","ping_status":"closed","template":"","meta":{"footnotes":""},"class_list":["post-1925","page","type-page","status-publish","hentry"],"_links":{"self":[{"href":"https:\/\/www.discusfood.com\/de\/wp-json\/wp\/v2\/pages\/1925","targetHints":{"allow":["GET"]}}],"collection":[{"href":"https:\/\/www.discusfood.com\/de\/wp-json\/wp\/v2\/pages"}],"about":[{"href":"https:\/\/www.discusfood.com\/de\/wp-json\/wp\/v2\/types\/page"}],"author":[{"embeddable":true,"href":"https:\/\/www.discusfood.com\/de\/wp-json\/wp\/v2\/users\/2"}],"replies":[{"embeddable":true,"href":"https:\/\/www.discusfood.com\/de\/wp-json\/wp\/v2\/comments?post=1925"}],"version-history":[{"count":6,"href":"https:\/\/www.discusfood.com\/de\/wp-json\/wp\/v2\/pages\/1925\/revisions"}],"predecessor-version":[{"id":2857,"href":"https:\/\/www.discusfood.com\/de\/wp-json\/wp\/v2\/pages\/1925\/revisions\/2857"}],"up":[{"embeddable":true,"href":"https:\/\/www.discusfood.com\/de\/wp-json\/wp\/v2\/pages\/1971"}],"wp:attachment":[{"href":"https:\/\/www.discusfood.com\/de\/wp-json\/wp\/v2\/media?parent=1925"}],"curies":[{"name":"wp","href":"https:\/\/api.w.org\/{rel}","templated":true}]}}