{"id":1987,"date":"2023-04-14T09:23:40","date_gmt":"2023-04-14T07:23:40","guid":{"rendered":"https:\/\/www.discusfood.com\/de\/?page_id=1987"},"modified":"2025-09-16T07:59:01","modified_gmt":"2025-09-16T07:59:01","slug":"american-cichlid-spirulina-pearls-soft-80g","status":"publish","type":"page","link":"https:\/\/www.discusfood.com\/de\/fischfutter\/granulate-fur-buntbarsche\/american-cichlid-spirulina-pearls-soft-80g","title":{"rendered":"American Cichlid Spirulina Pearls Soft 80g"},"content":{"rendered":"<p><img loading=\"lazy\" decoding=\"async\" class=\"wp-image-2264 size-medium alignleft\" src=\"https:\/\/www.discusfood.com\/de\/wp-content\/uploads\/sites\/3\/2023\/05\/20076-2-v1-e1686401754573-172x300.jpg\" alt=\"\" width=\"172\" height=\"300\" \/><\/p>\n<p><strong>American Cichlid Spirulina Pearls Soft 80g<\/strong><\/p>\n<p>Auf die speziellen Ern\u00e4hrungsgewohnheiten von amerikanischen Cichliden abgestimmtes Softgranulat mit hohem Spirulina Anteil.<\/p>\n<p><strong>Zusammensetzung:<\/strong> Fischmehl, Weizenkleber, Fisch\u00f6l, Weizen, Krillmehl, Spirulina, Multivitaminkomplex, Farbstoffe.<br \/>\n<strong>Analytische Bestandteile:<\/strong> Rohprotein 44,5 %, Rohfett 13,7 %, Rohasche 8,2 %, Rohfaser 0,7 %<br \/>\n<strong>Zusatzstoffe je kg:<\/strong> Vitamine: A (3a672a) 20000 IE, D3 (3a671) 2600 IE; mit Farbstoffen; Spurenelemente: Mn (3b503) 8 mg, Zn (3b605) 70 mg; mit Antioxidantien.<br \/>\nAlleinfutter f\u00fcr Zierfische!<\/p>\n<p><strong>F\u00fctterungsempfehlung<\/strong>: F\u00fcttern Sie 2-3 x t\u00e4glich so viel, wie die Fische innerhalb 2-5 Minuten fressen. \u00dcberf\u00fcttern Sie die Fische nicht!<\/p>\n<p><strong>Nicht f\u00fcr den menschlichen Verzehr! K\u00dcHL UND TROCKEN LAGERN!<\/strong><\/p>\n<p><strong>Artikel Nr.:<\/strong> 20076<\/p>\n<p><strong>Hier Artikel kaufen<\/strong> \u2013 <a href=\"https:\/\/www.amazon.de\/Zwergbuntbarsche-S\u00fcdamerikas-American-Cichlid-Spirulina\/dp\/B018U3FSZ0\/ref=sr_1_2?__mk_de_DE=\u00c5M\u00c5\u017d\u00d5\u00d1&amp;crid=26B7LKU2KVATX&amp;keywords=%22American+Cichlid+Spirulina+Pearls+Soft+80g%22&amp;qid=1681456966&amp;sprefix=american+cichlid+spirulina+pearls+soft+80g%22%2Caps%2C189&amp;sr=8-2\" target=\"_blank\" rel=\"noopener\">AMAZON.de<\/a><\/p>\n","protected":false},"excerpt":{"rendered":"<p>American Cichlid Spirulina Pearls Soft 80g Auf die speziellen Ern\u00e4hrungsgewohnheiten von amerikanischen Cichliden abgestimmtes Softgranulat mit hohem Spirulina Anteil. Zusammensetzung:&hellip;<\/p>\n","protected":false},"author":2,"featured_media":0,"parent":1973,"menu_order":4,"comment_status":"closed","ping_status":"closed","template":"","meta":{"footnotes":""},"class_list":["post-1987","page","type-page","status-publish","hentry"],"_links":{"self":[{"href":"https:\/\/www.discusfood.com\/de\/wp-json\/wp\/v2\/pages\/1987","targetHints":{"allow":["GET"]}}],"collection":[{"href":"https:\/\/www.discusfood.com\/de\/wp-json\/wp\/v2\/pages"}],"about":[{"href":"https:\/\/www.discusfood.com\/de\/wp-json\/wp\/v2\/types\/page"}],"author":[{"embeddable":true,"href":"https:\/\/www.discusfood.com\/de\/wp-json\/wp\/v2\/users\/2"}],"replies":[{"embeddable":true,"href":"https:\/\/www.discusfood.com\/de\/wp-json\/wp\/v2\/comments?post=1987"}],"version-history":[{"count":9,"href":"https:\/\/www.discusfood.com\/de\/wp-json\/wp\/v2\/pages\/1987\/revisions"}],"predecessor-version":[{"id":2872,"href":"https:\/\/www.discusfood.com\/de\/wp-json\/wp\/v2\/pages\/1987\/revisions\/2872"}],"up":[{"embeddable":true,"href":"https:\/\/www.discusfood.com\/de\/wp-json\/wp\/v2\/pages\/1973"}],"wp:attachment":[{"href":"https:\/\/www.discusfood.com\/de\/wp-json\/wp\/v2\/media?parent=1987"}],"curies":[{"name":"wp","href":"https:\/\/api.w.org\/{rel}","templated":true}]}}