{"id":1995,"date":"2023-04-14T09:40:44","date_gmt":"2023-04-14T07:40:44","guid":{"rendered":"https:\/\/www.discusfood.com\/de\/?page_id=1995"},"modified":"2025-09-16T07:58:26","modified_gmt":"2025-09-16T07:58:26","slug":"african-cichlid-spirulina-pearls-soft-80g","status":"publish","type":"page","link":"https:\/\/www.discusfood.com\/de\/fischfutter\/granulate-fur-buntbarsche\/african-cichlid-spirulina-pearls-soft-80g","title":{"rendered":"African Cichlid Spirulina Pearls Soft 80g"},"content":{"rendered":"<p><img loading=\"lazy\" decoding=\"async\" class=\"wp-image-2268 size-medium alignleft\" src=\"https:\/\/www.discusfood.com\/de\/wp-content\/uploads\/sites\/3\/2023\/05\/20078-2-v1-e1686401669623-173x300.jpg\" alt=\"\" width=\"173\" height=\"300\" \/><\/p>\n<p><strong>African Cichlid Spirulina Pearls Soft 80g<\/strong><\/p>\n<p>Auf die speziellen Ern\u00e4hrungsgewohnheiten von afrikanischen Cichliden abgestimmtes Softgranulat mit hohem Spirulina Anteil.<\/p>\n<p><strong>Zusammensetzung:<\/strong> Fischmehl, Weizenkleber, Fisch\u00f6l, Weizen, Krillmehl, Spirulina, Multivitaminkomplex, Farbstoffe.<br \/>\n<strong>Analytische Bestandteile:<\/strong> Rohprotein 42,5 %, Rohfett 13,6 %, Rohasche 8,2 %, Rohfaser 0,7 %<br \/>\n<strong>Zusatzstoffe je kg: Vitamine:<\/strong> A (3a672a) 20000 IE, D3 (3a671) 2600 IE; mit Farbstoffen; Spurenelemente: Mn (3b503) 8 mg, Zn (3b605) 70 mg; mit Antioxidantien.<br \/>\nAlleinfutter f\u00fcr Zierfische!<\/p>\n<p><strong>F\u00fctterungsempfehlung:<\/strong> F\u00fcttern Sie 2-3 x t\u00e4glich so viel, wie die Fische innerhalb 2-5 Minuten fressen. \u00dcberf\u00fcttern Sie die Fische nicht!<\/p>\n<p><strong>Nicht f\u00fcr den menschlichen Verzehr! K\u00dcHL UND TROCKEN LAGERN!<\/strong><\/p>\n<p><strong>Artikel Nr.:<\/strong> 20078<\/p>\n<p><strong>Hier Artikel kaufen<\/strong> \u2013 <a href=\"https:\/\/www.amazon.de\/Buntbarsche-Afrikas-African-Cichlid-Spirulina\/dp\/B01N29MDY1\/ref=sr_1_3?__mk_de_DE=\u00c5M\u00c5\u017d\u00d5\u00d1&amp;crid=197SSDBAB9Y41&amp;keywords=%22African+Cichlid+Spirulina+Pearls+Soft+80g%22&amp;qid=1681457993&amp;sprefix=african+cichlid+spirulina+pearls+soft+80g%22%2Caps%2C138&amp;sr=8-3\" target=\"_blank\" rel=\"noopener\">AMAZON.de<\/a><\/p>\n","protected":false},"excerpt":{"rendered":"<p>African Cichlid Spirulina Pearls Soft 80g Auf die speziellen Ern\u00e4hrungsgewohnheiten von afrikanischen Cichliden abgestimmtes Softgranulat mit hohem Spirulina Anteil. Zusammensetzung:&hellip;<\/p>\n","protected":false},"author":2,"featured_media":0,"parent":1973,"menu_order":2,"comment_status":"closed","ping_status":"closed","template":"","meta":{"footnotes":""},"class_list":["post-1995","page","type-page","status-publish","hentry"],"_links":{"self":[{"href":"https:\/\/www.discusfood.com\/de\/wp-json\/wp\/v2\/pages\/1995","targetHints":{"allow":["GET"]}}],"collection":[{"href":"https:\/\/www.discusfood.com\/de\/wp-json\/wp\/v2\/pages"}],"about":[{"href":"https:\/\/www.discusfood.com\/de\/wp-json\/wp\/v2\/types\/page"}],"author":[{"embeddable":true,"href":"https:\/\/www.discusfood.com\/de\/wp-json\/wp\/v2\/users\/2"}],"replies":[{"embeddable":true,"href":"https:\/\/www.discusfood.com\/de\/wp-json\/wp\/v2\/comments?post=1995"}],"version-history":[{"count":8,"href":"https:\/\/www.discusfood.com\/de\/wp-json\/wp\/v2\/pages\/1995\/revisions"}],"predecessor-version":[{"id":2870,"href":"https:\/\/www.discusfood.com\/de\/wp-json\/wp\/v2\/pages\/1995\/revisions\/2870"}],"up":[{"embeddable":true,"href":"https:\/\/www.discusfood.com\/de\/wp-json\/wp\/v2\/pages\/1973"}],"wp:attachment":[{"href":"https:\/\/www.discusfood.com\/de\/wp-json\/wp\/v2\/media?parent=1995"}],"curies":[{"name":"wp","href":"https:\/\/api.w.org\/{rel}","templated":true}]}}