{"id":2019,"date":"2023-04-14T14:59:27","date_gmt":"2023-04-14T12:59:27","guid":{"rendered":"https:\/\/www.discusfood.com\/de\/?page_id=2019"},"modified":"2025-09-16T07:53:25","modified_gmt":"2025-09-16T07:53:25","slug":"buffet-di-insect-flatgranulate-65g","status":"publish","type":"page","link":"https:\/\/www.discusfood.com\/de\/fischfutter\/flachgranulat\/buffet-di-insect-flatgranulate-65g","title":{"rendered":"Buffet di Insect Flatgranulate 65g"},"content":{"rendered":"<p><img loading=\"lazy\" decoding=\"async\" class=\"alignleft wp-image-1585 size-medium\" src=\"https:\/\/www.discusfood.com\/de\/wp-content\/uploads\/sites\/3\/2021\/01\/20059a-1-1-e1686401263254-232x300.jpg\" alt=\"\" width=\"232\" height=\"300\" \/><\/p>\n<p><strong>Buffet di Insect Flatgranulate 65g<\/strong><\/p>\n<p>Komplettes, vollwertiges, extrudiertes Alleinfutter f\u00fcr alle Zierfischarten, die eine artgerechte Ern\u00e4hrung mit Insekten ben\u00f6tigen. Vor allem Cichliden, Bettas, Tetras und Welse sch\u00e4tzen den Geschmack und die einzigartige Zusammensetzung. Es ist sehr gut verdaulich, weich, nicht wassertr\u00fcbend und es zerf\u00e4llt nicht. Sein ausgewogener N\u00e4hrstoff-, Vitamin- und Mineralstoffgehalt gew\u00e4hrleistet ein gesundes Wachstum und eine optimale Entwicklung der Fische.<\/p>\n<p><strong>Zusammensetzung:<\/strong> Insektenprotein, Weizenmehl, Weizenkleber, Hermetiamehl, Krillmehl, Garnelenmehl, Spinat, Mais, Tubifex, Seidenraupen, Rote-M\u00fcckenlarven-Extrakt, Bierhefe, Betain, Gr\u00fcnkohl, Fisch\u00f6l, Moringa, Spirulina, Knoblauch, Multivitaminkomplex<br \/>\n<strong>Analytische Bestandteile:<\/strong> Rohprotein 50 %, Rohfett 6,5 %, Rohasche 6,4 %, Rohfaser 2,9 %<br \/>\n<strong>Zusatzstoffe je kg:<\/strong> Vitamine: A (3a672a) 24000 IE, C (3a300) 180 mg, D3 (3a671) 1800 IE; mit Farbstoffen; Spurenelemente: Fe (3b103) 29 mg, Mn (3b502) 37 mg, Zn (3b603) 36 mg; mit Antioxidantien.<\/p>\n<p><strong>Futterdosierung:<\/strong> F\u00fcttern Sie zweimal bis dreimal t\u00e4glich soviel wie die Fische innerhalb von 3-5 Minuten fressen. \u00dcberf\u00fcttern Sie die Fische nicht! Je nach Futtergr\u00f6\u00dfe und Fischart kann immer von der Fischbrut bis zu den Zuchtfischen gef\u00fcttert werden.<\/p>\n<p><strong>Nicht f\u00fcr den menschlichen Verzehr! K\u00dcHL UND TROCKEN LAGERN!<\/strong><\/p>\n<p><strong>Artikel Nr.:<\/strong> 20059<\/p>\n<p><strong>Hier Artikel kaufen<\/strong> \u2013\u00a0<a href=\"https:\/\/www.amazon.de\/Discusfood-Flachgranulat-vollwertiges-extrudiertes-Zierfischarten\/dp\/B08P8TMYK8\/ref=sr_1_1_mod_primary_new?__mk_de_DE=\u00c5M\u00c5\u017d\u00d5\u00d1&amp;crid=W69NED2LZVXS&amp;keywords=Buffet+di+Insect+Flatgranulate+65g&amp;qid=1681476729&amp;sbo=RZvfv%2F%2FHxDF%2BO5021pAnSA%3D%3D&amp;sprefix=buffet+di+insect+flatgranulate+65g%2Caps%2C178&amp;sr=8-1\" target=\"_blank\" rel=\"noopener\">AMAZON.de<\/a><\/p>\n","protected":false},"excerpt":{"rendered":"<p>Buffet di Insect Flatgranulate 65g Komplettes, vollwertiges, extrudiertes Alleinfutter f\u00fcr alle Zierfischarten, die eine artgerechte Ern\u00e4hrung mit Insekten ben\u00f6tigen. Vor&hellip;<\/p>\n","protected":false},"author":2,"featured_media":0,"parent":2676,"menu_order":2,"comment_status":"closed","ping_status":"closed","template":"","meta":{"footnotes":""},"class_list":["post-2019","page","type-page","status-publish","hentry"],"_links":{"self":[{"href":"https:\/\/www.discusfood.com\/de\/wp-json\/wp\/v2\/pages\/2019","targetHints":{"allow":["GET"]}}],"collection":[{"href":"https:\/\/www.discusfood.com\/de\/wp-json\/wp\/v2\/pages"}],"about":[{"href":"https:\/\/www.discusfood.com\/de\/wp-json\/wp\/v2\/types\/page"}],"author":[{"embeddable":true,"href":"https:\/\/www.discusfood.com\/de\/wp-json\/wp\/v2\/users\/2"}],"replies":[{"embeddable":true,"href":"https:\/\/www.discusfood.com\/de\/wp-json\/wp\/v2\/comments?post=2019"}],"version-history":[{"count":7,"href":"https:\/\/www.discusfood.com\/de\/wp-json\/wp\/v2\/pages\/2019\/revisions"}],"predecessor-version":[{"id":2865,"href":"https:\/\/www.discusfood.com\/de\/wp-json\/wp\/v2\/pages\/2019\/revisions\/2865"}],"up":[{"embeddable":true,"href":"https:\/\/www.discusfood.com\/de\/wp-json\/wp\/v2\/pages\/2676"}],"wp:attachment":[{"href":"https:\/\/www.discusfood.com\/de\/wp-json\/wp\/v2\/media?parent=2019"}],"curies":[{"name":"wp","href":"https:\/\/api.w.org\/{rel}","templated":true}]}}