{"id":2032,"date":"2023-04-14T15:29:21","date_gmt":"2023-04-14T13:29:21","guid":{"rendered":"https:\/\/www.discusfood.com\/de\/?page_id=2032"},"modified":"2025-10-24T12:39:10","modified_gmt":"2025-10-24T12:39:10","slug":"day-by-day-granulate-80g","status":"publish","type":"page","link":"https:\/\/www.discusfood.com\/de\/fischfutter\/granulate-fur-diskus\/day-by-day-granulate-80g","title":{"rendered":"Day by Day Granulat \u2013 Alleinfutter f\u00fcr Diskusfische"},"content":{"rendered":"<p><img loading=\"lazy\" decoding=\"async\" class=\"wp-image-2256 size-medium alignleft\" src=\"https:\/\/www.discusfood.com\/de\/wp-content\/uploads\/sites\/3\/2023\/05\/20064-2-v1-182x300.jpg\" alt=\"\" width=\"182\" height=\"300\" \/><\/p>\n<p><strong>Day by Day Granulat \u2013 Alleinfutter f\u00fcr Diskusfische<\/strong><\/p>\n<p>Das Day by Day Granulat ist ein hochwertiges Alleinfutter, speziell entwickelt f\u00fcr Diskusfische und andere Zierfische. Es bietet eine ausgewogene Kombination aus tierischen und pflanzlichen Proteinen, essentiellen Fetten, Vitaminen und Mineralstoffen. Die weichen, sinkenden Granulate sind leicht verdaulich und f\u00f6rdern die Gesundheit sowie das nat\u00fcrliche Wachstum Ihrer Fische. Durch die reduzierte Wasserbelastung wird das Algenwachstum minimiert.<br \/>\nWie bei all unseren Diskus-Granulaten haben wir von Discusfood nat\u00fcrlich auch beim \u201eDay by Day\u201c besonderes Augenmerk auf die gute Bek\u00f6mmlichkeit des Futters gelegt. Wie schon der Name sagt ist \u201eDay by Day\u201c ein vollwertiges Hauptfutter, das sowohl den Tagesbedarf decken, als auch nur erg\u00e4nzend gef\u00fcttert werden kann.<\/p>\n<p><strong>Zusammensetzung:<\/strong> Fischmehl, Weizenkleber, Krillmehl, Weizen, Fisch\u00f6l.<br \/>\n<strong>Analytische Bestandteile:<\/strong> Rohprotein 59%, Rohfett 14,5%, Rohasche 12,4%, Rohfaser 0,7%<br \/>\n<strong>Zusatzstoffe je kg:<\/strong> Vitamine: A (3a672a) 20000 IE, D3 (3a671) 2000 IE; mit Farbstoffen; Spurenelemente: Mn (3b503) 12 mg, Zn (3b605) 30 mg; mit Antioxidantien.<\/p>\n<p><strong>F\u00fctterungsempfehlung:<\/strong> F\u00fcttern Sie 2-3 x t\u00e4glich so viel, wie die Fische innerhalb von 2-5 Minuten fressen. \u00dcberf\u00fcttern Sie die Fische nicht!<br \/>\nAlleinfutter f\u00fcr Zierfische!<\/p>\n<p><strong>Nicht f\u00fcr den menschlichen Verzehr! K\u00dcHL UND TROCKEN LAGERN!<\/strong><\/p>\n<p><strong><img loading=\"lazy\" decoding=\"async\" class=\"alignleft size-medium wp-image-2256\" src=\"\/de\/wp-content\/uploads\/sites\/3\/2023\/05\/20064-2-v1-182x300.jpg\" alt=\"\" width=\"182\" height=\"300\" \/><br \/>\nDay by Day Granulat 80g<br \/>\nArtikel Nr.:<\/strong> 20064<\/p>\n<p>&nbsp;<\/p>\n<p>&nbsp;<\/p>\n<p>&nbsp;<\/p>\n<p><strong><img loading=\"lazy\" decoding=\"async\" class=\"alignleft size-medium wp-image-2278\" src=\"\/de\/wp-content\/uploads\/sites\/3\/2023\/05\/20642-2-v1-225x300.jpg\" alt=\"\" width=\"225\" height=\"300\" \/><br \/>\nDay by Day Granulat 230g<\/strong><br \/>\n<strong>Artikel Nr.:<\/strong> 20642<\/p>\n<p>&nbsp;<\/p>\n<p>&nbsp;<\/p>\n<p>&nbsp;<\/p>\n<p><strong><img loading=\"lazy\" decoding=\"async\" class=\"alignleft size-medium wp-image-2078\" src=\"\/de\/wp-content\/uploads\/sites\/3\/2023\/04\/20645-v1-e1686402019771-300x270.jpg\" alt=\"\" width=\"300\" height=\"270\" \/><br \/>\nDay by Day Granulat 2800g<\/strong><br \/>\n<strong>Artikel Nr.:<\/strong> 20645<\/p>\n<p><strong>Hier Artikel kaufen<\/strong> \u2013 <a href=\"https:\/\/www.amazon.de\/Futter-f\u00fcr-Diskus-Fische-Day-Discusfood\/dp\/B018G5F7MG\/ref=sr_1_1?__mk_de_DE=\u00c5M\u00c5\u017d\u00d5\u00d1&amp;crid=1X38AOMCXWX72&amp;keywords=Day+by+Day+Granulate+80g&amp;qid=1681478554&amp;sprefix=day+by+day+granulate+80g%2Caps%2C217&amp;sr=8-1\" target=\"_blank\" rel=\"noopener\">AMAZON.de<\/a><\/p>\n","protected":false},"excerpt":{"rendered":"<p>Day by Day Granulat \u2013 Alleinfutter f\u00fcr Diskusfische Das Day by Day Granulat ist ein hochwertiges Alleinfutter, speziell entwickelt f\u00fcr&hellip;<\/p>\n","protected":false},"author":2,"featured_media":0,"parent":1976,"menu_order":6,"comment_status":"closed","ping_status":"closed","template":"","meta":{"footnotes":""},"class_list":["post-2032","page","type-page","status-publish","hentry"],"_links":{"self":[{"href":"https:\/\/www.discusfood.com\/de\/wp-json\/wp\/v2\/pages\/2032","targetHints":{"allow":["GET"]}}],"collection":[{"href":"https:\/\/www.discusfood.com\/de\/wp-json\/wp\/v2\/pages"}],"about":[{"href":"https:\/\/www.discusfood.com\/de\/wp-json\/wp\/v2\/types\/page"}],"author":[{"embeddable":true,"href":"https:\/\/www.discusfood.com\/de\/wp-json\/wp\/v2\/users\/2"}],"replies":[{"embeddable":true,"href":"https:\/\/www.discusfood.com\/de\/wp-json\/wp\/v2\/comments?post=2032"}],"version-history":[{"count":10,"href":"https:\/\/www.discusfood.com\/de\/wp-json\/wp\/v2\/pages\/2032\/revisions"}],"predecessor-version":[{"id":2958,"href":"https:\/\/www.discusfood.com\/de\/wp-json\/wp\/v2\/pages\/2032\/revisions\/2958"}],"up":[{"embeddable":true,"href":"https:\/\/www.discusfood.com\/de\/wp-json\/wp\/v2\/pages\/1976"}],"wp:attachment":[{"href":"https:\/\/www.discusfood.com\/de\/wp-json\/wp\/v2\/media?parent=2032"}],"curies":[{"name":"wp","href":"https:\/\/api.w.org\/{rel}","templated":true}]}}