{"id":2036,"date":"2023-04-14T15:31:27","date_gmt":"2023-04-14T13:31:27","guid":{"rendered":"https:\/\/www.discusfood.com\/de\/?page_id=2036"},"modified":"2025-10-24T12:49:30","modified_gmt":"2025-10-24T12:49:30","slug":"turkey-heart-soft-granulate-80g","status":"publish","type":"page","link":"https:\/\/www.discusfood.com\/de\/fischfutter\/granulate-fur-diskus\/turkey-heart-soft-granulate-80g","title":{"rendered":"Turkey Heart Soft Granulate"},"content":{"rendered":"<p><img loading=\"lazy\" decoding=\"async\" class=\"wp-image-2258 size-medium alignleft\" src=\"https:\/\/www.discusfood.com\/de\/wp-content\/uploads\/sites\/3\/2023\/05\/20070-2-v1-184x300.jpg\" alt=\"\" width=\"184\" height=\"300\" \/><\/p>\n<p><strong>Turkey Heart Softgranulat &#8211; Alleinfutter f\u00fcr alle Diskusfische<\/strong><\/p>\n<p>Die Alternative f\u00fcr Alle, die zwar tierisches Protein, aber kein Rind verf\u00fcttern m\u00f6chten. Nein, Diskus fressen in der Natur auch keine Truth\u00e4hne\u2026, aber wie auch beim Rinderherz geht es hierbei nicht darum den Tieren m\u00f6glichst naturnahe Bedingungen zu schaffen, sondern sie zumindest seitens des Futters bestm\u00f6glich zu versorgen, um sie dahingehend eben nicht dem nat\u00fcrlichen Selektionsdruck auszusetzen.<br \/>\nGenau wie beim Rinderprotein, werden auch im Fall des Truthahnproteins nur die Anteile verarbeitet, welche der Diskus auch wirklich verdauen kann, weil zum Beispiel die Kollagene nicht aufgespalten werden k\u00f6nnen. Diese k\u00f6nnen, in hohem Ma\u00dfe gef\u00fcttert, die Fische sogar sch\u00e4digen, indem sich zum Beispiel die Kollagene schichtartig an der Darmwand anlagern und somit ein perfektes Vermehrungsmillieu f\u00fcr unerw\u00fcnschte Parasiten schaffen. Die Wasserbelastung von \u201eTurkey Heart Soft Granulate\u201c ist um ein Vielfaches geringer, als es bei der F\u00fctterung von Frostfutter-Proteinen der Fall sein kann. Zudem kommen die Vorteile der Lagerung, der Dosierung und der l\u00e4ngeren Haltbarkeit im Vergleich zum Frostfutter.<br \/>\nDie Softung des Granulates ist eine Besonderheit, welche die Akzeptanz und die Verdaulichkeit des Futters noch weiter heraufsetzt.<\/p>\n<p><strong>Zusammensetzung:<\/strong> Fischmehl, Weizenkleber, Fisch\u00f6l, Weizen, Fleisch und tierische Nebenerzeugnisse, Krillmehl, Multivitaminkomplex, Farbstoffe.<br \/>\n<strong>Analytische Bestandteile:<\/strong> Rohprotein 48,3 %, Rohfett 13,6 %, Rohasche 8,3 %, Rohfaser 0,7 %<br \/>\n<strong>Zusatzstoffe je kg:<\/strong> Vitamine: A (3a672a) 20000 IE, D3 (3a671) 2600 IE; mit Farbstoffen; Spurenelemente: Mn (3b503) 8 mg, Zn (3b605) 70 mg; mit Antioxidantien.<\/p>\n<p><strong>F\u00fctterungsempfehlung:<\/strong> F\u00fcttern Sie 2-3 x t\u00e4glich so viel, wie die Fische innerhalb 2-5 Minuten fressen. \u00dcberf\u00fcttern Sie die Fische nicht!<\/p>\n<p><strong>Nicht f\u00fcr den menschlichen Verzehr! K\u00dcHL UND TROCKEN LAGERN!<\/strong><\/p>\n<p><strong><img loading=\"lazy\" decoding=\"async\" class=\"alignleft size-medium wp-image-2258\" src=\"\/de\/wp-content\/uploads\/sites\/3\/2023\/05\/20070-2-v1-184x300.jpg\" alt=\"\" width=\"184\" height=\"300\" \/><br \/>\nTurkey Heart Soft Granulate 80g<br \/>\nArtikel Nr.<\/strong>: 20070<\/p>\n<p>&nbsp;<\/p>\n<p>&nbsp;<\/p>\n<p>&nbsp;<\/p>\n<p><strong><img loading=\"lazy\" decoding=\"async\" class=\"alignleft size-medium wp-image-2608\" src=\"\/de\/wp-content\/uploads\/sites\/3\/2024\/05\/20702-2-v1-215x300.jpg\" alt=\"\" width=\"215\" height=\"300\" \/><br \/>\nTurkey Heart Soft Granulate 230g<\/strong><br \/>\n<strong>Artikel Nr.:<\/strong> 20702<\/p>\n<p>&nbsp;<\/p>\n<p>&nbsp;<\/p>\n<p>&nbsp;<\/p>\n<p><strong>Hier Artikel kaufen<\/strong> \u2013 <a href=\"https:\/\/www.amazon.de\/Essen-gr\u00e1nulo-Fische-Turkey-Heart-DISCUSFOOD\/dp\/B019MR45E8\/ref=sr_1_2?__mk_de_DE=\u00c5M\u00c5\u017d\u00d5\u00d1&amp;crid=LWZM1L892RRT&amp;keywords=Turkey+Heart+Soft+Granulate+80g&amp;qid=1681479042&amp;sprefix=turkey+heart+soft+granulate+80g%2Caps%2C224&amp;sr=8-2\" target=\"_blank\" rel=\"noopener\">AMAZON.de<\/a><\/p>\n","protected":false},"excerpt":{"rendered":"<p>Turkey Heart Softgranulat &#8211; Alleinfutter f\u00fcr alle Diskusfische Die Alternative f\u00fcr Alle, die zwar tierisches Protein, aber kein Rind verf\u00fcttern&hellip;<\/p>\n","protected":false},"author":2,"featured_media":0,"parent":1976,"menu_order":11,"comment_status":"closed","ping_status":"closed","template":"","meta":{"footnotes":""},"class_list":["post-2036","page","type-page","status-publish","hentry"],"_links":{"self":[{"href":"https:\/\/www.discusfood.com\/de\/wp-json\/wp\/v2\/pages\/2036","targetHints":{"allow":["GET"]}}],"collection":[{"href":"https:\/\/www.discusfood.com\/de\/wp-json\/wp\/v2\/pages"}],"about":[{"href":"https:\/\/www.discusfood.com\/de\/wp-json\/wp\/v2\/types\/page"}],"author":[{"embeddable":true,"href":"https:\/\/www.discusfood.com\/de\/wp-json\/wp\/v2\/users\/2"}],"replies":[{"embeddable":true,"href":"https:\/\/www.discusfood.com\/de\/wp-json\/wp\/v2\/comments?post=2036"}],"version-history":[{"count":8,"href":"https:\/\/www.discusfood.com\/de\/wp-json\/wp\/v2\/pages\/2036\/revisions"}],"predecessor-version":[{"id":2962,"href":"https:\/\/www.discusfood.com\/de\/wp-json\/wp\/v2\/pages\/2036\/revisions\/2962"}],"up":[{"embeddable":true,"href":"https:\/\/www.discusfood.com\/de\/wp-json\/wp\/v2\/pages\/1976"}],"wp:attachment":[{"href":"https:\/\/www.discusfood.com\/de\/wp-json\/wp\/v2\/media?parent=2036"}],"curies":[{"name":"wp","href":"https:\/\/api.w.org\/{rel}","templated":true}]}}