{"id":2041,"date":"2023-04-14T15:44:23","date_gmt":"2023-04-14T13:44:23","guid":{"rendered":"https:\/\/www.discusfood.com\/de\/?page_id=2041"},"modified":"2026-03-31T08:29:32","modified_gmt":"2026-03-31T08:29:32","slug":"beefheart-softgranulat-80g","status":"publish","type":"page","link":"https:\/\/www.discusfood.com\/de\/fischfutter\/granulate-fur-diskus\/beefheart-softgranulat-80g","title":{"rendered":"Beef Heart Softgranulat"},"content":{"rendered":"<p><img loading=\"lazy\" decoding=\"async\" class=\"wp-image-2260 size-medium alignleft\" src=\"https:\/\/www.discusfood.com\/de\/wp-content\/uploads\/sites\/3\/2023\/05\/20071-2-v1-e1686401956517-172x300.jpg\" alt=\"\" width=\"172\" height=\"300\" \/><\/p>\n<p><strong>Beef Heart Softgranulat \u2013 Alleinfutter f\u00fcr alle Diskusfische<\/strong><\/p>\n<p>Neben unseren Best Heart Flakes bieten wir von Discusfood Ihnen mit dem \u201eBeefheart Granulate\u201c eine zus\u00e4tzliche M\u00f6glichkeit auf das nicht unumstrittene Frostfutter zu verzichten und trotzdem die Vorteile der Rinderproteine nutzen zu k\u00f6nnen. Vom Standpunkt der Nat\u00fcrlichkeit aus betrachtet fressen Diskusfische keine K\u00fche. Allerdings liegt das Augenmerk hier selbstverst\u00e4ndlich darauf seinen Sch\u00fctzlingen eine gut zu verwertende Proteinquelle bereit zu stellen, um sie eben nicht dem Druck der nat\u00fcrlichen Selektion auszusetzen, sondern die Tiere auf Seiten des Futters bestm\u00f6glich zu versorgen.<br \/>\nRohes Rinderherz, wie es zum Beispiel in Frostfutter verarbeitet wird, enth\u00e4lt langkettige Kollagene, welche der Diskus wegen fehlender Enzyme nicht ausreichend aufspalten kann. Diese unverdaulichen Rinderproteine k\u00f6nnen sich schichtartig an der Darmwand anlagern und erm\u00f6glichen dadurch eine starke Vermehrung von Parasiten wie zum Beispiel Flagellaten. L\u00e4ngere Zeit mit rohem Rinderherz gef\u00fctterte Fische k\u00f6nnen daher geschw\u00e4cht und ausgemergelt erscheinen und im weiteren Verlauf sogar die sogenannte Lochkrankheit ausbilden. Um diesem Problem vorzubeugen verarbeitet Discusfood im \u201eBeefheart Granulate\u201c nur die gut verdaulichen Rinderproteine, alle sch\u00e4dlichen Stoffe wurden entfernt. Die zus\u00e4tzliche Anreicherung mit allen wichtigen Vitaminen, Mineralien und Ballaststoffen ergibt somit ein rundum ausgewogenes Hauptfutter zur optimalen F\u00f6rderung von Wachstum und Gesundheit Ihrer Zierfische.<br \/>\nNicht zuletzt sei die vielfach geringere Wasserbelastung durch das Granulat im Vergleich zum Frostfutter erw\u00e4hnt, weil zum Beispiel ohne Blut gearbeitet wird und das Granulat seine Form im Wasser l\u00e4ngere Zeit beibeh\u00e4lt.<br \/>\nDie Softung des Granulates ist eine Besonderheit, welche die Akzeptanz und die Verdaulichkeit des Futters noch weiter heraufsetzt.<\/p>\n<p><strong>Zusammensetzung:<\/strong> Fischmehl, Weizenkleber, Fisch\u00f6l, Weizen, Rinderprotein, Krillmehl.<br \/>\n<strong>Analytische Bestandteile:<\/strong> Rohprotein 48,8 %, Rohfett 13,6 %, Rohasche 8,3 %, Rohfaser 0,7 %<br \/>\n<strong>Zusatzstoffe je kg:<\/strong> Vitamine: A (3a672a) 20000 IE, D3 (3a671) 2600 IE; mit Farbstoffen; Spurenelemente: Mn (3b503) 8 mg, Zn (3b605) 70 mg; mit Antioxidantien.<\/p>\n<p><strong>F\u00fctterungsempfehlung:<\/strong> F\u00fcttern Sie 2-3 x t\u00e4glich so viel, wie die Fische innerhalb 2-5 Minuten fressen. \u00dcberf\u00fcttern Sie die Fische nicht!<\/p>\n<p><strong>Nicht f\u00fcr den menschlichen Verzehr! K\u00dcHL UND TROCKEN LAGERN!<\/strong><\/p>\n<p><strong><img loading=\"lazy\" decoding=\"async\" class=\"alignleft size-medium wp-image-2260\" src=\"\/de\/wp-content\/uploads\/sites\/3\/2023\/05\/20071-2-v1-e1686401956517-172x300.jpg\" alt=\"\" width=\"172\" height=\"300\" \/><br \/>\nBeef Heart Softgranulat 80g<br \/>\nArtikel Nr.:<\/strong> 20071<\/p>\n<p>&nbsp;<\/p>\n<p>&nbsp;<\/p>\n<p>&nbsp;<\/p>\n<p><strong><br \/>\n<img loading=\"lazy\" decoding=\"async\" class=\"alignleft size-medium wp-image-2280\" src=\"\/de\/wp-content\/uploads\/sites\/3\/2023\/05\/20712-2-v1-e1686401849907-212x300.jpg\" alt=\"\" width=\"212\" height=\"300\" \/><br \/>\nBeef Heart Softgranulat 230g<\/strong><br \/>\n<strong>Artikel Nr.:<\/strong> 20712<\/p>\n<p>&nbsp;<\/p>\n<p>&nbsp;<\/p>\n<p>&nbsp;<\/p>\n<p><img loading=\"lazy\" decoding=\"async\" class=\"alignleft wp-image-3061 size-medium\" src=\"https:\/\/www.discusfood.com\/de\/wp-content\/uploads\/sites\/3\/2026\/03\/20711-168x300.webp\" alt=\"20711 Beef Heart Soft Granulate 1000 ml\" width=\"168\" height=\"300\" \/><\/p>\n<p><strong><br \/>\nBeef Heart Softgranulat 550g<\/strong><br \/>\n<strong>Artikel Nr.<\/strong>: 20711<\/p>\n<p>&nbsp;<\/p>\n<p>&nbsp;<\/p>\n<p>&nbsp;<\/p>\n<p><strong><br \/>\n<img loading=\"lazy\" decoding=\"async\" class=\"alignleft size-medium wp-image-2087\" src=\"\/de\/wp-content\/uploads\/sites\/3\/2023\/04\/20715-v1-e1686401890165-300x276.jpg\" alt=\"\" width=\"300\" height=\"276\" \/><br \/>\nBeef Heart Softgranulat 2800g<\/strong><br \/>\n<strong>Artikel Nr.:<\/strong> 20715<\/p>\n<p>&nbsp;<\/p>\n<p>&nbsp;<\/p>\n<p>&nbsp;<\/p>\n<p><strong>Hier Artikel kaufen<\/strong> \u2013 <a href=\"https:\/\/www.amazon.de\/Essen-gr\u00e1nulo-Fische-Beef-Heart-DISCUSFOOD\/dp\/B01M1NO675\/ref=sr_1_3?__mk_de_DE=\u00c5M\u00c5\u017d\u00d5\u00d1&amp;crid=1DIXLULSXLRQ3&amp;keywords=Beefheart+Softgranulat+80g&amp;qid=1681479558&amp;sprefix=beefheart+softgranulat+80g%2Caps%2C201&amp;sr=8-3\" target=\"_blank\" rel=\"noopener\">AMAZON.de<\/a><\/p>\n","protected":false},"excerpt":{"rendered":"<p>Beef Heart Softgranulat \u2013 Alleinfutter f\u00fcr alle Diskusfische Neben unseren Best Heart Flakes bieten wir von Discusfood Ihnen mit dem&hellip;<\/p>\n","protected":false},"author":2,"featured_media":0,"parent":1976,"menu_order":1,"comment_status":"closed","ping_status":"closed","template":"","meta":{"footnotes":""},"class_list":["post-2041","page","type-page","status-publish","hentry"],"_links":{"self":[{"href":"https:\/\/www.discusfood.com\/de\/wp-json\/wp\/v2\/pages\/2041","targetHints":{"allow":["GET"]}}],"collection":[{"href":"https:\/\/www.discusfood.com\/de\/wp-json\/wp\/v2\/pages"}],"about":[{"href":"https:\/\/www.discusfood.com\/de\/wp-json\/wp\/v2\/types\/page"}],"author":[{"embeddable":true,"href":"https:\/\/www.discusfood.com\/de\/wp-json\/wp\/v2\/users\/2"}],"replies":[{"embeddable":true,"href":"https:\/\/www.discusfood.com\/de\/wp-json\/wp\/v2\/comments?post=2041"}],"version-history":[{"count":15,"href":"https:\/\/www.discusfood.com\/de\/wp-json\/wp\/v2\/pages\/2041\/revisions"}],"predecessor-version":[{"id":3074,"href":"https:\/\/www.discusfood.com\/de\/wp-json\/wp\/v2\/pages\/2041\/revisions\/3074"}],"up":[{"embeddable":true,"href":"https:\/\/www.discusfood.com\/de\/wp-json\/wp\/v2\/pages\/1976"}],"wp:attachment":[{"href":"https:\/\/www.discusfood.com\/de\/wp-json\/wp\/v2\/media?parent=2041"}],"curies":[{"name":"wp","href":"https:\/\/api.w.org\/{rel}","templated":true}]}}