{"id":2045,"date":"2023-04-14T15:53:59","date_gmt":"2023-04-14T13:53:59","guid":{"rendered":"https:\/\/www.discusfood.com\/de\/?page_id=2045"},"modified":"2025-09-16T08:16:13","modified_gmt":"2025-09-16T08:16:13","slug":"guppy-super-special-80g","status":"publish","type":"page","link":"https:\/\/www.discusfood.com\/de\/fischfutter\/granulate-verschiedene\/guppy-super-special-80g","title":{"rendered":"Guppy Super Special 80g"},"content":{"rendered":"<p><img loading=\"lazy\" decoding=\"async\" class=\"wp-image-2262 size-medium alignleft\" src=\"https:\/\/www.discusfood.com\/de\/wp-content\/uploads\/sites\/3\/2023\/05\/20073-2-v1-e1686401422390-172x300.jpg\" alt=\"\" width=\"172\" height=\"300\" \/><\/p>\n<p><strong>Guppy Super Special 80g<\/strong><\/p>\n<p>Auf die speziellen Ern\u00e4hrungsgewohnheiten von Hochzuchtguppys abgestimmtes Softgranulat.<\/p>\n<p><strong>Zusammensetzung:<\/strong> Fischmehl, Weizenkleber, Krillmehl, pflanzliche Nebenprodukte, Weizen, Lecithin, Fisch\u00f6l, Multivitaminkomplex.<br \/>\n<strong>Analytische Bestandteile:<\/strong> Rohprotein 51,2 %, Rohfett 6,5 %, Rohasche 9,6 %, Rohfaser 0,8 %<br \/>\n<strong>Zusatzstoffe je kg:<\/strong> Vitamine: A (3a672a) 20000 IE, D3 (3a671) 2000 IE; Spurenelemente: Mn (3b503) 10 mg, Zn (3b605) 24 mg; mit Antioxidantien.<\/p>\n<p><strong>F\u00fctterungsempfehlung:<\/strong> F\u00fcttern Sie 2-3 x t\u00e4glich so viel, wie die Fische innerhalb 2-5 Minuten fressen. \u00dcberf\u00fcttern Sie die Fische nicht!<\/p>\n<p><strong>Nicht f\u00fcr den menschlichen Verzehr! K\u00dcHL UND TROCKEN LAGERN!<\/strong><\/p>\n<p><strong>Artikel Nr.:<\/strong> 20073<\/p>\n<p><strong>Hier Artikel kaufen<\/strong> \u2013 <a href=\"https:\/\/www.amazon.de\/GUPPY-food-Guppy-Super-Special\/dp\/B019E0VYCY\/ref=sr_1_1?__mk_de_DE=\u00c5M\u00c5\u017d\u00d5\u00d1&amp;crid=B4N9ACAV8TVZ&amp;keywords=Guppy+Super+Special+80g&amp;qid=1681480229&amp;sprefix=guppy+super+special+80g%2Caps%2C213&amp;sr=8-1\" target=\"_blank\" rel=\"noopener\">AMAZON.de<\/a><\/p>\n","protected":false},"excerpt":{"rendered":"<p>Guppy Super Special 80g Auf die speziellen Ern\u00e4hrungsgewohnheiten von Hochzuchtguppys abgestimmtes Softgranulat. Zusammensetzung: Fischmehl, Weizenkleber, Krillmehl, pflanzliche Nebenprodukte, Weizen, Lecithin,&hellip;<\/p>\n","protected":false},"author":2,"featured_media":0,"parent":1978,"menu_order":5,"comment_status":"closed","ping_status":"closed","template":"","meta":{"footnotes":""},"class_list":["post-2045","page","type-page","status-publish","hentry"],"_links":{"self":[{"href":"https:\/\/www.discusfood.com\/de\/wp-json\/wp\/v2\/pages\/2045","targetHints":{"allow":["GET"]}}],"collection":[{"href":"https:\/\/www.discusfood.com\/de\/wp-json\/wp\/v2\/pages"}],"about":[{"href":"https:\/\/www.discusfood.com\/de\/wp-json\/wp\/v2\/types\/page"}],"author":[{"embeddable":true,"href":"https:\/\/www.discusfood.com\/de\/wp-json\/wp\/v2\/users\/2"}],"replies":[{"embeddable":true,"href":"https:\/\/www.discusfood.com\/de\/wp-json\/wp\/v2\/comments?post=2045"}],"version-history":[{"count":8,"href":"https:\/\/www.discusfood.com\/de\/wp-json\/wp\/v2\/pages\/2045\/revisions"}],"predecessor-version":[{"id":2889,"href":"https:\/\/www.discusfood.com\/de\/wp-json\/wp\/v2\/pages\/2045\/revisions\/2889"}],"up":[{"embeddable":true,"href":"https:\/\/www.discusfood.com\/de\/wp-json\/wp\/v2\/pages\/1978"}],"wp:attachment":[{"href":"https:\/\/www.discusfood.com\/de\/wp-json\/wp\/v2\/media?parent=2045"}],"curies":[{"name":"wp","href":"https:\/\/api.w.org\/{rel}","templated":true}]}}