{"id":2053,"date":"2023-04-14T16:18:07","date_gmt":"2023-04-14T14:18:07","guid":{"rendered":"https:\/\/www.discusfood.com\/de\/?page_id=2053"},"modified":"2025-09-16T08:00:58","modified_gmt":"2025-09-16T08:00:58","slug":"breeder-starter-food-i-softgranulate-500g","status":"publish","type":"page","link":"https:\/\/www.discusfood.com\/de\/fischfutter\/granulate-fur-diskus\/breeder-starter-food-i-softgranulate-500g","title":{"rendered":"Breeder Starter Food I Softgranulate 500g"},"content":{"rendered":"<p><img loading=\"lazy\" decoding=\"async\" class=\"size-medium wp-image-2055 alignleft\" src=\"https:\/\/www.discusfood.com\/de\/wp-content\/uploads\/sites\/3\/2023\/04\/20083_vorne-v1-205x300.jpg\" alt=\"\" width=\"205\" height=\"300\" \/><\/p>\n<p><strong>Breeder Starter Food I Soft-Granulat 500 g f\u00fcr Fische von 1 &#8211; 3 cm<\/strong><\/p>\n<p>Sobald junge Diskus in der Lage sind ihr Futter vom Boden aufzunehmen ist \u201eBreeder Starter Food 1\u201c das ideale Hauptfutter zur Aufzucht. In der Praxis werden ab dem f\u00fcnften Tag des Freischwimmens, zus\u00e4tzlich zu dem N\u00e4hrschleim der Elterntiere, lebendige Artemia Nauplien angeboten. Bereits ein paar Tage darauf fressen die Jungtiere herabgefallene Nauplien auch vom Boden. Ab diesem Zeitpunkt k\u00f6nnen Sie damit beginnen dieses hochqualitative Futter anzubieten um das Wachstum optimal zu f\u00f6rdern. Ab einer Gr\u00f6\u00dfe von ca. 3 cm sollte den jungen Diskus das etwas gr\u00f6\u00dfere \u201eBreeder Starter Food 2\u201c als Folgefutter angeboten werden. Auch zur Aufzucht anderer Arten geeignet! F\u00fcttern Sie Ihre Jungfische 5 &#8211; 8 mal t\u00e4glich!<\/p>\n<p><strong>Zusammensetzung:<\/strong> Fischmehl, Weizenkleber, Krillmehl, pflanzliche Nebenerzeugnisse, Weizen, Lecithin, Fisch\u00f6l, Multivitaminkomplex, Farbstoffe.<br \/>\n<strong>Analytische Bestandteile:<\/strong> Rohprotein 51,2 %, Rohfett 6,5 %, Rohasche 9,6 %, Rohfaser 0,8 %<br \/>\n<strong>Zusatzstoffe je kg:<\/strong> Vitamine: A (3a672a) 20000 IE, D3 (3a671) 2000 IE; mit Farbstoffen; Spurenelemente: Mn (3b503) 10 mg, Zn (3b605) 24 mg; mit Antioxidantien.<br \/>\nAlleinfutter f\u00fcr Zierfische!<\/p>\n<p><strong>F\u00fctterungsempfehlung:<\/strong> F\u00fcttern Sie 2-3 x t\u00e4glich so viel, wie die Fische innerhalb 2-5 Minuten fressen. \u00dcberf\u00fcttern Sie die Fische nicht!<\/p>\n<p><strong>Nicht f\u00fcr den menschlichen Verzehr! K\u00dcHL UND TROCKEN LAGERN!<\/strong><\/p>\n<p><strong>Artikel Nr.<\/strong>: 20083<\/p>\n<p><strong>Hier Artikel kaufen<\/strong> \u2013 <a href=\"https:\/\/www.amazon.de\/Essen-Jungfische-Goldfish-Starter-Food-500\/dp\/B019DXB3LY\/ref=sr_1_1?__mk_de_DE=\u00c5M\u00c5\u017d\u00d5\u00d1&amp;crid=XFNU6JLAQ4MI&amp;keywords=Breeder+Starter+Food+I+Softgranulate+500g&amp;qid=1681481162&amp;sprefix=breeder+starter+food+i+softgranulate+500g%2Caps%2C213&amp;sr=8-1\" target=\"_blank\" rel=\"noopener\">AMAZON.de<\/a><\/p>\n","protected":false},"excerpt":{"rendered":"<p>Breeder Starter Food I Soft-Granulat 500 g f\u00fcr Fische von 1 &#8211; 3 cm Sobald junge Diskus in der Lage&hellip;<\/p>\n","protected":false},"author":2,"featured_media":0,"parent":1976,"menu_order":4,"comment_status":"closed","ping_status":"closed","template":"","meta":{"footnotes":""},"class_list":["post-2053","page","type-page","status-publish","hentry"],"_links":{"self":[{"href":"https:\/\/www.discusfood.com\/de\/wp-json\/wp\/v2\/pages\/2053","targetHints":{"allow":["GET"]}}],"collection":[{"href":"https:\/\/www.discusfood.com\/de\/wp-json\/wp\/v2\/pages"}],"about":[{"href":"https:\/\/www.discusfood.com\/de\/wp-json\/wp\/v2\/types\/page"}],"author":[{"embeddable":true,"href":"https:\/\/www.discusfood.com\/de\/wp-json\/wp\/v2\/users\/2"}],"replies":[{"embeddable":true,"href":"https:\/\/www.discusfood.com\/de\/wp-json\/wp\/v2\/comments?post=2053"}],"version-history":[{"count":3,"href":"https:\/\/www.discusfood.com\/de\/wp-json\/wp\/v2\/pages\/2053\/revisions"}],"predecessor-version":[{"id":2878,"href":"https:\/\/www.discusfood.com\/de\/wp-json\/wp\/v2\/pages\/2053\/revisions\/2878"}],"up":[{"embeddable":true,"href":"https:\/\/www.discusfood.com\/de\/wp-json\/wp\/v2\/pages\/1976"}],"wp:attachment":[{"href":"https:\/\/www.discusfood.com\/de\/wp-json\/wp\/v2\/media?parent=2053"}],"curies":[{"name":"wp","href":"https:\/\/api.w.org\/{rel}","templated":true}]}}