{"id":2105,"date":"2023-04-24T15:35:19","date_gmt":"2023-04-24T13:35:19","guid":{"rendered":"https:\/\/www.discusfood.com\/de\/?page_id=2105"},"modified":"2025-09-16T08:15:58","modified_gmt":"2025-09-16T08:15:58","slug":"guppy-super-color-80g","status":"publish","type":"page","link":"https:\/\/www.discusfood.com\/de\/fischfutter\/granulate-verschiedene\/guppy-super-color-80g","title":{"rendered":"Guppy Super Color 80g"},"content":{"rendered":"<p><img loading=\"lazy\" decoding=\"async\" class=\"wp-image-2287 size-medium alignleft\" src=\"https:\/\/www.discusfood.com\/de\/wp-content\/uploads\/sites\/3\/2023\/05\/27475-2-v1-e1686401369748-172x300.jpg\" alt=\"\" width=\"172\" height=\"300\" \/><\/p>\n<p><strong>Guppy Super Color 80g<\/strong><\/p>\n<p>Auf die speziellen Ern\u00e4hrungsgewohnheiten von Hochzuchtguppys abgestimmtes Softgranulat mit farbverst\u00e4rkenden Inhaltsstoffen.<\/p>\n<p><strong>Zusammensetzung:<\/strong> Fischmehl, Weizenkleber, Krillmehl, pflanzliche Nebenerzeugnisse, Weizen, Lecithin, Fisch\u00f6l, Multivitaminkomplex, Farbstoffe.<br \/>\n<strong>Analytische Bestandteile:<\/strong> Rohprotein 51,2 %, Rohfett 6,5 %, Rohasche 9,6 %, Rohfaser 0,8 %<br \/>\n<strong>Zusatzstoffe je kg:<\/strong> Vitamine: A (3a672a) 20000 IE, D3 (3a671) 2000 IE; mit Farbstoffen; Spurenelemente: Mn (3b503) 10 mg, Zn (3b605) 24 mg; mit Antioxidantien.<br \/>\nAlleinfutter f\u00fcr Zierfische!<\/p>\n<p><strong>F\u00fctterungsempfehlung:<\/strong> F\u00fcttern Sie 2-3 x t\u00e4glich so viel, wie die Fische innerhalb 2-5 Minuten fressen. \u00dcberf\u00fcttern Sie die Fische nicht!<\/p>\n<p><strong>Nicht f\u00fcr den menschlichen Verzehr! K\u00dcHL UND TROCKEN LAGERN!<\/strong><\/p>\n<p><strong>Artikel Nr.:<\/strong> 27475<\/p>\n<p><strong>Hier Artikel kaufen<\/strong> \u2013 <a href=\"https:\/\/www.amazon.de\/Guppy-Super-Color-Granulate-Soft\/dp\/B08RP2WH4Z\/ref=sr_1_9?__mk_de_DE=\u00c5M\u00c5\u017d\u00d5\u00d1&amp;crid=1ZLPZ1TRE8VIA&amp;keywords=%22discusfood%22&amp;qid=1682342490&amp;rnid=1703609031&amp;s=pet-supplies&amp;sprefix=discusfood%2Caps%2C222&amp;sr=1-9\" target=\"_blank\" rel=\"noopener\">AMAZON.de<\/a><\/p>\n","protected":false},"excerpt":{"rendered":"<p>Guppy Super Color 80g Auf die speziellen Ern\u00e4hrungsgewohnheiten von Hochzuchtguppys abgestimmtes Softgranulat mit farbverst\u00e4rkenden Inhaltsstoffen. Zusammensetzung: Fischmehl, Weizenkleber, Krillmehl, pflanzliche&hellip;<\/p>\n","protected":false},"author":2,"featured_media":0,"parent":1978,"menu_order":4,"comment_status":"closed","ping_status":"closed","template":"","meta":{"footnotes":""},"class_list":["post-2105","page","type-page","status-publish","hentry"],"_links":{"self":[{"href":"https:\/\/www.discusfood.com\/de\/wp-json\/wp\/v2\/pages\/2105","targetHints":{"allow":["GET"]}}],"collection":[{"href":"https:\/\/www.discusfood.com\/de\/wp-json\/wp\/v2\/pages"}],"about":[{"href":"https:\/\/www.discusfood.com\/de\/wp-json\/wp\/v2\/types\/page"}],"author":[{"embeddable":true,"href":"https:\/\/www.discusfood.com\/de\/wp-json\/wp\/v2\/users\/2"}],"replies":[{"embeddable":true,"href":"https:\/\/www.discusfood.com\/de\/wp-json\/wp\/v2\/comments?post=2105"}],"version-history":[{"count":7,"href":"https:\/\/www.discusfood.com\/de\/wp-json\/wp\/v2\/pages\/2105\/revisions"}],"predecessor-version":[{"id":2888,"href":"https:\/\/www.discusfood.com\/de\/wp-json\/wp\/v2\/pages\/2105\/revisions\/2888"}],"up":[{"embeddable":true,"href":"https:\/\/www.discusfood.com\/de\/wp-json\/wp\/v2\/pages\/1978"}],"wp:attachment":[{"href":"https:\/\/www.discusfood.com\/de\/wp-json\/wp\/v2\/media?parent=2105"}],"curies":[{"name":"wp","href":"https:\/\/api.w.org\/{rel}","templated":true}]}}