{"id":2145,"date":"2023-04-25T10:42:00","date_gmt":"2023-04-25T08:42:00","guid":{"rendered":"https:\/\/www.discusfood.com\/de\/?page_id=2145"},"modified":"2025-12-19T17:42:29","modified_gmt":"2025-12-19T17:42:29","slug":"anti-tox-500-ml","status":"publish","type":"page","link":"https:\/\/www.discusfood.com\/de\/wasserpflege\/wasseraufbereiter\/anti-tox-500-ml","title":{"rendered":"Anti Tox"},"content":{"rendered":"<p><img loading=\"lazy\" decoding=\"async\" class=\"alignleft wp-image-2143 size-medium\" src=\"https:\/\/www.discusfood.com\/de\/wp-content\/uploads\/sites\/3\/2023\/04\/Flasche500-ANTI-TOX-01-e1686402700625-87x300.jpg\" alt=\"\" width=\"87\" height=\"300\" \/><\/p>\n<h2><strong>Anti Tox \u2013 Fl\u00fcssiges Filtermedium<\/strong><\/h2>\n<p>Anti Tox enth\u00e4lt hochqualitative hoch-aktive Zeolithe. Diese eignen sich hervorragend zur schnellen Beseitigung von giftigen Wasserbelastungen, beim Ausfall der Filteranlage und ganz grundlegend zur Aufbereitung von Frischwasser.<br \/>\nAnti Tox bindet Schwermetalle wie Kupfer, Zink und Cadmium, sowie Ammonium, Chlor und andere Schadstoffe wirkt u.a. als Pflege-Tonikum, Wasseraufbereiter, Pr\u00e4ventivschutz, Appetiterreger, Zuchtf\u00f6rderer und Wasserkl\u00e4rer<br \/>\nUnterst\u00fctzt die Leistung des Biofilters<br \/>\nEnth\u00e4lt keine Chemikalien oder Bakterien, 100 % naturell<\/p>\n<p>Anti Tox ist eine Suspension. Bei l\u00e4ngerer Lagerung setzen sich die hochwirksamen, feinen Zeolithe am Boden der Flasche ab. F\u00fcr eine gute Verteilung in der Flasche BITTE 40 SEKUNDEN LANG SCH\u00dcTTELN! Nach der Zugabe ins Aquarium stellt sich eine leichte milchige Tr\u00fcbung ein. Das ist gewollt und zeigt eine gleichm\u00e4\u00dfige Verteilung der Wirkstoffe im Wasserk\u00f6rper an. Eine \u00dcberdosierung ist bei sachgem\u00e4\u00dfer Anwendung nicht zu erwarten.<br \/>\nBei jedem Wasserwechsel werden 10 ml Anti Tox pro 100 l Frischwasser zugegeben. Zwischen den Wasserwechseln betr\u00e4gt die optimale Dosierung 5 ml bei geringem Besatz, 10 ml bei normalem Besatz und 20 ml bei hoher Besatzdichte auf 100 l Aquariumwasser.<br \/>\nDie H\u00e4ufigkeit der Anwendung ist allein abh\u00e4ngig von der Wasserqualit\u00e4t.<\/p>\n<h3><strong>Nicht f\u00fcr den menschlichen Verzehr! K\u00dcHL UND TROCKEN LAGERN!<\/strong><\/h3>\n<p><strong><img loading=\"lazy\" decoding=\"async\" class=\"alignleft size-medium wp-image-2143\" src=\"\/de\/wp-content\/uploads\/sites\/3\/2023\/04\/Flasche500-ANTI-TOX-01-e1686402700625-87x300.jpg\" alt=\"\" width=\"87\" height=\"300\" \/><br \/>\nAnti Tox 500 ml<br \/>\nArtikel Nr.:<\/strong> 25405<\/p>\n<p>&nbsp;<\/p>\n<p>&nbsp;<\/p>\n<p>&nbsp;<\/p>\n<p><strong><img loading=\"lazy\" decoding=\"async\" class=\"alignleft size-medium wp-image-2150\" src=\"\/de\/wp-content\/uploads\/sites\/3\/2023\/04\/3171_Product-e1686402792453-220x300.jpg\" alt=\"\" width=\"220\" height=\"300\" \/><br \/>\nAnti Tox 5000 ml<\/strong><br \/>\n<strong>Artikel Nr.:<\/strong> 25450<\/p>\n<p>&nbsp;<\/p>\n<p>&nbsp;<\/p>\n<p>&nbsp;<\/p>\n<h2><a href=\"https:\/\/www.discusfood.com\/de\/wp-content\/uploads\/sites\/3\/2023\/10\/Sicherheitsdatenblatt_Anti-Tox_21.01.2021.pdf\" target=\"_blank\" rel=\"noopener\"><strong>Sicherheitsdatenblatt<\/strong><\/a><\/h2>\n<p><strong>Hier Artikel kaufen<\/strong> \u2013 <a href=\"https:\/\/www.amazon.de\/Discusfood-Wasseraufbereiter-hoch-qualitativen-mokronisierten-Filtermedium\/dp\/B07PDMP8YW\/ref=sr_1_1?__mk_de_DE=\u00c5M\u00c5\u017d\u00d5\u00d1&amp;crid=3GX4GM159DA7N&amp;keywords=Discusfood+%22Anti+Tox%22+Wasseraufbereiter&amp;qid=1682411506&amp;sprefix=discusfood+%22anti+tox%22+wasseraufbereiter%2Caps%2C95&amp;sr=8-1\" target=\"_blank\" rel=\"noopener\">AMAZON.de<\/a><\/p>\n","protected":false},"excerpt":{"rendered":"<p>Anti Tox \u2013 Fl\u00fcssiges Filtermedium Anti Tox enth\u00e4lt hochqualitative hoch-aktive Zeolithe. Diese eignen sich hervorragend zur schnellen Beseitigung von giftigen&hellip;<\/p>\n","protected":false},"author":2,"featured_media":0,"parent":2109,"menu_order":5,"comment_status":"closed","ping_status":"closed","template":"","meta":{"footnotes":""},"class_list":["post-2145","page","type-page","status-publish","hentry"],"_links":{"self":[{"href":"https:\/\/www.discusfood.com\/de\/wp-json\/wp\/v2\/pages\/2145","targetHints":{"allow":["GET"]}}],"collection":[{"href":"https:\/\/www.discusfood.com\/de\/wp-json\/wp\/v2\/pages"}],"about":[{"href":"https:\/\/www.discusfood.com\/de\/wp-json\/wp\/v2\/types\/page"}],"author":[{"embeddable":true,"href":"https:\/\/www.discusfood.com\/de\/wp-json\/wp\/v2\/users\/2"}],"replies":[{"embeddable":true,"href":"https:\/\/www.discusfood.com\/de\/wp-json\/wp\/v2\/comments?post=2145"}],"version-history":[{"count":9,"href":"https:\/\/www.discusfood.com\/de\/wp-json\/wp\/v2\/pages\/2145\/revisions"}],"predecessor-version":[{"id":2980,"href":"https:\/\/www.discusfood.com\/de\/wp-json\/wp\/v2\/pages\/2145\/revisions\/2980"}],"up":[{"embeddable":true,"href":"https:\/\/www.discusfood.com\/de\/wp-json\/wp\/v2\/pages\/2109"}],"wp:attachment":[{"href":"https:\/\/www.discusfood.com\/de\/wp-json\/wp\/v2\/media?parent=2145"}],"curies":[{"name":"wp","href":"https:\/\/api.w.org\/{rel}","templated":true}]}}