{"id":2154,"date":"2023-04-25T11:00:51","date_gmt":"2023-04-25T09:00:51","guid":{"rendered":"https:\/\/www.discusfood.com\/de\/?page_id=2154"},"modified":"2025-12-19T17:43:01","modified_gmt":"2025-12-19T17:43:01","slug":"catappa-royal-500-ml","status":"publish","type":"page","link":"https:\/\/www.discusfood.com\/de\/wasserpflege\/wasseraufbereiter\/catappa-royal-500-ml","title":{"rendered":"Catappa Royal 500 ml"},"content":{"rendered":"<h2><img loading=\"lazy\" decoding=\"async\" class=\"alignleft wp-image-1601 size-medium\" src=\"https:\/\/www.discusfood.com\/de\/wp-content\/uploads\/sites\/3\/2021\/01\/25505_a_1600x1200-2-111x300.jpg\" alt=\"\" width=\"111\" height=\"300\" \/><strong>Catappa Royal<\/strong><\/h2>\n<p>Es unterst\u00fctzt und st\u00e4rkt das Immunsystem von Ihren Fischen. Es kann die Qualit\u00e4t des Fischwassers durch Keimreduzierung erheblich verbessern. Der Laich ist vor Pilzbefall besser gesch\u00fctzt. Fische, die unter Flossenf\u00e4ule und Entz\u00fcndungen leiden, k\u00f6nnen schneller genesen. All diese Faktoren wirken positiv im Kampf gegen Fischkrankheiten wie z. B. die P\u00fcnktchen-Krankheit bei Salmern, die sogenannte Glotzaugen-Krankheit und die Lochkrankheit bei Diskusfischen.<br \/>\nDie Schleimh\u00e4ute werden besonders nachhaltig gesch\u00fctzt.<br \/>\nDas ergiebige Premium-Konzentrat eignet sich besonders beim Einrichten eines neuen Aquariums, sowie bei der Einrichtung eines Zuchtbeckens, bei der Haltung empfindlicher Fischarten, w\u00e4hrend des Transports eines Fisches in ein neues Aquarium, w\u00e4hrend einer bakteriellen Erkrankung des Fisches oder w\u00e4hrend der Laichphase bei Diskusfischen und anderen Arten. Schaffen Sie mit einem 100 % nat\u00fcrlichen Mittel ein fischgerechtes Wasser.<\/p>\n<p><strong>Dosierung:<\/strong> Geben Sie w\u00f6chentlich &amp; nach jedem Wasserwechsel 10ml des Konzentrats auf 100l Aquarienwasser. Bei der Behandlung von Krankheiten und bei Pilzbefall kann die Dosierung ohne Weiteres auf 20ml bzw. 30ml erh\u00f6ht werden.<\/p>\n<h3><strong>Nicht f\u00fcr den menschlichen Verzehr! K\u00dcHL UND TROCKEN LAGERN!<\/strong><\/h3>\n<p><strong>Artikel Nr.:<\/strong> 25505<\/p>\n<h2><a href=\"https:\/\/www.discusfood.com\/de\/wp-content\/uploads\/sites\/3\/2023\/10\/Sicherheitsdatenblatt_Royal-Catappa_21.01.2021.pdf\" target=\"_blank\" rel=\"noopener\"><strong>Sicherheitsdatenblatt<\/strong><\/a><\/h2>\n<p><strong>Hier Artikel kaufen<\/strong> \u2013 <a href=\"https:\/\/www.amazon.de\/Discusfood-Royal-Catappa\/dp\/B08NXKCZ9R\/ref=sr_1_1?__mk_de_DE=\u00c5M\u00c5\u017d\u00d5\u00d1&amp;crid=35HL3VHN3DWK7&amp;keywords=%22royal+catappa%22&amp;qid=1682413222&amp;sprefix=royal+catappa%22%2Caps%2C90&amp;sr=8-1\" target=\"_blank\" rel=\"noopener\">AMAZON.de<\/a><\/p>\n","protected":false},"excerpt":{"rendered":"<p>Catappa Royal Es unterst\u00fctzt und st\u00e4rkt das Immunsystem von Ihren Fischen. Es kann die Qualit\u00e4t des Fischwassers durch Keimreduzierung erheblich&hellip;<\/p>\n","protected":false},"author":2,"featured_media":0,"parent":2109,"menu_order":7,"comment_status":"closed","ping_status":"closed","template":"","meta":{"footnotes":""},"class_list":["post-2154","page","type-page","status-publish","hentry"],"_links":{"self":[{"href":"https:\/\/www.discusfood.com\/de\/wp-json\/wp\/v2\/pages\/2154","targetHints":{"allow":["GET"]}}],"collection":[{"href":"https:\/\/www.discusfood.com\/de\/wp-json\/wp\/v2\/pages"}],"about":[{"href":"https:\/\/www.discusfood.com\/de\/wp-json\/wp\/v2\/types\/page"}],"author":[{"embeddable":true,"href":"https:\/\/www.discusfood.com\/de\/wp-json\/wp\/v2\/users\/2"}],"replies":[{"embeddable":true,"href":"https:\/\/www.discusfood.com\/de\/wp-json\/wp\/v2\/comments?post=2154"}],"version-history":[{"count":6,"href":"https:\/\/www.discusfood.com\/de\/wp-json\/wp\/v2\/pages\/2154\/revisions"}],"predecessor-version":[{"id":2981,"href":"https:\/\/www.discusfood.com\/de\/wp-json\/wp\/v2\/pages\/2154\/revisions\/2981"}],"up":[{"embeddable":true,"href":"https:\/\/www.discusfood.com\/de\/wp-json\/wp\/v2\/pages\/2109"}],"wp:attachment":[{"href":"https:\/\/www.discusfood.com\/de\/wp-json\/wp\/v2\/media?parent=2154"}],"curies":[{"name":"wp","href":"https:\/\/api.w.org\/{rel}","templated":true}]}}