{"id":2240,"date":"2023-05-03T15:49:59","date_gmt":"2023-05-03T13:49:59","guid":{"rendered":"https:\/\/www.discusfood.com\/de\/?page_id=2240"},"modified":"2025-09-16T07:54:53","modified_gmt":"2025-09-16T07:54:53","slug":"freshwater-crab-50-micro-granulate-soft-45-g","status":"publish","type":"page","link":"https:\/\/www.discusfood.com\/de\/fischfutter\/freshwater-crab\/freshwater-crab-50-micro-granulate-soft-45-g","title":{"rendered":"Discusfood Freshwater Crab 50% 45g \u2013 Micro-Softgranulat f\u00fcr Zierfische"},"content":{"rendered":"<p><img loading=\"lazy\" decoding=\"async\" class=\"alignleft wp-image-2242 size-medium\" src=\"https:\/\/www.discusfood.com\/de\/wp-content\/uploads\/sites\/3\/2023\/05\/22062_1-e1686401038504-300x207.jpg\" alt=\"\" width=\"300\" height=\"207\" \/><\/p>\n<p><strong>Micro-Softgranulat mit 50% Krebsanteil &#8211; 45g Inhalt<\/strong><\/p>\n<p>Discusfood Freshwater Crab 50% Micro-Softgranulat ist ein hochwertiges Alleinfutter f\u00fcr kleine Zierfische, Garnelen und Jungfische. Mit einem Anteil von 50\u202f% schonend getrocknetem S\u00fc\u00dfwasserkrebs liefert es essentielle N\u00e4hrstoffe f\u00fcr Gesundheit und Farbpracht. Die Verarbeitung der gesamten Krebse, einschlie\u00dflich der Panzer, sorgt f\u00fcr einen hohen Gehalt an Ballaststoffen, Xanthinen und Carotinoiden, die die nat\u00fcrliche Farbintensit\u00e4t Ihrer Fische f\u00f6rdern. Erg\u00e4nzt mit Vitaminen, Mineralien, Omega-3- und -6-Fetts\u00e4uren sowie Pr\u00e4- und Probiotika unterst\u00fctzt dieses Futter das Immunsystem und das Wohlbefinden Ihrer Aquarienbewohner.<br \/>\n50% S\u00fc\u00dfwasserkrebs ist ein Premiumfutter f\u00fcr alle omnivoren und carnivoren Aquarienbewohner.<\/p>\n<p><strong>Zusammensetzung:<\/strong> S\u00fc\u00dfwasserkrebs 50%, Pflanzenproteine, Reismehl, Lachs\u00f6l, Knoblauch 4%, Bierhefe, Kelp, Aminos\u00e4uren, Mineralstoffe, Pr\u00e4biotika und Probiotika.<br \/>\n<strong>Analytische Bestandteile:<\/strong> Rohprotein 33,5%, Rohfett 6,7%, Rohasche 10%, Rohfaser 2,7%<br \/>\n<strong>Zusatzstoffe je kg:<\/strong> Vitamine: A (3a672a) 28000 IE, C (3a300) 210 mg, D3 (3a671) 2100 IE; mit Farbstoffen; Spurenelemente: Fe (3b103) 33 mg, Mn (3b502) 43 mg, Zn (3b603) 42 mg; mit Antioxidantien.<\/p>\n<p><strong>F\u00fctterungsempfehlung:<\/strong> Alleinfuttermittel! F\u00fcttern Sie 2-3 x t\u00e4glich so viel, wie die Fische innerhalb 2-5 Minuten fressen. \u00dcberf\u00fcttern Sie die Fische nicht!<\/p>\n<p><strong>Nicht f\u00fcr den menschlichen Verzehr! K\u00dcHL UND TROCKEN LAGERN!<\/strong><\/p>\n<p><strong>Artikel Nr.:<\/strong> 22062<\/p>\n<p><strong>Hier Artikel kaufen<\/strong> \u2013 <a href=\"https:\/\/www.amazon.de\/Discusfood-Freshwater-Crab-50-Microgranulate\/dp\/B09TFDT877\/ref=sr_1_1?__mk_de_DE=\u00c5M\u00c5\u017d\u00d5\u00d1&amp;crid=1Y035O7IGECRJ&amp;keywords=Discusfood+Freshwater+Crab+50%25&amp;qid=1683120836&amp;s=pet-supplies&amp;sprefix=discusfood+freshwater+crab+50%25%2Cpets%2C90&amp;sr=1-1\" target=\"_blank\" rel=\"noopener\">AMAZON.de<\/a><\/p>\n","protected":false},"excerpt":{"rendered":"<p>Micro-Softgranulat mit 50% Krebsanteil &#8211; 45g Inhalt Discusfood Freshwater Crab 50% Micro-Softgranulat ist ein hochwertiges Alleinfutter f\u00fcr kleine Zierfische, Garnelen&hellip;<\/p>\n","protected":false},"author":2,"featured_media":0,"parent":1965,"menu_order":3,"comment_status":"closed","ping_status":"closed","template":"","meta":{"footnotes":""},"class_list":["post-2240","page","type-page","status-publish","hentry"],"_links":{"self":[{"href":"https:\/\/www.discusfood.com\/de\/wp-json\/wp\/v2\/pages\/2240","targetHints":{"allow":["GET"]}}],"collection":[{"href":"https:\/\/www.discusfood.com\/de\/wp-json\/wp\/v2\/pages"}],"about":[{"href":"https:\/\/www.discusfood.com\/de\/wp-json\/wp\/v2\/types\/page"}],"author":[{"embeddable":true,"href":"https:\/\/www.discusfood.com\/de\/wp-json\/wp\/v2\/users\/2"}],"replies":[{"embeddable":true,"href":"https:\/\/www.discusfood.com\/de\/wp-json\/wp\/v2\/comments?post=2240"}],"version-history":[{"count":6,"href":"https:\/\/www.discusfood.com\/de\/wp-json\/wp\/v2\/pages\/2240\/revisions"}],"predecessor-version":[{"id":2867,"href":"https:\/\/www.discusfood.com\/de\/wp-json\/wp\/v2\/pages\/2240\/revisions\/2867"}],"up":[{"embeddable":true,"href":"https:\/\/www.discusfood.com\/de\/wp-json\/wp\/v2\/pages\/1965"}],"wp:attachment":[{"href":"https:\/\/www.discusfood.com\/de\/wp-json\/wp\/v2\/media?parent=2240"}],"curies":[{"name":"wp","href":"https:\/\/api.w.org\/{rel}","templated":true}]}}