{"id":2689,"date":"2024-10-03T14:03:12","date_gmt":"2024-10-03T14:03:12","guid":{"rendered":"https:\/\/www.discusfood.com\/de\/?page_id=2689"},"modified":"2024-11-10T19:34:16","modified_gmt":"2024-11-10T19:34:16","slug":"blog","status":"publish","type":"page","link":"https:\/\/www.discusfood.com\/de\/blog","title":{"rendered":"Blog"},"content":{"rendered":"<h2>Die Entwicklung der &#8222;Vollextrudierten Granulatflocke&#8220;<\/h2>\n<p><img loading=\"lazy\" decoding=\"async\" class=\"alignleft size-thumbnail wp-image-2725\" src=\"\/de\/wp-content\/uploads\/sites\/3\/2024\/10\/df_flachgranulat-150x150.jpg\" alt=\"Discusfood Flachgranulat\" width=\"150\" height=\"150\" \/>Der folgende Beitrag erl\u00e4utert die Hintergr\u00fcnde, die zur Entwicklung der vollextrudierten Granulatflocke durch Discusfood f\u00fchrten.<br \/>\nIm Folgenden soll ein \u00dcberblick \u00fcber die historische Entwicklung von Trockenfutter f\u00fcr Zierfische sowie von Zierfischflocken gegeben werden.<br \/>\n<a href=\"https:\/\/www.discusfood.com\/de\/blog\/die-entwicklung-der-vollextrudierten-granulatflocke\">Hier weiterlesen<\/a><\/p>\n<hr \/>\n<h2>Katalog 2025<\/h2>\n<p><img loading=\"lazy\" decoding=\"async\" class=\"alignleft size-thumbnail wp-image-2707\" src=\"\/de\/wp-content\/uploads\/sites\/3\/2024\/10\/discusfood-katalog-2025-150x150.webp\" alt=\"Discusfood Katalog 2025\" width=\"150\" height=\"150\" \/>Unser neuer Informationskatalog ist jetzt verf\u00fcgbar! Er enth\u00e4lt alle wichtigen Informationen zu unseren Discusfood-Produkten.<br \/>\nSehen Sie ihn sich an oder laden Sie ihn sich direkt auf unserer Webseite herunter.<br \/>\n<a href=\"https:\/\/www.discusfood.com\/de\/katalog\">Link zum Katalog<\/a><\/p>\n","protected":false},"excerpt":{"rendered":"<p>Die Entwicklung der &#8222;Vollextrudierten Granulatflocke&#8220; Der folgende Beitrag erl\u00e4utert die Hintergr\u00fcnde, die zur Entwicklung der vollextrudierten Granulatflocke durch Discusfood f\u00fchrten.&hellip;<\/p>\n","protected":false},"author":2,"featured_media":0,"parent":0,"menu_order":0,"comment_status":"closed","ping_status":"closed","template":"","meta":{"footnotes":""},"class_list":["post-2689","page","type-page","status-publish","hentry"],"_links":{"self":[{"href":"https:\/\/www.discusfood.com\/de\/wp-json\/wp\/v2\/pages\/2689","targetHints":{"allow":["GET"]}}],"collection":[{"href":"https:\/\/www.discusfood.com\/de\/wp-json\/wp\/v2\/pages"}],"about":[{"href":"https:\/\/www.discusfood.com\/de\/wp-json\/wp\/v2\/types\/page"}],"author":[{"embeddable":true,"href":"https:\/\/www.discusfood.com\/de\/wp-json\/wp\/v2\/users\/2"}],"replies":[{"embeddable":true,"href":"https:\/\/www.discusfood.com\/de\/wp-json\/wp\/v2\/comments?post=2689"}],"version-history":[{"count":4,"href":"https:\/\/www.discusfood.com\/de\/wp-json\/wp\/v2\/pages\/2689\/revisions"}],"predecessor-version":[{"id":2733,"href":"https:\/\/www.discusfood.com\/de\/wp-json\/wp\/v2\/pages\/2689\/revisions\/2733"}],"wp:attachment":[{"href":"https:\/\/www.discusfood.com\/de\/wp-json\/wp\/v2\/media?parent=2689"}],"curies":[{"name":"wp","href":"https:\/\/api.w.org\/{rel}","templated":true}]}}