{"id":2827,"date":"2025-07-03T10:35:11","date_gmt":"2025-07-03T10:35:11","guid":{"rendered":"https:\/\/www.discusfood.com\/de\/?page_id=2827"},"modified":"2025-07-07T13:55:37","modified_gmt":"2025-07-07T13:55:37","slug":"discusfood-herbal-flatgranulat-30g","status":"publish","type":"page","link":"https:\/\/www.discusfood.com\/de\/fischfutter\/flachgranulat\/discusfood-herbal-flatgranulat-30g","title":{"rendered":"Discusfood Herbal Flatgranulat 30g"},"content":{"rendered":"<p><img loading=\"lazy\" decoding=\"async\" class=\"alignleft size-medium wp-image-2826\" src=\"\/de\/wp-content\/uploads\/sites\/3\/2025\/07\/Heikreuterfutter-e1751537634722-300x228.png\" alt=\"Heilkreuterfutter 30g\" width=\"300\" height=\"228\" \/><\/p>\n<h2>Discusfood Herbal Flatgranulat 30g<\/h2>\n<p>ist ein innovatives Flockenfutter, das speziell f\u00fcr die Bed\u00fcrfnisse empfindlicher Zierfische wie Diskus, Neonsalmler oder Skalare entwickelt wurde. Die Grundlage bildet ein Mikrogranulat, das durch ein besonderes Extrusionsverfahren in Flocken \u00e4hnlicher Form aufbereitet wird \u2013 dadurch ist es besonders leicht verdaulich und sinkt langsam ab.<br \/>\nDas Futter wurde \u00fcber 18 Monate in einer professionellen Diskus-Anlage unter realen Bedingungen getestet \u2013 mit hervorragenden Ergebnissen, insbesondere in Stresssituationen wie nach Importen, bei Quarant\u00e4ne oder w\u00e4hrend der Genesung nach Medikamenteneinsatz.<br \/>\nDank der hochwertigen Inhaltsstoffe wie Insektenprotein, marinen Zutaten, einem Heilkr\u00e4utermix sowie Probiotika und Pr\u00e4biotika<br \/>\nunterst\u00fctzt dieses Futter aktiv die Darmflora, st\u00e4rkt das Immunsystem und kann dabei helfen, pathogene Keime und Parasiten im Darm zu verdr\u00e4ngen.<br \/>\nIdeal f\u00fcr alle Aquarianer, die Wert auf gesunde, aktive und farbenpr\u00e4chtige Fische legen.<\/p>\n<p><strong>Zusammensetzung:<\/strong> Insektenprotein, Reis, Heilkr\u00e4utermix, Tintenfischmehl, Krill, Roggen, Hafer, Garnelenmehl, Erbsen, Bierhefe, Trockenalgen Spirulina, Chlorella, Lachs\u00f6l, Kr\u00e4uter\u00f6le, Pr\u00e4biotika, Probiotika.<br \/>\n<strong>Analytische Bestandteile:<\/strong> Protein 38 %, Fettgehalt 6,7 %, anorganische Stoffe 7 %, Rohfaser 4,3\u00a0%.<br \/>\n<strong>Zusatzstoffe je kg:<\/strong> Vitamine: A (3a672a) 28000 IE, C (3a300) 210 mg, D3 (3a671) 2100 IE; Spurenelemente: Fe (3b103) 34 mg, Mn (3b502) 43 mg, Zn (3b603) 42 mg; mit Antioxidanten.<\/p>\n<p><strong>Futterdosierung<\/strong>: F\u00fcttern Sie 1-2 x t\u00e4glich so viel, dass es die Fische in ca. 30 Minuten gefressen haben.<br \/>\n\u00dcberf\u00fcttern Sie die Fische nicht!<br \/>\nJe nach Futtergr\u00f6\u00dfe und Fischart kann immer von der Fischbrut bis zu den Zuchtfischen gef\u00fcttert werden.<\/p>\n<p><strong>Nicht f\u00fcr den menschlichen Verzehr geeignet! K\u00dcHL UND TROCKEN LAGERN!<\/strong><\/p>\n<p><strong>Artikel Nr.:<\/strong> 20057<\/p>\n<p><strong>Hier Artikel kaufen<\/strong> &#8211; In k\u00fcrze<\/p>\n","protected":false},"excerpt":{"rendered":"<p>Discusfood Herbal Flatgranulat 30g ist ein innovatives Flockenfutter, das speziell f\u00fcr die Bed\u00fcrfnisse empfindlicher Zierfische wie Diskus, Neonsalmler oder Skalare&hellip;<\/p>\n","protected":false},"author":2,"featured_media":0,"parent":2676,"menu_order":0,"comment_status":"closed","ping_status":"closed","template":"","meta":{"footnotes":""},"class_list":["post-2827","page","type-page","status-publish","hentry"],"_links":{"self":[{"href":"https:\/\/www.discusfood.com\/de\/wp-json\/wp\/v2\/pages\/2827","targetHints":{"allow":["GET"]}}],"collection":[{"href":"https:\/\/www.discusfood.com\/de\/wp-json\/wp\/v2\/pages"}],"about":[{"href":"https:\/\/www.discusfood.com\/de\/wp-json\/wp\/v2\/types\/page"}],"author":[{"embeddable":true,"href":"https:\/\/www.discusfood.com\/de\/wp-json\/wp\/v2\/users\/2"}],"replies":[{"embeddable":true,"href":"https:\/\/www.discusfood.com\/de\/wp-json\/wp\/v2\/comments?post=2827"}],"version-history":[{"count":7,"href":"https:\/\/www.discusfood.com\/de\/wp-json\/wp\/v2\/pages\/2827\/revisions"}],"predecessor-version":[{"id":2834,"href":"https:\/\/www.discusfood.com\/de\/wp-json\/wp\/v2\/pages\/2827\/revisions\/2834"}],"up":[{"embeddable":true,"href":"https:\/\/www.discusfood.com\/de\/wp-json\/wp\/v2\/pages\/2676"}],"wp:attachment":[{"href":"https:\/\/www.discusfood.com\/de\/wp-json\/wp\/v2\/media?parent=2827"}],"curies":[{"name":"wp","href":"https:\/\/api.w.org\/{rel}","templated":true}]}}