{"id":1863,"date":"2023-04-01T16:09:30","date_gmt":"2023-04-01T14:09:30","guid":{"rendered":"https:\/\/www.discusfood.com\/de\/?page_id=1863"},"modified":"2025-02-20T15:03:56","modified_gmt":"2025-02-20T15:03:56","slug":"frutti-di-mare-flatgranulate-65g","status":"publish","type":"page","link":"https:\/\/www.discusfood.com\/es\/comida-para-peces\/granulado-plano\/frutti-di-mare-flatgranulate-65g","title":{"rendered":"Frutti di mare Flatgranulate 65g \/ 2.29oz"},"content":{"rendered":"<p><img loading=\"lazy\" decoding=\"async\" class=\"alignleft wp-image-1401 size-medium\" src=\"https:\/\/www.discusfood.com\/de\/wp-content\/uploads\/sites\/3\/2020\/04\/Bild1-e1588159691178-237x300.png\" alt=\"\" width=\"237\" height=\"300\" \/><\/p>\n<p><strong>Frutti di mare Flachgranulat 65g\u00a0\/ 2.29oz<\/strong><\/p>\n<p>Gr\u00e1nulos completos totalmente extrusionados en forma de copos, adecuados para todos los peces de agua dulce y marina, as\u00ed como para invertebrados. Se acepta r\u00e1pidamente, es altamente digestible, muy estable dimensionalmente y no enturbia el agua. Un contenido equilibrado de nutrientes y un alto nivel de vitaminas y minerales garantizan un crecimiento \u00f3ptimo y un desarrollo sano.<\/p>\n<p><strong>Composici\u00f3n:<\/strong> harina de calamar 11 %, krill 11 %, harina de gamba 11 %, harina de pescado 11 %, arroz, centeno, avena, guisantes, harina de mejill\u00f3n 3,5 %, ajo 3 %, aceite de salm\u00f3n, levadura de cerveza, extracto de mejill\u00f3n de labios verdes 1,6 %; Algas secas 4 % (chlorella 1,5 %, kelp 1,5 %, spirulina 1 %), moringa 1,5 %, seta shiitake.<br \/>\n<strong>Constituyentes anal\u00edticos:<\/strong> Prote\u00edna 40 %, grasa 8 %, ceniza bruta 9 %, fibra bruta 3 %.<br \/>\n<strong>Aditivos por kg:<\/strong> Vitaminas: A (3a672a) 28000 UI, C (3a300) 210 mg, D3 (3a671) 2100 UI; con colorantes; oligoelementos: Fe (3b103) 34 mg, Mn (3b502) 43 mg, Zn (3b603) 42 mg; con antioxidantes.<br \/>\nAlimento completo para peces ornamentales<br \/>\n<strong>Dosificaci\u00f3n:<\/strong> Suministrar varias veces al d\u00eda. No sobrealimentar.<\/p>\n<p><strong>N\u00ba de art\u00edculo:<\/strong> 20060<\/p>\n<p><strong>Comprar aqu\u00ed<\/strong> \u2013 <a href=\"https:\/\/www.sevilladiscus.com\/\" target=\"_blank\" rel=\"noopener\">Sevilla Discus S.L.<\/a>, <a href=\"https:\/\/ornaqua.pt\" target=\"_blank\" rel=\"noopener\">Ornaqua<\/a> o <a href=\"https:\/\/casadosdiscus.pt\" target=\"_blank\" rel=\"noopener\">A Casa dos Discus<\/a><\/p>\n","protected":false},"excerpt":{"rendered":"<p>Frutti di mare Flachgranulat 65g\u00a0\/ 2.29oz Gr\u00e1nulos completos totalmente extrusionados en forma de copos, adecuados para todos los peces de&hellip;<\/p>\n","protected":false},"author":2,"featured_media":0,"parent":3417,"menu_order":3,"comment_status":"closed","ping_status":"closed","template":"","meta":{"footnotes":""},"class_list":["post-1863","page","type-page","status-publish","hentry"],"_links":{"self":[{"href":"https:\/\/www.discusfood.com\/es\/wp-json\/wp\/v2\/pages\/1863","targetHints":{"allow":["GET"]}}],"collection":[{"href":"https:\/\/www.discusfood.com\/es\/wp-json\/wp\/v2\/pages"}],"about":[{"href":"https:\/\/www.discusfood.com\/es\/wp-json\/wp\/v2\/types\/page"}],"author":[{"embeddable":true,"href":"https:\/\/www.discusfood.com\/es\/wp-json\/wp\/v2\/users\/2"}],"replies":[{"embeddable":true,"href":"https:\/\/www.discusfood.com\/es\/wp-json\/wp\/v2\/comments?post=1863"}],"version-history":[{"count":6,"href":"https:\/\/www.discusfood.com\/es\/wp-json\/wp\/v2\/pages\/1863\/revisions"}],"predecessor-version":[{"id":3520,"href":"https:\/\/www.discusfood.com\/es\/wp-json\/wp\/v2\/pages\/1863\/revisions\/3520"}],"up":[{"embeddable":true,"href":"https:\/\/www.discusfood.com\/es\/wp-json\/wp\/v2\/pages\/3417"}],"wp:attachment":[{"href":"https:\/\/www.discusfood.com\/es\/wp-json\/wp\/v2\/media?parent=1863"}],"curies":[{"name":"wp","href":"https:\/\/api.w.org\/{rel}","templated":true}]}}