{"id":1873,"date":"2023-04-01T16:36:58","date_gmt":"2023-04-01T14:36:58","guid":{"rendered":"https:\/\/www.discusfood.com\/de\/?page_id=1873"},"modified":"2026-04-07T12:42:11","modified_gmt":"2026-04-07T12:42:11","slug":"brine-shrimp-artemia-paste-200g","status":"publish","type":"page","link":"https:\/\/www.discusfood.com\/es\/comida-para-peces\/discufood-premiumfood-pastas\/brine-shrimp-artemia-paste-200g","title":{"rendered":"Brine Shrimp \/ Artemia Paste 200g \/ 7.05oz"},"content":{"rendered":"<p><img loading=\"lazy\" decoding=\"async\" class=\"alignleft wp-image-1533 size-medium\" src=\"https:\/\/www.discusfood.com\/de\/wp-content\/uploads\/sites\/3\/2021\/01\/20289_vorne-1-e1690372886192-262x300.jpg\" alt=\"\" width=\"262\" height=\"300\" \/><\/p>\n<p><strong>Discusfood Paste \u201eBrine Shrimp\u201c 200g\u00a0\/ 7.05oz<br \/>\n<\/strong>Alimento completo para peces ornamentales<\/p>\n<p>Las pastas alimenticias Discusfood ofrecen una alternativa sensata a las formas habituales de alimentaci\u00f3n como los granulados, los copos y la comida congelada. Gracias a las posibilidades de dosificaci\u00f3n individual, son adecuadas para peces peque\u00f1os como guppys, bettas y sus cr\u00edas, as\u00ed como para especies de peces grandes y mayores como characines, discos, peces \u00e1ngel y percas. Adaptadas a la cantidad de peces y agua, las porciones moldeadas se hunden en el sustrato y, por tanto, son accesibles para todos los habitantes del fondo, como siluros, gambas y caracoles. Al ser peque\u00f1as bolas, las porciones se adhieren f\u00e1cilmente al cristal del acuario, por lo que tambi\u00e9n son f\u00e1cilmente accesibles para los peces de aguas abiertas. La consistencia blanda de las pastas resulta muy atractiva para casi todas las especies de peces. Las diferentes composiciones crean una gama equilibrada y variada para cada piscicultor y criador.<\/p>\n<p><strong>Composici\u00f3n:<\/strong> subproductos vegetales, insectos, quistes de artemia, verduras (ma\u00edz, espinacas, moringa, ajo), cereales, krill, aceites y grasas (aceite de salm\u00f3n), algas (espirulina, chlorella), minerales, levaduras.<br \/>\n<strong>Constituyentes anal\u00edticos:<\/strong> Prote\u00edna bruta 23,00%, grasa bruta 4,25%, fibra bruta 2,20%, ceniza bruta 6,50<br \/>\n<strong>Aditivos por kg:<\/strong> Vitaminas: Vitamina A (3a672a) 10000 UI, vitamina C (3a300) 80 mg, vitamina D3 (3a671) 700 UI<br \/>\n<strong>Colorantes:<\/strong> Astaxantina (2a161j) 20 mg<br \/>\nCon antioxidantes y conservantes<br \/>\n<strong>Recomendaci\u00f3n de alimentaci\u00f3n:<\/strong> Dar de comer 2-3 veces al d\u00eda la cantidad que el pez pueda ingerir en 2-5 minutos. No sobrealimentar a los peces.<\/p>\n<p><strong>No apto para el consumo humano. \u00a1CONSERVAR EN LUGAR FRESCO Y SECO!<\/strong><\/p>\n<p><strong>N\u00ba de art\u00edculo:<\/strong> 20289<\/p>\n<p><strong>Comprar aqu\u00ed<\/strong> \u2013 <a href=\"https:\/\/www.sevilladiscus.com\/\" target=\"_blank\" rel=\"noopener\">Sevilla Discus S.L.<\/a>, <a href=\"https:\/\/ornaqua.pt\" target=\"_blank\" rel=\"noopener\">Ornaqua<\/a> o <a href=\"https:\/\/casadosdiscus.pt\" target=\"_blank\" rel=\"noopener\">A Casa dos Discus<\/a><\/p>\n","protected":false},"excerpt":{"rendered":"<p>Discusfood Paste \u201eBrine Shrimp\u201c 200g\u00a0\/ 7.05oz Alimento completo para peces ornamentales Las pastas alimenticias Discusfood ofrecen una alternativa sensata a&hellip;<\/p>\n","protected":false},"author":2,"featured_media":0,"parent":1961,"menu_order":4,"comment_status":"closed","ping_status":"closed","template":"","meta":{"footnotes":""},"class_list":["post-1873","page","type-page","status-publish","hentry"],"_links":{"self":[{"href":"https:\/\/www.discusfood.com\/es\/wp-json\/wp\/v2\/pages\/1873","targetHints":{"allow":["GET"]}}],"collection":[{"href":"https:\/\/www.discusfood.com\/es\/wp-json\/wp\/v2\/pages"}],"about":[{"href":"https:\/\/www.discusfood.com\/es\/wp-json\/wp\/v2\/types\/page"}],"author":[{"embeddable":true,"href":"https:\/\/www.discusfood.com\/es\/wp-json\/wp\/v2\/users\/2"}],"replies":[{"embeddable":true,"href":"https:\/\/www.discusfood.com\/es\/wp-json\/wp\/v2\/comments?post=1873"}],"version-history":[{"count":6,"href":"https:\/\/www.discusfood.com\/es\/wp-json\/wp\/v2\/pages\/1873\/revisions"}],"predecessor-version":[{"id":3499,"href":"https:\/\/www.discusfood.com\/es\/wp-json\/wp\/v2\/pages\/1873\/revisions\/3499"}],"up":[{"embeddable":true,"href":"https:\/\/www.discusfood.com\/es\/wp-json\/wp\/v2\/pages\/1961"}],"wp:attachment":[{"href":"https:\/\/www.discusfood.com\/es\/wp-json\/wp\/v2\/media?parent=1873"}],"curies":[{"name":"wp","href":"https:\/\/api.w.org\/{rel}","templated":true}]}}