{"id":1893,"date":"2023-04-02T11:44:29","date_gmt":"2023-04-02T09:44:29","guid":{"rendered":"https:\/\/www.discusfood.com\/de\/?page_id=1893"},"modified":"2025-02-20T14:46:06","modified_gmt":"2025-02-20T14:46:06","slug":"cichlids-xl-premium-granulate-composition-1-500g","status":"publish","type":"page","link":"https:\/\/www.discusfood.com\/es\/comida-para-peces\/cichlids-xl-premium-granulat-composition-1-2\/cichlids-xl-premium-granulate-composition-1-500g","title":{"rendered":"Cichlids XL Premium Granulate Composition 1 &#8211; 500g \/ 17.63oz"},"content":{"rendered":"<p><img loading=\"lazy\" decoding=\"async\" class=\"wp-image-2402 size-medium alignleft\" src=\"https:\/\/www.discusfood.com\/de\/wp-content\/uploads\/sites\/3\/2023\/07\/20030_vorne-v1-e1690373712845-191x300.jpg\" alt=\"\" width=\"191\" height=\"300\" \/><\/p>\n<p><strong>Cichlids XL Granulat Comp.1 &#8211; 500g \/ 17.63oz<\/strong><\/p>\n<p>Cichlids XL Premium Granules Composition 1 es un alimento completo de alta calidad con una equilibrada relaci\u00f3n prote\u00ednas\/grasas para c\u00edclidos y otros peces grandes. Un alto contenido en fibra bruta y una peque\u00f1a adici\u00f3n de zeolita garantizan un sistema digestivo sano y una \u00f3ptima conversi\u00f3n alimenticia. Rico en vitaminas y minerales naturales gracias al alga chlorella.<br \/>\n\u00a1Ideal en combinaci\u00f3n con Cichlids XL Premium Granules Composition 2!<\/p>\n<p><strong>Composici\u00f3n:<\/strong> Verduras, prote\u00edna de trigo, chlorella 13,5%, mod. Almid\u00f3n de trigo, hinojo 8%, levadura de cerveza, harina de calamar, harina de gamba, huevo entero, harina de trigo, algas, minerales, amino\u00e1cidos, zeolita.<br \/>\n<strong>Constituyentes anal\u00edticos:<\/strong> Prote\u00edna bruta 41%, grasa bruta 7,7%, ceniza bruta 8,2%, fibra bruta 7,5%.<br \/>\n<strong>Aditivos por kg:<\/strong> Vitaminas: A (3a672a) 20000 UI, C (3a300) 150 mg, D3 (3a671) 1500 UI; con colorantes; Oligoelementos: Fe (E 1) 24 mg, Mn (3b502) 31 mg, Zn (3b603) 30 mg; con antioxidantes.<br \/>\n<strong>Recomendaci\u00f3n de alimentaci\u00f3n:<\/strong> Dar de comer 2-3 veces al d\u00eda la cantidad que los peces puedan ingerir en 2-5 minutos. No sobrealimentar a los peces.<\/p>\n<p><strong>No apto para el consumo humano. \u00a1CONSERVAR EN LUGAR FRESCO Y SECO!<\/strong><\/p>\n<p><strong>Art\u00edculo n\u00ba:<\/strong> 20030<\/p>\n<p><strong>Comprar aqu\u00ed<\/strong> &#8211; <a href=\"https:\/\/www.sevilladiscus.com\/\" target=\"_blank\" rel=\"noopener\">Sevilla Discus S.L.<\/a>, <a href=\"https:\/\/ornaqua.pt\" target=\"_blank\" rel=\"noopener\">Ornaqua<\/a> o <a href=\"https:\/\/casadosdiscus.pt\" target=\"_blank\" rel=\"noopener\">A Casa dos Discus<\/a><\/p>\n","protected":false},"excerpt":{"rendered":"<p>Cichlids XL Granulat Comp.1 &#8211; 500g \/ 17.63oz Cichlids XL Premium Granules Composition 1 es un alimento completo de alta&hellip;<\/p>\n","protected":false},"author":2,"featured_media":0,"parent":1967,"menu_order":1,"comment_status":"closed","ping_status":"closed","template":"","meta":{"footnotes":""},"class_list":["post-1893","page","type-page","status-publish","hentry"],"_links":{"self":[{"href":"https:\/\/www.discusfood.com\/es\/wp-json\/wp\/v2\/pages\/1893","targetHints":{"allow":["GET"]}}],"collection":[{"href":"https:\/\/www.discusfood.com\/es\/wp-json\/wp\/v2\/pages"}],"about":[{"href":"https:\/\/www.discusfood.com\/es\/wp-json\/wp\/v2\/types\/page"}],"author":[{"embeddable":true,"href":"https:\/\/www.discusfood.com\/es\/wp-json\/wp\/v2\/users\/2"}],"replies":[{"embeddable":true,"href":"https:\/\/www.discusfood.com\/es\/wp-json\/wp\/v2\/comments?post=1893"}],"version-history":[{"count":7,"href":"https:\/\/www.discusfood.com\/es\/wp-json\/wp\/v2\/pages\/1893\/revisions"}],"predecessor-version":[{"id":3495,"href":"https:\/\/www.discusfood.com\/es\/wp-json\/wp\/v2\/pages\/1893\/revisions\/3495"}],"up":[{"embeddable":true,"href":"https:\/\/www.discusfood.com\/es\/wp-json\/wp\/v2\/pages\/1967"}],"wp:attachment":[{"href":"https:\/\/www.discusfood.com\/es\/wp-json\/wp\/v2\/media?parent=1893"}],"curies":[{"name":"wp","href":"https:\/\/api.w.org\/{rel}","templated":true}]}}