{"id":1896,"date":"2023-04-02T11:55:26","date_gmt":"2023-04-02T09:55:26","guid":{"rendered":"https:\/\/www.discusfood.com\/de\/?page_id=1896"},"modified":"2025-02-20T14:46:57","modified_gmt":"2025-02-20T14:46:57","slug":"cichlids-xl-premium-granulate-composition-2-500g","status":"publish","type":"page","link":"https:\/\/www.discusfood.com\/es\/comida-para-peces\/cichlids-xl-premium-granulat-composition-1-2\/cichlids-xl-premium-granulate-composition-2-500g","title":{"rendered":"Cichlids XL Premium Granulate Composition 2 &#8211; 500g \/ 17.63oz"},"content":{"rendered":"<p><img loading=\"lazy\" decoding=\"async\" class=\"alignleft wp-image-1898 size-medium\" src=\"https:\/\/www.discusfood.com\/de\/wp-content\/uploads\/sites\/3\/2023\/04\/20031_vorne-1-e1686400873347-203x300.jpg\" alt=\"\" width=\"203\" height=\"300\" \/><\/p>\n<p><strong>Cichlids XL Granulat Comp. 2 \/ 500g\u00a0\/ 17.63oz<\/strong><\/p>\n<p>Cichlids XL Premium Granules Composition 2 es un alimento completo de alta calidad con una proporci\u00f3n equilibrada de prote\u00ednas y grasas para c\u00edclidos y otros peces grandes. Contiene una proporci\u00f3n especialmente alta de nutrientes que se encuentran en la naturaleza. Una mezcla de nueve hierbas fortalece los \u00f3rganos y el sistema inmunol\u00f3gico. Una peque\u00f1a adici\u00f3n de zeolita garantiza un sistema digestivo sano y un aprovechamiento \u00f3ptimo del alimento.<br \/>\n\u00a1Ideal en combinaci\u00f3n con Cichlids XL Premium Granules Composition 1!<\/p>\n<p><strong>Composici\u00f3n:<\/strong> harina de pescado, harina de gambas, harina de trigo, harina de extracci\u00f3n de soja, espirulina, ma\u00edz, levadura de cerveza, prote\u00ednas de insectos, arroz, aceite de salm\u00f3n, harina de calamar, espinacas, chlorella, mezcla de hierbas, krill, harina de algas, pigmento de piment\u00f3n, aceites de hierbas, prebi\u00f3ticos, probi\u00f3ticos, zeolita.<br \/>\n<strong>Constituyentes anal\u00edticos:<\/strong> Prote\u00edna bruta 49%, grasa bruta 8,7%, ceniza bruta 9,9%, fibra bruta 2,5%.<br \/>\n<strong>Aditivos por kg:<\/strong> Vitaminas: A (3a672a) 30000 UI, C (3a300) 220 mg, D3 (3a671) 2200 UI; con colorantes; oligoelementos: Fe (3b103) 36 mg, Mn (3b502) 47 mg, Zn (3b603) 46 mg; con antioxidantes.<br \/>\n<strong>Recomendaci\u00f3n de alimentaci\u00f3n:<\/strong> Dar de comer 2-3 veces al d\u00eda la cantidad que los peces puedan ingerir en 2-5 minutos. No sobrealimentar a los peces.<\/p>\n<p><strong>No apto para el consumo humano. \u00a1CONSERVAR EN LUGAR FRESCO Y SECO!<\/strong><\/p>\n<p><strong>N\u00ba de art\u00edculo:<\/strong> 20031<\/p>\n<p><strong>Comprar aqu\u00ed<\/strong> &#8211; <a href=\"https:\/\/www.sevilladiscus.com\/\" target=\"_blank\" rel=\"noopener\">Sevilla Discus S.L.<\/a>,<a href=\"https:\/\/ornaqua.pt\" target=\"_blank\" rel=\"noopener\"> Ornaqua<\/a> o <a href=\"https:\/\/ornaqua.pt\" target=\"_blank\" rel=\"noopener\">A Casa dos Discus<\/a><\/p>\n","protected":false},"excerpt":{"rendered":"<p>Cichlids XL Granulat Comp. 2 \/ 500g\u00a0\/ 17.63oz Cichlids XL Premium Granules Composition 2 es un alimento completo de alta&hellip;<\/p>\n","protected":false},"author":2,"featured_media":0,"parent":1967,"menu_order":2,"comment_status":"closed","ping_status":"closed","template":"","meta":{"footnotes":""},"class_list":["post-1896","page","type-page","status-publish","hentry"],"_links":{"self":[{"href":"https:\/\/www.discusfood.com\/es\/wp-json\/wp\/v2\/pages\/1896","targetHints":{"allow":["GET"]}}],"collection":[{"href":"https:\/\/www.discusfood.com\/es\/wp-json\/wp\/v2\/pages"}],"about":[{"href":"https:\/\/www.discusfood.com\/es\/wp-json\/wp\/v2\/types\/page"}],"author":[{"embeddable":true,"href":"https:\/\/www.discusfood.com\/es\/wp-json\/wp\/v2\/users\/2"}],"replies":[{"embeddable":true,"href":"https:\/\/www.discusfood.com\/es\/wp-json\/wp\/v2\/comments?post=1896"}],"version-history":[{"count":6,"href":"https:\/\/www.discusfood.com\/es\/wp-json\/wp\/v2\/pages\/1896\/revisions"}],"predecessor-version":[{"id":3496,"href":"https:\/\/www.discusfood.com\/es\/wp-json\/wp\/v2\/pages\/1896\/revisions\/3496"}],"up":[{"embeddable":true,"href":"https:\/\/www.discusfood.com\/es\/wp-json\/wp\/v2\/pages\/1967"}],"wp:attachment":[{"href":"https:\/\/www.discusfood.com\/es\/wp-json\/wp\/v2\/media?parent=1896"}],"curies":[{"name":"wp","href":"https:\/\/api.w.org\/{rel}","templated":true}]}}