{"id":1906,"date":"2023-04-11T09:40:24","date_gmt":"2023-04-11T07:40:24","guid":{"rendered":"https:\/\/www.discusfood.com\/de\/?page_id=1906"},"modified":"2025-02-20T14:40:00","modified_gmt":"2025-02-20T14:40:00","slug":"artemia-brine-shrimps-microgranulate-50","status":"publish","type":"page","link":"https:\/\/www.discusfood.com\/es\/comida-para-peces\/artemia-50-granulate\/artemia-brine-shrimps-microgranulate-50","title":{"rendered":"Artemia\/ Brine Shrimps Microgranulate 50% 45g \/ 1.58oz"},"content":{"rendered":"<p><img loading=\"lazy\" decoding=\"async\" class=\"alignleft wp-image-762 size-medium\" src=\"https:\/\/www.discusfood.com\/de\/wp-content\/uploads\/sites\/3\/2018\/10\/Microgranulate_Soft-e1686399871976-300x270.jpg\" alt=\"\" width=\"300\" height=\"270\" \/><\/p>\n<p><strong>Artemia 50% Microgranulat Soft 45g \/ 1.58oz<\/strong><\/p>\n<p>El ablandamiento evita que los gr\u00e1nulos se hinchen en el agua del acuario o en el tracto digestivo de los peces y, al mismo tiempo, aumenta la aceptaci\u00f3n del alimento. Con un tama\u00f1o de grano de aprox. 0,1 mm, este alimento completo es ideal para la cr\u00eda eficaz de larvas de peces y animales j\u00f3venes y puede ayudar incluso a los representantes m\u00e1s peque\u00f1os, como las larvas de Bettas o Corydoras, a hacerse &#8222;grandes y fuertes&#8220;. Como los finos gr\u00e1nulos se distribuyen casi uniformemente por todo el acuario, se garantiza el suministro del mayor n\u00famero posible de animales j\u00f3venes.<\/p>\n<p><strong>Composici\u00f3n:<\/strong> Artemia 50%, prote\u00ednas vegetales, harina de arroz, aceite de salm\u00f3n, ajo 4%, levadura de cerveza, algas, amino\u00e1cidos, minerales, prebi\u00f3ticos y probi\u00f3ticos.<br \/>\n<strong>Constituyentes anal\u00edticos:<\/strong> Prote\u00edna bruta 49,3 %, grasa bruta 7 %, ceniza bruta 2,4 %, fibra bruta 0,7<br \/>\n<strong>Aditivos por kg:<\/strong> Vitaminas: A (3a672a) 20000 UI, C (3a300) 150 mg, D3 (3a671) 1500 UI; con colorantes; oligoelementos: Fe (E 1) 24 mg, Mn (3b502) 31 mg, Zn (3b603) 30 mg; con antioxidantes.<br \/>\n<strong>Recomendaci\u00f3n de alimentaci\u00f3n:<\/strong> Dar de comer 2-3 veces al d\u00eda la cantidad que los peces puedan ingerir en 2-5 minutos. No sobrealimentar a los peces.<\/p>\n<p><strong>No apto para el consumo humano. \u00a1CONSERVAR EN LUGAR FRESCO Y SECO!<\/strong><\/p>\n<p><strong>N\u00ba de art\u00edculo:<\/strong> 20052<\/p>\n<p><strong>Comprar aqu\u00ed<\/strong> &#8211; <a href=\"https:\/\/www.sevilladiscus.com\/\" target=\"_blank\" rel=\"noopener\">Sevilla Discus S.L<\/a>., <a href=\"https:\/\/ornaqua.pt\" target=\"_blank\" rel=\"noopener\">Ornaqua<\/a> o <a href=\"https:\/\/casadosdiscus.pt\" target=\"_blank\" rel=\"noopener\">A Casa dos Discus<\/a><\/p>\n","protected":false},"excerpt":{"rendered":"<p>Artemia 50% Microgranulat Soft 45g \/ 1.58oz El ablandamiento evita que los gr\u00e1nulos se hinchen en el agua del acuario&hellip;<\/p>\n","protected":false},"author":2,"featured_media":0,"parent":1969,"menu_order":4,"comment_status":"closed","ping_status":"closed","template":"","meta":{"footnotes":""},"class_list":["post-1906","page","type-page","status-publish","hentry"],"_links":{"self":[{"href":"https:\/\/www.discusfood.com\/es\/wp-json\/wp\/v2\/pages\/1906","targetHints":{"allow":["GET"]}}],"collection":[{"href":"https:\/\/www.discusfood.com\/es\/wp-json\/wp\/v2\/pages"}],"about":[{"href":"https:\/\/www.discusfood.com\/es\/wp-json\/wp\/v2\/types\/page"}],"author":[{"embeddable":true,"href":"https:\/\/www.discusfood.com\/es\/wp-json\/wp\/v2\/users\/2"}],"replies":[{"embeddable":true,"href":"https:\/\/www.discusfood.com\/es\/wp-json\/wp\/v2\/comments?post=1906"}],"version-history":[{"count":6,"href":"https:\/\/www.discusfood.com\/es\/wp-json\/wp\/v2\/pages\/1906\/revisions"}],"predecessor-version":[{"id":3487,"href":"https:\/\/www.discusfood.com\/es\/wp-json\/wp\/v2\/pages\/1906\/revisions\/3487"}],"up":[{"embeddable":true,"href":"https:\/\/www.discusfood.com\/es\/wp-json\/wp\/v2\/pages\/1969"}],"wp:attachment":[{"href":"https:\/\/www.discusfood.com\/es\/wp-json\/wp\/v2\/media?parent=1906"}],"curies":[{"name":"wp","href":"https:\/\/api.w.org\/{rel}","templated":true}]}}