{"id":1913,"date":"2023-04-11T09:54:14","date_gmt":"2023-04-11T07:54:14","guid":{"rendered":"https:\/\/www.discusfood.com\/de\/?page_id=1913"},"modified":"2025-02-20T14:45:17","modified_gmt":"2025-02-20T14:45:17","slug":"best-heart-flake-super-growth-300-ml","status":"publish","type":"page","link":"https:\/\/www.discusfood.com\/es\/comida-para-peces\/best-heart-flakes\/best-heart-flake-super-growth-300-ml","title":{"rendered":"Best Heart Flake Super Growth 65g \/ 2.29oz"},"content":{"rendered":"<p><img loading=\"lazy\" decoding=\"async\" class=\"alignleft wp-image-714 size-medium\" src=\"https:\/\/www.discusfood.com\/de\/wp-content\/uploads\/sites\/3\/2018\/10\/BHF-Super-Growth-65g-e1686400212437-239x300.jpg\" alt=\"\" width=\"239\" height=\"300\" \/><\/p>\n<p><strong>Best Heart Flake Super Growth\u00a0 65g \/ 2.29oz<br \/>\n<\/strong><strong>Alimento b\u00e1sico en copos con prote\u00ednas de vacuno<\/strong><\/p>\n<p>Dise\u00f1ado principalmente para peces disco, este alimento tambi\u00e9n es ideal para todos los dem\u00e1s peces ornamentales que comen copos, entre otras cosas por sus ingredientes de alta calidad.<br \/>\nLa especialidad m\u00e1s llamativa de la composici\u00f3n es la prote\u00edna de vacuno. Desde un punto de vista natural, los peces disco no comen vacas. Sin embargo, aqu\u00ed se trata, por supuesto, de proporcionar a sus protegidos una fuente de prote\u00ednas f\u00e1cil de utilizar para que no est\u00e9n expuestos a la presi\u00f3n de la selecci\u00f3n natural, sino que reciban la mejor alimentaci\u00f3n posible.<br \/>\nEl coraz\u00f3n de vacuno crudo, como el que se utiliza en los alimentos congelados, contiene col\u00e1genos que el disco no puede descomponer por falta de enzimas. Estas prote\u00ednas bovinas indigestas pueden acumularse en capas en la pared intestinal, permitiendo que par\u00e1sitos como los flagelados se multipliquen. Por ello, los peces que han sido alimentados con coraz\u00f3n de vacuno crudo durante mucho tiempo pueden aparecer debilitados y demacrados e incluso desarrollar la llamada enfermedad de la picadura. Para evitar este problema, Discusfood s\u00f3lo utiliza prote\u00ednas de vacuno de f\u00e1cil digesti\u00f3n en el copo Best Heart, todas las sustancias nocivas han sido eliminadas. El enriquecimiento adicional con todas las vitaminas, minerales y fibras importantes da como resultado un alimento b\u00e1sico equilibrado y completo para fomentar de forma \u00f3ptima el crecimiento y la salud de sus peces ornamentales.<br \/>\nOtra ventaja de los copos Best Heart en comparaci\u00f3n con el coraz\u00f3n de ternera congelado es su &#8222;resistencia a la mordedura&#8220;. No se desintegra durante la alimentaci\u00f3n ni enturbia el agua, a pesar de que s\u00f3lo contiene una peque\u00f1a cantidad de aglutinante y ninguna gelatina. Esto contribuye significativamente a reducir la carga del filtro del acuario, se pueden reducir los cambios de agua y no se forman compuestos prote\u00ednicos que contaminen el olor. Adem\u00e1s, el copo tiene un valor nutritivo mucho mayor que el coraz\u00f3n de vacuno congelado, no est\u00e1 sometido a cadena de fr\u00edo, es mucho m\u00e1s f\u00e1cil de dosificar y ocupa menos espacio en el almac\u00e9n.<\/p>\n<p><strong>Composici\u00f3n:<\/strong> Prote\u00ednas de vacuno, arroz, krill certificado MSC, prote\u00ednas de insectos, aceite de salm\u00f3n, ajo, harina de calamar, extractos de levadura, espirulina, algas, prebi\u00f3ticos, amino\u00e1cidos, pigmento de piment\u00f3n rojo.<br \/>\n<strong>Constituyentes anal\u00edticos:<\/strong> Prote\u00edna bruta 45,8 %, grasa bruta 8,3 %, ceniza bruta 7,2 %, fibra bruta 1,8<br \/>\n<strong>Aditivos por kg:<\/strong> Vitaminas: A (3a672a) 76500 UI, C (3a300) 1730 mg, D3 (3a671) 1950 UI; con colorantes; Oligoelementos: Fe (E 1) 90 mg, Mn (3b502) 50 mg, Zn (3b603) 52 mg; con antioxidantes.<br \/>\n<strong>Recomendaci\u00f3n de alimentaci\u00f3n:<\/strong> Dar de comer 2-3 veces al d\u00eda la cantidad que los peces puedan ingerir en 2-5 minutos. No sobrealimentar a los peces.<\/p>\n<p><strong>No apto para el consumo humano. \u00a1CONSERVAR EN LUGAR FRESCO Y SECO!<\/strong><\/p>\n<p><strong>N\u00ba de art\u00edculo:<\/strong> 20041<\/p>\n<p><strong>Comprar aqu\u00ed<\/strong> &#8211; <a href=\"https:\/\/www.sevilladiscus.com\/\" target=\"_blank\" rel=\"noopener\">Sevilla Discus S.L.<\/a>, <a href=\"https:\/\/ornaqua.pt\" target=\"_blank\" rel=\"noopener\">Ornaqua<\/a> o <a href=\"https:\/\/casadosdiscus.pt\" target=\"_blank\" rel=\"noopener\">A Casa dos Discus<\/a><\/p>\n","protected":false},"excerpt":{"rendered":"<p>Best Heart Flake Super Growth\u00a0 65g \/ 2.29oz Alimento b\u00e1sico en copos con prote\u00ednas de vacuno Dise\u00f1ado principalmente para peces&hellip;<\/p>\n","protected":false},"author":2,"featured_media":0,"parent":1971,"menu_order":5,"comment_status":"closed","ping_status":"closed","template":"","meta":{"footnotes":""},"class_list":["post-1913","page","type-page","status-publish","hentry"],"_links":{"self":[{"href":"https:\/\/www.discusfood.com\/es\/wp-json\/wp\/v2\/pages\/1913","targetHints":{"allow":["GET"]}}],"collection":[{"href":"https:\/\/www.discusfood.com\/es\/wp-json\/wp\/v2\/pages"}],"about":[{"href":"https:\/\/www.discusfood.com\/es\/wp-json\/wp\/v2\/types\/page"}],"author":[{"embeddable":true,"href":"https:\/\/www.discusfood.com\/es\/wp-json\/wp\/v2\/users\/2"}],"replies":[{"embeddable":true,"href":"https:\/\/www.discusfood.com\/es\/wp-json\/wp\/v2\/comments?post=1913"}],"version-history":[{"count":6,"href":"https:\/\/www.discusfood.com\/es\/wp-json\/wp\/v2\/pages\/1913\/revisions"}],"predecessor-version":[{"id":3494,"href":"https:\/\/www.discusfood.com\/es\/wp-json\/wp\/v2\/pages\/1913\/revisions\/3494"}],"up":[{"embeddable":true,"href":"https:\/\/www.discusfood.com\/es\/wp-json\/wp\/v2\/pages\/1971"}],"wp:attachment":[{"href":"https:\/\/www.discusfood.com\/es\/wp-json\/wp\/v2\/media?parent=1913"}],"curies":[{"name":"wp","href":"https:\/\/api.w.org\/{rel}","templated":true}]}}