{"id":1987,"date":"2023-04-14T09:23:40","date_gmt":"2023-04-14T07:23:40","guid":{"rendered":"https:\/\/www.discusfood.com\/de\/?page_id=1987"},"modified":"2025-02-20T14:52:51","modified_gmt":"2025-02-20T14:52:51","slug":"american-cichlid-spirulina-pearls-soft-80g","status":"publish","type":"page","link":"https:\/\/www.discusfood.com\/es\/comida-para-peces\/granulos-para-ciclidos\/american-cichlid-spirulina-pearls-soft-80g","title":{"rendered":"American Cichlid Spirulina Pearls Soft 80g \/ 2.82oz"},"content":{"rendered":"<p><img loading=\"lazy\" decoding=\"async\" class=\"size-medium wp-image-2264 alignleft\" src=\"\/es\/wp-content\/uploads\/sites\/4\/2023\/05\/20076-2-v1-e1686401754573-172x300.jpg\" alt=\"\" width=\"172\" height=\"300\" \/><\/p>\n<p><strong>American Cichlid Spirulina Pearls Soft 80g\u00a0\/ 2.82oz<br \/>\n<\/strong>Gr\u00e1nulos blandos con alto contenido en espirulina, adaptados a los h\u00e1bitos alimenticios especiales de los c\u00edclidos americanos.<\/p>\n<p><strong>Composici\u00f3n:<\/strong> harina de pescado, gluten de trigo, aceite de pescado, trigo, harina de krill, espirulina, complejo multivitam\u00ednico, colorante.<br \/>\n<strong>Constituyentes anal\u00edticos:<\/strong> Prote\u00edna bruta 44,5%, grasa bruta 13,7%, ceniza bruta 8,2%, fibra bruta 0,7<br \/>\n<strong>Aditivos por kg:<\/strong> Vitaminas: A (3a672a) 20000 UI, D3 (3a671) 2600 UI; con colorantes; oligoelementos: Mn (3b503) 8 mg, Zn (3b605) 70 mg; con antioxidantes.<br \/>\nAlimento completo para peces ornamentales<br \/>\n<strong>Recomendaci\u00f3n de alimentaci\u00f3n:<\/strong> Dar de comer 2-3 veces al d\u00eda la cantidad que los peces puedan ingerir en 2-5 minutos. No sobrealimentar a los peces.<\/p>\n<p><strong>No apto para el consumo humano. CONSERVAR EN LUGAR FRESCO Y SECO<\/strong><\/p>\n<p><strong>N\u00ba de art\u00edculo:<\/strong> 20076<\/p>\n<p><strong>Comprar aqu\u00ed<\/strong> \u2013 <a href=\"https:\/\/www.sevilladiscus.com\/\" target=\"_blank\" rel=\"noopener\">Sevilla Discus S.L.<\/a>, <a href=\"https:\/\/ornaqua.pt\" target=\"_blank\" rel=\"noopener\">Ornaqua<\/a> o <a href=\"https:\/\/casadosdiscus.pt\" target=\"_blank\" rel=\"noopener\">A Casa dos Discus<\/a><\/p>\n","protected":false},"excerpt":{"rendered":"<p>American Cichlid Spirulina Pearls Soft 80g\u00a0\/ 2.82oz Gr\u00e1nulos blandos con alto contenido en espirulina, adaptados a los h\u00e1bitos alimenticios especiales&hellip;<\/p>\n","protected":false},"author":2,"featured_media":0,"parent":1973,"menu_order":4,"comment_status":"closed","ping_status":"closed","template":"","meta":{"footnotes":""},"class_list":["post-1987","page","type-page","status-publish","hentry"],"_links":{"self":[{"href":"https:\/\/www.discusfood.com\/es\/wp-json\/wp\/v2\/pages\/1987","targetHints":{"allow":["GET"]}}],"collection":[{"href":"https:\/\/www.discusfood.com\/es\/wp-json\/wp\/v2\/pages"}],"about":[{"href":"https:\/\/www.discusfood.com\/es\/wp-json\/wp\/v2\/types\/page"}],"author":[{"embeddable":true,"href":"https:\/\/www.discusfood.com\/es\/wp-json\/wp\/v2\/users\/2"}],"replies":[{"embeddable":true,"href":"https:\/\/www.discusfood.com\/es\/wp-json\/wp\/v2\/comments?post=1987"}],"version-history":[{"count":7,"href":"https:\/\/www.discusfood.com\/es\/wp-json\/wp\/v2\/pages\/1987\/revisions"}],"predecessor-version":[{"id":3504,"href":"https:\/\/www.discusfood.com\/es\/wp-json\/wp\/v2\/pages\/1987\/revisions\/3504"}],"up":[{"embeddable":true,"href":"https:\/\/www.discusfood.com\/es\/wp-json\/wp\/v2\/pages\/1973"}],"wp:attachment":[{"href":"https:\/\/www.discusfood.com\/es\/wp-json\/wp\/v2\/media?parent=1987"}],"curies":[{"name":"wp","href":"https:\/\/api.w.org\/{rel}","templated":true}]}}