{"id":2006,"date":"2023-04-14T09:59:06","date_gmt":"2023-04-14T07:59:06","guid":{"rendered":"https:\/\/www.discusfood.com\/de\/?page_id=2006"},"modified":"2026-03-31T12:23:23","modified_gmt":"2026-03-31T12:23:23","slug":"angelfish-supergrowth-granulate-80g","status":"publish","type":"page","link":"https:\/\/www.discusfood.com\/es\/comida-para-peces\/granulos-para-ciclidos\/angelfish-supergrowth-granulate-80g","title":{"rendered":"Angelfish Supergrowth Granulate Soft"},"content":{"rendered":"<p><img loading=\"lazy\" decoding=\"async\" class=\"wp-image-2274 size-medium alignleft\" src=\"https:\/\/www.discusfood.com\/es\/wp-content\/uploads\/sites\/4\/2023\/05\/20082-2-v1-e1686401808641-172x300.jpg\" alt=\"\" width=\"172\" height=\"300\" \/><\/p>\n<p><strong>Angelfish Supergrowth Granulat Soft<\/strong><\/p>\n<p>Angelfish Supergrowth Granulat es un pienso completo de alta calidad, especialmente desarrollado para peces escalares y otros peces ornamentales. La f\u00f3rmula contiene ingredientes cuidadosamente seleccionados, como harina de pescado, gluten de trigo, aceite de pescado, trigo, harina de krill y un complejo multivitam\u00ednico. La estructura granulada blanda favorece la aceptaci\u00f3n y es f\u00e1cil de digerir. El pienso mantiene su forma en el agua y contribuye a reducir la contaminaci\u00f3n del agua. Ideal para la alimentaci\u00f3n diaria, ya que favorece el crecimiento y la salud de sus peces.<\/p>\n<p><strong>Composici\u00f3n:<\/strong> harina de pescado, gluten de trigo, aceite de pescado, trigo, harina de krill, complejo multivitam\u00ednico, colorantes.<br \/>\n<strong>Constituyentes anal\u00edticos:<\/strong> Prote\u00edna bruta 48,8 %, grasa bruta 13,6 %, ceniza bruta 8,3 %, fibra bruta 0,7<br \/>\n<strong>Aditivos por kg: Vitaminas:<\/strong> A (3a672a) 20000 UI, D3 (3a671) 2600 UI; con colorantes; oligoelementos: Mn (3b503) 8 mg, Zn (3b605) 70 mg; con antioxidantes.<br \/>\nAlimento completo para peces ornamentales<br \/>\n<strong>Recomendaci\u00f3n de alimentaci\u00f3n:<\/strong> Dar de comer 2-3 veces al d\u00eda la cantidad que los peces puedan ingerir en 2-5 minutos. No sobrealimentar a los peces.<\/p>\n<p><strong>No apto para el consumo humano. CONSERVAR EN LUGAR FRESCO Y SECO<\/strong><\/p>\n<p><strong><img loading=\"lazy\" decoding=\"async\" class=\"alignleft size-medium wp-image-2274\" src=\"\/es\/wp-content\/uploads\/sites\/4\/2023\/05\/20082-2-v1-e1686401808641-172x300.jpg\" alt=\"Angelfish Supergrowth Granulate 80g\" width=\"172\" height=\"300\" \/><br \/>\nAngelfish Supergrowth Granulat Soft 80g\u00a0\/ 2.82oz<br \/>\nN\u00ba de art\u00edculo:<\/strong> 20082<\/p>\n<p>&nbsp;<\/p>\n<p>&nbsp;<\/p>\n<p>&nbsp;<\/p>\n<p><strong><br \/>\n<img loading=\"lazy\" decoding=\"async\" class=\"alignleft size-medium wp-image-3273\" src=\"\/es\/wp-content\/uploads\/sites\/4\/2024\/05\/20822-2-v1-219x300.jpg\" alt=\"Angelfish Supergrowth Granulate 230g\" width=\"219\" height=\"300\" \/><br \/>\nAngelfish Supergrowth Gr\u00e1nulos blandos 230g\u00a0\/ 8.11oz<\/strong><br \/>\n<strong>N\u00ba de art\u00edculo<\/strong>:\u00a020822<\/p>\n<p>&nbsp;<\/p>\n<p>&nbsp;<\/p>\n<p>&nbsp;<\/p>\n<p><img loading=\"lazy\" decoding=\"async\" class=\"alignleft size-medium wp-image-3661\" src=\"\/es\/wp-content\/uploads\/sites\/4\/2026\/03\/20823-166x300.webp\" alt=\"20823 Angelfish Supergrowth 1000ml\" width=\"166\" height=\"300\" \/><br \/>\n<strong>Angelfish Supergrowth Granulate 550g \/ 19.4oz<\/strong><br \/>\n<strong>N\u00ba de art\u00edculo<\/strong>: 20823<\/p>\n<p>&nbsp;<\/p>\n<p>&nbsp;<\/p>\n<p>&nbsp;<\/p>\n<p><strong><br \/>\nComprar aqu\u00ed<\/strong> \u2013 <a href=\"https:\/\/www.sevilladiscus.com\/\" target=\"_blank\" rel=\"noopener\">Sevilla Discus S.L.<\/a>, <a href=\"https:\/\/ornaqua.pt\" target=\"_blank\" rel=\"noopener\">Ornaqua<\/a> o <a href=\"https:\/\/casadosdiscus.pt\" target=\"_blank\" rel=\"noopener\">A Casa dos Discus<\/a><\/p>\n","protected":false},"excerpt":{"rendered":"<p>Angelfish Supergrowth Granulat Soft Angelfish Supergrowth Granulat es un pienso completo de alta calidad, especialmente desarrollado para peces escalares y&hellip;<\/p>\n","protected":false},"author":2,"featured_media":0,"parent":1973,"menu_order":5,"comment_status":"closed","ping_status":"closed","template":"","meta":{"footnotes":""},"class_list":["post-2006","page","type-page","status-publish","hentry"],"_links":{"self":[{"href":"https:\/\/www.discusfood.com\/es\/wp-json\/wp\/v2\/pages\/2006","targetHints":{"allow":["GET"]}}],"collection":[{"href":"https:\/\/www.discusfood.com\/es\/wp-json\/wp\/v2\/pages"}],"about":[{"href":"https:\/\/www.discusfood.com\/es\/wp-json\/wp\/v2\/types\/page"}],"author":[{"embeddable":true,"href":"https:\/\/www.discusfood.com\/es\/wp-json\/wp\/v2\/users\/2"}],"replies":[{"embeddable":true,"href":"https:\/\/www.discusfood.com\/es\/wp-json\/wp\/v2\/comments?post=2006"}],"version-history":[{"count":10,"href":"https:\/\/www.discusfood.com\/es\/wp-json\/wp\/v2\/pages\/2006\/revisions"}],"predecessor-version":[{"id":3666,"href":"https:\/\/www.discusfood.com\/es\/wp-json\/wp\/v2\/pages\/2006\/revisions\/3666"}],"up":[{"embeddable":true,"href":"https:\/\/www.discusfood.com\/es\/wp-json\/wp\/v2\/pages\/1973"}],"wp:attachment":[{"href":"https:\/\/www.discusfood.com\/es\/wp-json\/wp\/v2\/media?parent=2006"}],"curies":[{"name":"wp","href":"https:\/\/api.w.org\/{rel}","templated":true}]}}