{"id":2011,"date":"2023-04-14T10:22:22","date_gmt":"2023-04-14T08:22:22","guid":{"rendered":"https:\/\/www.discusfood.com\/de\/?page_id=2011"},"modified":"2026-03-31T12:30:50","modified_gmt":"2026-03-31T12:30:50","slug":"pleco-special-softgranulate-80g","status":"publish","type":"page","link":"https:\/\/www.discusfood.com\/es\/comida-para-peces\/granulados-diversos\/pleco-special-softgranulate-80g","title":{"rendered":"Pleco Special Softgranulate"},"content":{"rendered":"<p><img loading=\"lazy\" decoding=\"async\" class=\"wp-image-2252 size-medium alignleft\" src=\"https:\/\/www.discusfood.com\/es\/wp-content\/uploads\/sites\/4\/2023\/05\/20001-2-v1-e1686401497449-173x300.jpg\" alt=\"\" width=\"173\" height=\"300\" \/><\/p>\n<p><strong>Pleco Special Soft Granulat<\/strong><\/p>\n<p>Pleco Special Soft Granulat es un pienso completo de alta calidad, especialmente desarrollado para siluros y otros peces ornamentales que viven en el fondo. La receta contiene ingredientes cuidadosamente seleccionados, como harina de pescado, gluten de trigo, aceite de pescado, trigo y harina de krill, as\u00ed como un complejo multivitam\u00ednico. La estructura granulada blanda favorece la aceptaci\u00f3n y es f\u00e1cil de digerir. El pienso mantiene su forma en el agua y contribuye a reducir la contaminaci\u00f3n del agua. Ideal para la alimentaci\u00f3n diaria, ya que favorece el crecimiento y la salud de sus peces.<\/p>\n<p><strong>Composici\u00f3n:<\/strong> harina de pescado, gluten de trigo, aceite de pescado, trigo, harina de krill, complejo multivitam\u00ednico, colorantes.<br \/>\n<strong>Constituyentes anal\u00edticos:<\/strong> Prote\u00edna bruta 49,8 %, grasa bruta 12,6 %, ceniza bruta 8,3 %, fibra bruta 0,7<br \/>\n<strong>Aditivos por kg:<\/strong> Vitaminas: A (3a672a) 20000 UI, D3 (3a671) 2600 UI; con colorantes; oligoelementos: Mn (3b503) 8 mg, Zn (3b605) 70 mg; con antioxidantes.<br \/>\nAlimento completo para peces ornamentales<br \/>\n<strong>Recomendaci\u00f3n de alimentaci\u00f3n:<\/strong> Dar de comer 2-3 veces al d\u00eda la cantidad que los peces puedan ingerir en 2-5 minutos. No sobrealimentar a los peces.<\/p>\n<p><strong>No apto para el consumo humano. \u00a1CONSERVAR EN LUGAR FRESCO Y SECO!<\/strong><\/p>\n<p><strong><img loading=\"lazy\" decoding=\"async\" class=\"alignleft size-medium wp-image-2252\" src=\"\/es\/wp-content\/uploads\/sites\/4\/2023\/05\/20001-2-v1-e1686401497449-173x300.jpg\" alt=\"Pleco Special Softgranulate 80g \/ 2.82oz\" width=\"173\" height=\"300\" \/><br \/>\nPleco Special Softgranulate 80g \/ 2.82oz<br \/>\nArt\u00edculo n\u00ba:<\/strong> 20001<\/p>\n<p>&nbsp;<\/p>\n<p>&nbsp;<\/p>\n<p>&nbsp;<\/p>\n<p>&nbsp;<\/p>\n<p><strong><img loading=\"lazy\" decoding=\"async\" class=\"alignleft size-medium wp-image-3284\" src=\"\/es\/wp-content\/uploads\/sites\/4\/2024\/05\/20012-2-v1-222x300.jpg\" alt=\"Pleco Special Softgranulate 230g \/ 8.11oz\" width=\"222\" height=\"300\" \/><br \/>\nPleco Special Softgranulate 230g \/ 8.11oz<\/strong><br \/>\n<strong>Art\u00edculo n\u00ba<\/strong>:\u00a020012<\/p>\n<p>&nbsp;<\/p>\n<p>&nbsp;<\/p>\n<p>&nbsp;<\/p>\n<p><img loading=\"lazy\" decoding=\"async\" class=\"alignleft size-medium wp-image-3659\" src=\"\/es\/wp-content\/uploads\/sites\/4\/2026\/03\/20112-166x300.webp\" alt=\"20112 Pleco Special Softgranulate 1000ml\" width=\"166\" height=\"300\" \/><br \/>\n<strong>Pleco Special Softgranulate 550g \/ 19.4oz<\/strong><br \/>\n<strong>Art\u00edculo n\u00ba<\/strong>: 20112<\/p>\n<p>&nbsp;<\/p>\n<p>&nbsp;<\/p>\n<p>&nbsp;<\/p>\n<p><strong><br \/>\nComprar aqu\u00ed<\/strong> \u2013 <a href=\"https:\/\/www.sevilladiscus.com\/\" target=\"_blank\" rel=\"noopener\">Sevilla Discus S.L.<\/a>, <a href=\"https:\/\/ornaqua.pt\" target=\"_blank\" rel=\"noopener\">Ornaqua<\/a> o <a href=\"https:\/\/casadosdiscus.pt\" target=\"_blank\" rel=\"noopener\">A Casa dos Discus<\/a><\/p>\n","protected":false},"excerpt":{"rendered":"<p>Pleco Special Soft Granulat Pleco Special Soft Granulat es un pienso completo de alta calidad, especialmente desarrollado para siluros y&hellip;<\/p>\n","protected":false},"author":2,"featured_media":0,"parent":1978,"menu_order":10,"comment_status":"closed","ping_status":"closed","template":"","meta":{"footnotes":""},"class_list":["post-2011","page","type-page","status-publish","hentry"],"_links":{"self":[{"href":"https:\/\/www.discusfood.com\/es\/wp-json\/wp\/v2\/pages\/2011","targetHints":{"allow":["GET"]}}],"collection":[{"href":"https:\/\/www.discusfood.com\/es\/wp-json\/wp\/v2\/pages"}],"about":[{"href":"https:\/\/www.discusfood.com\/es\/wp-json\/wp\/v2\/types\/page"}],"author":[{"embeddable":true,"href":"https:\/\/www.discusfood.com\/es\/wp-json\/wp\/v2\/users\/2"}],"replies":[{"embeddable":true,"href":"https:\/\/www.discusfood.com\/es\/wp-json\/wp\/v2\/comments?post=2011"}],"version-history":[{"count":9,"href":"https:\/\/www.discusfood.com\/es\/wp-json\/wp\/v2\/pages\/2011\/revisions"}],"predecessor-version":[{"id":3670,"href":"https:\/\/www.discusfood.com\/es\/wp-json\/wp\/v2\/pages\/2011\/revisions\/3670"}],"up":[{"embeddable":true,"href":"https:\/\/www.discusfood.com\/es\/wp-json\/wp\/v2\/pages\/1978"}],"wp:attachment":[{"href":"https:\/\/www.discusfood.com\/es\/wp-json\/wp\/v2\/media?parent=2011"}],"curies":[{"name":"wp","href":"https:\/\/api.w.org\/{rel}","templated":true}]}}