{"id":2019,"date":"2023-04-14T14:59:27","date_gmt":"2023-04-14T12:59:27","guid":{"rendered":"https:\/\/www.discusfood.com\/de\/?page_id=2019"},"modified":"2025-02-20T15:03:21","modified_gmt":"2025-02-20T15:03:21","slug":"buffet-di-insect-flatgranulate-65g","status":"publish","type":"page","link":"https:\/\/www.discusfood.com\/es\/comida-para-peces\/granulado-plano\/buffet-di-insect-flatgranulate-65g","title":{"rendered":"Buffet di Insect Flatgranulate 65g \/ 2.29oz"},"content":{"rendered":"<p><img loading=\"lazy\" decoding=\"async\" class=\"alignleft wp-image-1585 size-medium\" src=\"https:\/\/www.discusfood.com\/de\/wp-content\/uploads\/sites\/3\/2021\/01\/20059a-1-1-e1686401263254-232x300.jpg\" alt=\"\" width=\"232\" height=\"300\" \/><\/p>\n<p><strong>Buffet di Insect Flatgranulate 65g\u00a0\/ 2.29oz<\/strong><\/p>\n<p>Alimento completo, sano y extrusionado para todas las especies de peces ornamentales que requieren una dieta de insectos adecuada a su especie. Los c\u00edclidos, bettas, tetras y siluros en particular aprecian su sabor y composici\u00f3n \u00fanica. Es muy f\u00e1cil de digerir, suave, no enturbia el agua y no se desintegra. Su contenido equilibrado en nutrientes, vitaminas y minerales garantiza un crecimiento sano y un desarrollo \u00f3ptimo de los peces.<\/p>\n<p><strong>Composici\u00f3n:<\/strong> Prote\u00edna de insecto, harina de trigo, gluten de trigo, harina de hermetia, harina de krill, harina de gambas, espinacas, ma\u00edz, tubifex, gusanos de seda, extracto de larvas de mosquito rojo, levadura de cerveza, beta\u00edna, col rizada, aceite de pescado, moringa, espirulina, ajo, complejo multivitam\u00ednico.<br \/>\n<strong>Constituyentes anal\u00edticos:<\/strong> Prote\u00edna bruta 50 %, grasa bruta 6,5 %, ceniza bruta 6,4 %, fibra bruta 2,9<br \/>\n<strong>Aditivos por kg:<\/strong> Vitaminas: A (3a672a) 24000 UI, C (3a300) 180 mg, D3 (3a671) 1800 UI; con colorantes; oligoelementos: Fe (3b103) 29 mg, Mn (3b502) 37 mg, Zn (3b603) 36 mg; con antioxidantes.<br \/>\n<strong>Dosificaci\u00f3n del alimento:<\/strong> Dos o tres veces al d\u00eda, la cantidad que los peces puedan comer en 3-5 minutos. No sobrealimentar a los peces. Dependiendo del tama\u00f1o del alimento y de la especie de pez, puede alimentar desde alevines hasta peces reproductores.<\/p>\n<p><strong>\u00a1No apto para el consumo humano! \u00a1CONSERVAR EN LUGAR FRESCO Y SECO!<\/strong><\/p>\n<p><strong>N\u00ba de art\u00edculo:<\/strong> 20059<\/p>\n<p><strong>Comprar aqu\u00ed<\/strong> \u2013 <a href=\"https:\/\/www.sevilladiscus.com\/\" target=\"_blank\" rel=\"noopener\">Sevilla Discus S.L.<\/a>, <a href=\"https:\/\/ornaqua.pt\" target=\"_blank\" rel=\"noopener\">Ornaqua<\/a> o <a href=\"https:\/\/casadosdiscus.pt\" target=\"_blank\" rel=\"noopener\">A Casa dos Discus<\/a><\/p>\n","protected":false},"excerpt":{"rendered":"<p>Buffet di Insect Flatgranulate 65g\u00a0\/ 2.29oz Alimento completo, sano y extrusionado para todas las especies de peces ornamentales que requieren&hellip;<\/p>\n","protected":false},"author":2,"featured_media":0,"parent":3417,"menu_order":2,"comment_status":"closed","ping_status":"closed","template":"","meta":{"footnotes":""},"class_list":["post-2019","page","type-page","status-publish","hentry"],"_links":{"self":[{"href":"https:\/\/www.discusfood.com\/es\/wp-json\/wp\/v2\/pages\/2019","targetHints":{"allow":["GET"]}}],"collection":[{"href":"https:\/\/www.discusfood.com\/es\/wp-json\/wp\/v2\/pages"}],"about":[{"href":"https:\/\/www.discusfood.com\/es\/wp-json\/wp\/v2\/types\/page"}],"author":[{"embeddable":true,"href":"https:\/\/www.discusfood.com\/es\/wp-json\/wp\/v2\/users\/2"}],"replies":[{"embeddable":true,"href":"https:\/\/www.discusfood.com\/es\/wp-json\/wp\/v2\/comments?post=2019"}],"version-history":[{"count":6,"href":"https:\/\/www.discusfood.com\/es\/wp-json\/wp\/v2\/pages\/2019\/revisions"}],"predecessor-version":[{"id":3519,"href":"https:\/\/www.discusfood.com\/es\/wp-json\/wp\/v2\/pages\/2019\/revisions\/3519"}],"up":[{"embeddable":true,"href":"https:\/\/www.discusfood.com\/es\/wp-json\/wp\/v2\/pages\/3417"}],"wp:attachment":[{"href":"https:\/\/www.discusfood.com\/es\/wp-json\/wp\/v2\/media?parent=2019"}],"curies":[{"name":"wp","href":"https:\/\/api.w.org\/{rel}","templated":true}]}}