{"id":2022,"date":"2023-04-14T15:15:02","date_gmt":"2023-04-14T13:15:02","guid":{"rendered":"https:\/\/www.discusfood.com\/de\/?page_id=2022"},"modified":"2025-02-20T14:38:33","modified_gmt":"2025-02-20T14:38:33","slug":"artemia-brine-shrimps-decapsulated-eggs-65g","status":"publish","type":"page","link":"https:\/\/www.discusfood.com\/es\/comida-para-peces\/artemia-50-granulate\/artemia-brine-shrimps-decapsulated-eggs-65g","title":{"rendered":"Artemia\/Brine Shrimps Decapsulated Eggs 65g \/ 2.29oz"},"content":{"rendered":"<p><img loading=\"lazy\" decoding=\"async\" class=\"size-medium wp-image-2024 alignleft\" src=\"https:\/\/www.discusfood.com\/de\/wp-content\/uploads\/sites\/3\/2023\/04\/20061_front-v1-300x176.jpg\" alt=\"\" width=\"300\" height=\"176\" \/><strong>Artemia\/Brine Shrimps Decapsulated Eggs 65g\u00a0\/ 2.29oz<\/strong><\/p>\n<p>Huevos de Artemia 100% descapsulados para alimentaci\u00f3n inmediata. Excelente para la cr\u00eda de peces y gambas. Alimentar s\u00f3lo con la cantidad que se vaya a comer en pocos minutos. Almacenar en un lugar seco y fresco.<\/p>\n<p><strong>No apto para el consumo humano. \u00a1ALMACENAR EN LUGAR FRESCO Y SECO!<\/strong><\/p>\n<p><strong>N\u00ba de art\u00edculo:<\/strong> 20061<\/p>\n<p><strong>Comprar aqu\u00ed<\/strong> &#8211; <a href=\"https:\/\/www.sevilladiscus.com\/\" target=\"_blank\" rel=\"noopener\">Sevilla Discus S.L.<\/a>, <a href=\"https:\/\/ornaqua.pt\" target=\"_blank\" rel=\"noopener\">Ornaqua<\/a> o <a href=\"https:\/\/casadosdiscus.pt\" target=\"_blank\" rel=\"noopener\">A Casa dos Discus<\/a><\/p>\n","protected":false},"excerpt":{"rendered":"<p>Artemia\/Brine Shrimps Decapsulated Eggs 65g\u00a0\/ 2.29oz Huevos de Artemia 100% descapsulados para alimentaci\u00f3n inmediata. Excelente para la cr\u00eda de peces&hellip;<\/p>\n","protected":false},"author":2,"featured_media":0,"parent":1969,"menu_order":1,"comment_status":"closed","ping_status":"closed","template":"","meta":{"footnotes":""},"class_list":["post-2022","page","type-page","status-publish","hentry"],"_links":{"self":[{"href":"https:\/\/www.discusfood.com\/es\/wp-json\/wp\/v2\/pages\/2022","targetHints":{"allow":["GET"]}}],"collection":[{"href":"https:\/\/www.discusfood.com\/es\/wp-json\/wp\/v2\/pages"}],"about":[{"href":"https:\/\/www.discusfood.com\/es\/wp-json\/wp\/v2\/types\/page"}],"author":[{"embeddable":true,"href":"https:\/\/www.discusfood.com\/es\/wp-json\/wp\/v2\/users\/2"}],"replies":[{"embeddable":true,"href":"https:\/\/www.discusfood.com\/es\/wp-json\/wp\/v2\/comments?post=2022"}],"version-history":[{"count":6,"href":"https:\/\/www.discusfood.com\/es\/wp-json\/wp\/v2\/pages\/2022\/revisions"}],"predecessor-version":[{"id":3485,"href":"https:\/\/www.discusfood.com\/es\/wp-json\/wp\/v2\/pages\/2022\/revisions\/3485"}],"up":[{"embeddable":true,"href":"https:\/\/www.discusfood.com\/es\/wp-json\/wp\/v2\/pages\/1969"}],"wp:attachment":[{"href":"https:\/\/www.discusfood.com\/es\/wp-json\/wp\/v2\/media?parent=2022"}],"curies":[{"name":"wp","href":"https:\/\/api.w.org\/{rel}","templated":true}]}}