{"id":2032,"date":"2023-04-14T15:29:21","date_gmt":"2023-04-14T13:29:21","guid":{"rendered":"https:\/\/www.discusfood.com\/de\/?page_id=2032"},"modified":"2025-12-09T13:21:47","modified_gmt":"2025-12-09T13:21:47","slug":"day-by-day-granulate-80g","status":"publish","type":"page","link":"https:\/\/www.discusfood.com\/es\/comida-para-peces\/granulos-para-disco\/day-by-day-granulate-80g","title":{"rendered":"Day by Day Granulate"},"content":{"rendered":"<p><img loading=\"lazy\" decoding=\"async\" class=\"wp-image-2434 size-medium alignleft\" src=\"https:\/\/www.discusfood.com\/de\/wp-content\/uploads\/sites\/3\/2023\/07\/20064_vorne-e1690375847576-180x300.jpg\" alt=\"\" width=\"180\" height=\"300\" \/><\/p>\n<p><strong>Day by Day Granulat<br \/>\n<\/strong>Alimento completo para peces disco<\/p>\n<p>En realidad, no es necesario agotar todas las posibilidades para potenciar el color de sus peces. Una dieta diaria s\u00f3lida y equilibrada que ofrezca todo lo que el pez disco necesita, pero que tambi\u00e9n prescinda de aditivos para un crecimiento &#8222;especialmente&#8220; r\u00e1pido y similares, por ejemplo, tambi\u00e9n es suficiente. Los gr\u00e1nulos &#8222;Day by Day&#8220; le ofrecen exactamente esta opci\u00f3n. Incluyen todas las vitaminas, minerales, prote\u00ednas, grasas y fibras importantes y garantizan un suministro de nutrientes totalmente adecuado.<br \/>\nLa reducci\u00f3n de la contaminaci\u00f3n del agua tambi\u00e9n garantiza que pueda alimentar a sus peces todos los d\u00edas sin dudarlo.<br \/>\nAl igual que con todos nuestros gr\u00e1nulos para discos, en Discusfood hemos prestado especial atenci\u00f3n, como es natural, a la buena digestibilidad del alimento en &#8222;Day by Day&#8220;. Como su nombre indica, &#8222;Day by Day&#8220; es un alimento b\u00e1sico completo que puede cubrir las necesidades diarias o suministrarse como suplemento.<\/p>\n<p><strong>Composici\u00f3n:<\/strong> harina de pescado, gluten de trigo, harina de krill, trigo, aceite de pescado.<br \/>\n<strong>Constituyentes anal\u00edticos:<\/strong> Prote\u00edna bruta 59%, grasa bruta 14,5%, ceniza bruta 12,4%, fibra bruta 0,7%.<br \/>\n<strong>Aditivos por kg:<\/strong> Vitaminas: A (3a672a) 20000 UI, D3 (3a671) 2000 UI; con colorantes; oligoelementos: Mn (3b503) 12 mg, Zn (3b605) 30 mg; con antioxidantes.<br \/>\n<strong>Recomendaci\u00f3n de alimentaci\u00f3n:<\/strong> Dar de comer 2-3 veces al d\u00eda la cantidad que los peces puedan ingerir en 2-5 minutos. No sobrealimentar a los peces.<br \/>\nAlimento completo para peces ornamentales.<\/p>\n<p><strong>No apto para el consumo humano. CONSERVAR EN LUGAR FRESCO Y SECO<\/strong><\/p>\n<p><strong><img loading=\"lazy\" decoding=\"async\" class=\"alignleft size-medium wp-image-2256\" src=\"\/es\/wp-content\/uploads\/sites\/4\/2023\/05\/20064-2-v1-182x300.jpg\" alt=\"Day by Day Granulat 80g\u00a0\/ 2.82oz\" width=\"182\" height=\"300\" \/><br \/>\nDay by Day Granulat 80g\u00a0\/ 2.82oz<br \/>\nArt\u00edculo n\u00ba:<\/strong> 20064<\/p>\n<p>&nbsp;<\/p>\n<p>&nbsp;<\/p>\n<p>&nbsp;<\/p>\n<p><strong><br \/>\n<img loading=\"lazy\" decoding=\"async\" class=\"alignleft size-medium wp-image-2278\" src=\"\/es\/wp-content\/uploads\/sites\/4\/2023\/05\/20642-2-v1-225x300.jpg\" alt=\"Day by Day Granulat 230g\u00a0\/ 8.11oz\" width=\"225\" height=\"300\" \/><br \/>\nDay by Day Granulat 230g\u00a0\/ 8.11oz<\/strong><br \/>\n<strong>Art\u00edculo n\u00ba<\/strong>:\u00a020642<\/p>\n<p>&nbsp;<\/p>\n<p>&nbsp;<\/p>\n<p>&nbsp;<\/p>\n<p><strong><br \/>\n<img loading=\"lazy\" decoding=\"async\" class=\"alignleft size-medium wp-image-2078\" src=\"\/es\/wp-content\/uploads\/sites\/4\/2023\/04\/20645-v1-e1686402019771-300x270.jpg\" alt=\"Day by Day Granulat 2800g\u00a0\/ 98.76oz\" width=\"300\" height=\"270\" \/><br \/>\nDay by Day Granulat 2800g\u00a0\/ 98.76oz<\/strong><br \/>\n<strong>Art\u00edculo n\u00ba<\/strong>:\u00a020645<\/p>\n<p>&nbsp;<\/p>\n<p>&nbsp;<\/p>\n<p>&nbsp;<\/p>\n<p><strong>Comprar aqu\u00ed<\/strong> \u2013 <a href=\"https:\/\/www.sevilladiscus.com\/\" target=\"_blank\" rel=\"noopener\">Sevilla Discus S.L.<\/a>, <a href=\"https:\/\/ornaqua.pt\" target=\"_blank\" rel=\"noopener\">Ornaqua<\/a> o <a href=\"https:\/\/casadosdiscus.pt\" target=\"_blank\" rel=\"noopener\">A Casa dos Discus<\/a><\/p>\n","protected":false},"excerpt":{"rendered":"<p>Day by Day Granulat Alimento completo para peces disco En realidad, no es necesario agotar todas las posibilidades para potenciar&hellip;<\/p>\n","protected":false},"author":2,"featured_media":0,"parent":1976,"menu_order":6,"comment_status":"closed","ping_status":"closed","template":"","meta":{"footnotes":""},"class_list":["post-2032","page","type-page","status-publish","hentry"],"_links":{"self":[{"href":"https:\/\/www.discusfood.com\/es\/wp-json\/wp\/v2\/pages\/2032","targetHints":{"allow":["GET"]}}],"collection":[{"href":"https:\/\/www.discusfood.com\/es\/wp-json\/wp\/v2\/pages"}],"about":[{"href":"https:\/\/www.discusfood.com\/es\/wp-json\/wp\/v2\/types\/page"}],"author":[{"embeddable":true,"href":"https:\/\/www.discusfood.com\/es\/wp-json\/wp\/v2\/users\/2"}],"replies":[{"embeddable":true,"href":"https:\/\/www.discusfood.com\/es\/wp-json\/wp\/v2\/comments?post=2032"}],"version-history":[{"count":8,"href":"https:\/\/www.discusfood.com\/es\/wp-json\/wp\/v2\/pages\/2032\/revisions"}],"predecessor-version":[{"id":3628,"href":"https:\/\/www.discusfood.com\/es\/wp-json\/wp\/v2\/pages\/2032\/revisions\/3628"}],"up":[{"embeddable":true,"href":"https:\/\/www.discusfood.com\/es\/wp-json\/wp\/v2\/pages\/1976"}],"wp:attachment":[{"href":"https:\/\/www.discusfood.com\/es\/wp-json\/wp\/v2\/media?parent=2032"}],"curies":[{"name":"wp","href":"https:\/\/api.w.org\/{rel}","templated":true}]}}