{"id":2036,"date":"2023-04-14T15:31:27","date_gmt":"2023-04-14T13:31:27","guid":{"rendered":"https:\/\/www.discusfood.com\/de\/?page_id=2036"},"modified":"2025-12-09T13:27:45","modified_gmt":"2025-12-09T13:27:45","slug":"turkey-heart-soft-granulate-80g","status":"publish","type":"page","link":"https:\/\/www.discusfood.com\/es\/comida-para-peces\/granulos-para-disco\/turkey-heart-soft-granulate-80g","title":{"rendered":"Turkey Heart Soft Granulate"},"content":{"rendered":"<p><img loading=\"lazy\" decoding=\"async\" class=\"wp-image-2258 size-medium alignleft\" src=\"https:\/\/www.discusfood.com\/es\/wp-content\/uploads\/sites\/4\/2023\/05\/20070-2-v1-e1715085720758-169x300.jpg\" alt=\"\" width=\"169\" height=\"300\" \/><\/p>\n<p><strong>Grand Champion Granulat<br \/>\n<\/strong>Alimento completo para todos los peces disco<\/p>\n<p>La alternativa para todos aquellos que quieran alimentar con prote\u00ednas animales pero no con carne de vacuno. No, los peces disco tampoco comen pavo en estado salvaje&#8230;, pero al igual que con el coraz\u00f3n de vacuno, el objetivo aqu\u00ed no es crear unas condiciones para los animales lo m\u00e1s parecidas a la naturaleza, sino al menos proporcionarles la mejor alimentaci\u00f3n posible para que no est\u00e9n expuestos a la presi\u00f3n de la selecci\u00f3n natural.<br \/>\nAl igual que ocurre con la prote\u00edna de vacuno, en el caso de la prote\u00edna de pavo s\u00f3lo se procesan las partes que el disco puede digerir realmente, ya que, por ejemplo, los col\u00e1genos no pueden descomponerse. Si se suministran en grandes cantidades, pueden incluso perjudicar a los peces, por ejemplo, al acumularse los col\u00e1genos en capas en la pared intestinal y crear as\u00ed un entorno de cr\u00eda perfecto para par\u00e1sitos no deseados. La contaminaci\u00f3n del agua con &#8222;Turkey Heart Soft Granules&#8220; es muchas veces inferior a la que puede producirse al alimentar con prote\u00ednas alimentarias congeladas. A esto hay que a\u00f1adir las ventajas de almacenamiento, dosificaci\u00f3n y vida \u00fatil m\u00e1s larga en comparaci\u00f3n con los alimentos congelados.<br \/>\nEl ablandamiento de los gr\u00e1nulos es una caracter\u00edstica especial que aumenta a\u00fan m\u00e1s la aceptabilidad y digestibilidad del alimento.<\/p>\n<p><strong>Composici\u00f3n:<\/strong> Harina de pescado, gluten de trigo, aceite de pescado, trigo, carne y subproductos animales, harina de krill, complejo multivitam\u00ednico, colorante.<br \/>\n<strong>Constituyentes anal\u00edticos:<\/strong> Prote\u00edna bruta 48,3%, grasa bruta 13,6%, ceniza bruta 8,3%, fibra bruta 0,7<br \/>\n<strong>Aditivos por kg:<\/strong> Vitaminas: A (3a672a) 20000 UI, D3 (3a671) 2600 UI; con colorantes; oligoelementos: Mn (3b503) 8 mg, Zn (3b605) 70 mg; con antioxidantes.<br \/>\n<strong>Recomendaci\u00f3n de alimentaci\u00f3n:<\/strong> Dar de comer 2-3 veces al d\u00eda la cantidad que los peces puedan ingerir en 2-5 minutos. No sobrealimentar a los peces.<\/p>\n<p><strong>No apto para el consumo humano. \u00a1CONSERVAR EN LUGAR FRESCO Y SECO!<\/strong><\/p>\n<p><strong><img loading=\"lazy\" decoding=\"async\" class=\"alignleft size-medium wp-image-2258\" src=\"\/es\/wp-content\/uploads\/sites\/4\/2023\/05\/20070-2-v1-e1715085720758-169x300.jpg\" alt=\"Grand Champion Granulat 230g\u00a0\/ 8.11oz\" width=\"169\" height=\"300\" \/><br \/>\nGrand Champion Granulat 230g\u00a0\/ 8.11oz<br \/>\nArt\u00edculo n\u00ba:<\/strong> 20070<\/p>\n<p>&nbsp;<\/p>\n<p>&nbsp;<\/p>\n<p>&nbsp;<\/p>\n<p><strong><br \/>\n<img loading=\"lazy\" decoding=\"async\" class=\"alignleft size-medium wp-image-2258\" src=\"\/es\/wp-content\/uploads\/sites\/4\/2023\/05\/20070-2-v1-e1715085720758-169x300.jpg\" alt=\"Grand Champion Granulat 230g\u00a0\/ 8.11oz\" width=\"169\" height=\"300\" \/><br \/>\nTurkey Heart Soft Granulate 230g \/ 8.11oz<\/strong><br \/>\n<strong>Art\u00edculo n\u00ba<\/strong>: 20702<\/p>\n<p>&nbsp;<\/p>\n<p>&nbsp;<\/p>\n<p>&nbsp;<\/p>\n<p><strong>Comprar aqu\u00ed<\/strong> \u2013 <a href=\"https:\/\/www.sevilladiscus.com\/\" target=\"_blank\" rel=\"noopener\">Sevilla Discus S.L.<\/a>, <a href=\"https:\/\/ornaqua.pt\" target=\"_blank\" rel=\"noopener\">Ornaqua<\/a> o <a href=\"https:\/\/casadosdiscus.pt\" target=\"_blank\" rel=\"noopener\">A Casa dos Discus<\/a><\/p>\n","protected":false},"excerpt":{"rendered":"<p>Grand Champion Granulat Alimento completo para todos los peces disco La alternativa para todos aquellos que quieran alimentar con prote\u00ednas&hellip;<\/p>\n","protected":false},"author":2,"featured_media":0,"parent":1976,"menu_order":11,"comment_status":"closed","ping_status":"closed","template":"","meta":{"footnotes":""},"class_list":["post-2036","page","type-page","status-publish","hentry"],"_links":{"self":[{"href":"https:\/\/www.discusfood.com\/es\/wp-json\/wp\/v2\/pages\/2036","targetHints":{"allow":["GET"]}}],"collection":[{"href":"https:\/\/www.discusfood.com\/es\/wp-json\/wp\/v2\/pages"}],"about":[{"href":"https:\/\/www.discusfood.com\/es\/wp-json\/wp\/v2\/types\/page"}],"author":[{"embeddable":true,"href":"https:\/\/www.discusfood.com\/es\/wp-json\/wp\/v2\/users\/2"}],"replies":[{"embeddable":true,"href":"https:\/\/www.discusfood.com\/es\/wp-json\/wp\/v2\/comments?post=2036"}],"version-history":[{"count":9,"href":"https:\/\/www.discusfood.com\/es\/wp-json\/wp\/v2\/pages\/2036\/revisions"}],"predecessor-version":[{"id":3631,"href":"https:\/\/www.discusfood.com\/es\/wp-json\/wp\/v2\/pages\/2036\/revisions\/3631"}],"up":[{"embeddable":true,"href":"https:\/\/www.discusfood.com\/es\/wp-json\/wp\/v2\/pages\/1976"}],"wp:attachment":[{"href":"https:\/\/www.discusfood.com\/es\/wp-json\/wp\/v2\/media?parent=2036"}],"curies":[{"name":"wp","href":"https:\/\/api.w.org\/{rel}","templated":true}]}}