{"id":2041,"date":"2023-04-14T15:44:23","date_gmt":"2023-04-14T13:44:23","guid":{"rendered":"https:\/\/www.discusfood.com\/de\/?page_id=2041"},"modified":"2026-03-31T12:19:55","modified_gmt":"2026-03-31T12:19:55","slug":"beefheart-softgranulat-80g","status":"publish","type":"page","link":"https:\/\/www.discusfood.com\/es\/comida-para-peces\/granulos-para-disco\/beefheart-softgranulat-80g","title":{"rendered":"Beef Heart Softgranulat"},"content":{"rendered":"<p><img loading=\"lazy\" decoding=\"async\" class=\"wp-image-2260 size-medium alignleft\" src=\"https:\/\/www.discusfood.com\/es\/wp-content\/uploads\/sites\/4\/2023\/05\/20071-2-v1-e1686401956517-172x300.jpg\" alt=\"\" width=\"172\" height=\"300\" \/><\/p>\n<p><strong>Beef Heart Softgranulat<br \/>\n<\/strong>Alimento completo para todos los peces disco<\/p>\n<p>Adem\u00e1s de nuestros Best Heart Flakes, en Discusfood le ofrecemos una opci\u00f3n adicional con el &#8222;Beefheart Granulate&#8220; para prescindir del no poco controvertido alimento congelado y poder seguir benefici\u00e1ndose de las ventajas de las prote\u00ednas de vacuno. Desde un punto de vista natural, los peces disco no comen vacuno. Sin embargo, aqu\u00ed se trata, por supuesto, de proporcionar a sus protegidos una fuente de prote\u00ednas f\u00e1cil de utilizar para que no est\u00e9n expuestos a la presi\u00f3n de la selecci\u00f3n natural, sino que se les proporcione el mejor alimento posible.<br \/>\nEl coraz\u00f3n de vacuno crudo, como el que se utiliza en los alimentos congelados, por ejemplo, contiene col\u00e1genos de cadena larga, que el disco no puede descomponer suficientemente debido a la falta de enzimas. Estas prote\u00ednas bovinas indigestas pueden acumularse en capas en la pared intestinal, permitiendo que se multipliquen par\u00e1sitos como los flagelados. Por ello, los peces que han sido alimentados con coraz\u00f3n de vacuno crudo durante mucho tiempo pueden aparecer debilitados y demacrados e incluso desarrollar la llamada enfermedad de la picadura. Para evitar este problema, Discusfood s\u00f3lo procesa las prote\u00ednas de vacuno de f\u00e1cil digesti\u00f3n en &#8222;Beefheart Granulate&#8220;, se han eliminado todas las sustancias nocivas. El enriquecimiento adicional con todas las vitaminas, minerales y fibras importantes da como resultado un alimento b\u00e1sico equilibrado y completo para el fomento \u00f3ptimo del crecimiento y la salud de sus peces ornamentales.<br \/>\nPor \u00faltimo, pero no por ello menos importante, cabe mencionar la contaminaci\u00f3n del agua mucho menor que provocan los gr\u00e1nulos en comparaci\u00f3n con los alimentos congelados, ya que, por ejemplo, no se utiliza sangre y los gr\u00e1nulos conservan su forma en el agua durante m\u00e1s tiempo.<br \/>\nLa suavidad de los gr\u00e1nulos es una caracter\u00edstica especial que aumenta a\u00fan m\u00e1s la aceptaci\u00f3n y digestibilidad del alimento.<\/p>\n<p><strong>Composici\u00f3n:<\/strong> harina de pescado, gluten de trigo, aceite de pescado, trigo, prote\u00ednas bovinas, harina de krill.<br \/>\n<strong>Constituyentes anal\u00edticos:<\/strong> Prote\u00edna bruta 48,8%, grasa bruta 13,6%, ceniza bruta 8,3%, fibra bruta 0,7<br \/>\n<strong>Aditivos por kg:<\/strong> Vitaminas: A (3a672a) 20000 UI, D3 (3a671) 2600 UI; con colorantes; oligoelementos: Mn (3b503) 8 mg, Zn (3b605) 70 mg; con antioxidantes.<br \/>\n<strong>Recomendaci\u00f3n de alimentaci\u00f3n:<\/strong> Dar de comer 2-3 veces al d\u00eda la cantidad que los peces puedan ingerir en 2-5 minutos. No sobrealimentar a los peces.<\/p>\n<p><strong>No apto para el consumo humano. \u00a1CONSERVAR EN LUGAR FRESCO Y SECO!<\/strong><\/p>\n<p><strong><img loading=\"lazy\" decoding=\"async\" class=\"alignleft size-medium wp-image-2260\" src=\"\/es\/wp-content\/uploads\/sites\/4\/2023\/05\/20071-2-v1-e1686401956517-172x300.jpg\" alt=\"Beef Heart Softgranulat 80g\" width=\"172\" height=\"300\" \/><br \/>\nBeef Heart Softgranulat 80g\u00a0\/ 2.82oz<br \/>\nN\u00ba de art\u00edculo:<\/strong> 20071<\/p>\n<p>&nbsp;<\/p>\n<p>&nbsp;<\/p>\n<p>&nbsp;<\/p>\n<p><strong><br \/>\n<img loading=\"lazy\" decoding=\"async\" class=\"alignleft size-medium wp-image-2280\" src=\"\/es\/wp-content\/uploads\/sites\/4\/2023\/05\/20712-2-v1-e1686401849907-212x300.jpg\" alt=\"Beef Heart Softgranulat 230g\" width=\"212\" height=\"300\" \/><br \/>\nBeef Heart Softgranulat 230g\u00a0\/ 8.11oz<\/strong><br \/>\n<strong>N\u00ba de art\u00edculo<\/strong>:\u00a020712<\/p>\n<p>&nbsp;<\/p>\n<p>&nbsp;<\/p>\n<p>&nbsp;<\/p>\n<p><img loading=\"lazy\" decoding=\"async\" class=\"alignleft size-medium wp-image-3660\" src=\"\/es\/wp-content\/uploads\/sites\/4\/2026\/03\/20711-168x300.webp\" alt=\"20711 Beef Heart Soft Granulate 1000ml\" width=\"168\" height=\"300\" \/><br \/>\n<strong>Beef Heart Soft Granulate 550g \/ 19.4oz<\/strong><br \/>\n<strong>N\u00ba de art\u00edculo:<\/strong> 20711<\/p>\n<p>&nbsp;<\/p>\n<p>&nbsp;<\/p>\n<p>&nbsp;<\/p>\n<p><strong><br \/>\n<img loading=\"lazy\" decoding=\"async\" class=\"alignleft size-medium wp-image-2087\" src=\"\/es\/wp-content\/uploads\/sites\/4\/2023\/04\/20715-v1-e1686401890165-300x276.jpg\" alt=\"Beef Heart Softgranulat 2800g\" width=\"300\" height=\"276\" \/><br \/>\nBeef Heart Softgranulat 2800g\u00a0\/ 98.76oz<\/strong><br \/>\n<strong>N\u00ba de art\u00edculo<\/strong>:\u00a020715<\/p>\n<p>&nbsp;<\/p>\n<p>&nbsp;<\/p>\n<p>&nbsp;<\/p>\n<p><strong>Comprar aqu\u00ed<\/strong> \u2013 <a href=\"https:\/\/www.sevilladiscus.com\/\">Sevilla Discus S.L.<\/a>, <a href=\"https:\/\/ornaqua.pt\" target=\"_blank\" rel=\"noopener\">Ornaqua<\/a> o <a href=\"https:\/\/casadosdiscus.pt\" target=\"_blank\" rel=\"noopener\">A Casa dos Discus<\/a><\/p>\n","protected":false},"excerpt":{"rendered":"<p>Beef Heart Softgranulat Alimento completo para todos los peces disco Adem\u00e1s de nuestros Best Heart Flakes, en Discusfood le ofrecemos&hellip;<\/p>\n","protected":false},"author":2,"featured_media":0,"parent":1976,"menu_order":1,"comment_status":"closed","ping_status":"closed","template":"","meta":{"footnotes":""},"class_list":["post-2041","page","type-page","status-publish","hentry"],"_links":{"self":[{"href":"https:\/\/www.discusfood.com\/es\/wp-json\/wp\/v2\/pages\/2041","targetHints":{"allow":["GET"]}}],"collection":[{"href":"https:\/\/www.discusfood.com\/es\/wp-json\/wp\/v2\/pages"}],"about":[{"href":"https:\/\/www.discusfood.com\/es\/wp-json\/wp\/v2\/types\/page"}],"author":[{"embeddable":true,"href":"https:\/\/www.discusfood.com\/es\/wp-json\/wp\/v2\/users\/2"}],"replies":[{"embeddable":true,"href":"https:\/\/www.discusfood.com\/es\/wp-json\/wp\/v2\/comments?post=2041"}],"version-history":[{"count":11,"href":"https:\/\/www.discusfood.com\/es\/wp-json\/wp\/v2\/pages\/2041\/revisions"}],"predecessor-version":[{"id":3664,"href":"https:\/\/www.discusfood.com\/es\/wp-json\/wp\/v2\/pages\/2041\/revisions\/3664"}],"up":[{"embeddable":true,"href":"https:\/\/www.discusfood.com\/es\/wp-json\/wp\/v2\/pages\/1976"}],"wp:attachment":[{"href":"https:\/\/www.discusfood.com\/es\/wp-json\/wp\/v2\/media?parent=2041"}],"curies":[{"name":"wp","href":"https:\/\/api.w.org\/{rel}","templated":true}]}}