{"id":2045,"date":"2023-04-14T15:53:59","date_gmt":"2023-04-14T13:53:59","guid":{"rendered":"https:\/\/www.discusfood.com\/de\/?page_id=2045"},"modified":"2025-02-20T15:06:07","modified_gmt":"2025-02-20T15:06:07","slug":"guppy-super-special-80g","status":"publish","type":"page","link":"https:\/\/www.discusfood.com\/es\/comida-para-peces\/granulados-diversos\/guppy-super-special-80g","title":{"rendered":"Guppy Super Special 80g \/ 2.82oz"},"content":{"rendered":"<p><img loading=\"lazy\" decoding=\"async\" class=\"wp-image-2262 size-medium alignleft\" src=\"https:\/\/www.discusfood.com\/es\/wp-content\/uploads\/sites\/4\/2023\/05\/20073-2-v1-e1686401422390-172x300.jpg\" alt=\"\" width=\"172\" height=\"300\" \/><\/p>\n<p><strong>Guppy Super Special 80g\u00a0\/ 2.82oz<br \/>\n<\/strong>Gr\u00e1nulos blandos adaptados a los h\u00e1bitos nutricionales especiales de los guppys de alta cr\u00eda.<\/p>\n<p><strong>Composici\u00f3n:<\/strong> harina de pescado, gluten de trigo, harina de krill, subproductos vegetales, trigo, lecitina, aceite de pescado, complejo multivitam\u00ednico.<br \/>\n<strong>Constituyentes anal\u00edticos:<\/strong> Prote\u00edna bruta 51,2%, grasa bruta 6,5%, ceniza bruta 9,6%, fibra bruta 0,8<br \/>\n<strong>Aditivos por kg:<\/strong> Vitaminas: A (3a672a) 20000 UI, D3 (3a671) 2000 UI; Oligoelementos: Mn (3b503) 10 mg, Zn (3b605) 24 mg; con antioxidantes.<br \/>\n<strong>Recomendaci\u00f3n de alimentaci\u00f3n:<\/strong> Dar de comer 2-3 veces al d\u00eda la cantidad que los peces puedan ingerir en 2-5 minutos. No sobrealimentar a los peces.<\/p>\n<p><strong>No apto para el consumo humano. \u00a1CONSERVAR EN LUGAR FRESCO Y SECO!<\/strong><\/p>\n<p><strong>N\u00ba de art\u00edculo:<\/strong> 20073<\/p>\n<p><strong>Comprar aqu\u00ed<\/strong> \u2013 <a href=\"https:\/\/www.sevilladiscus.com\/\" target=\"_blank\" rel=\"noopener\">Sevilla Discus S.L.<\/a>, <a href=\"https:\/\/ornaqua.pt\" target=\"_blank\" rel=\"noopener\">Ornaqua<\/a> o <a href=\"https:\/\/casadosdiscus.pt\" target=\"_blank\" rel=\"noopener\">A Casa dos Discus<\/a><\/p>\n","protected":false},"excerpt":{"rendered":"<p>Guppy Super Special 80g\u00a0\/ 2.82oz Gr\u00e1nulos blandos adaptados a los h\u00e1bitos nutricionales especiales de los guppys de alta cr\u00eda. Composici\u00f3n:&hellip;<\/p>\n","protected":false},"author":2,"featured_media":0,"parent":1978,"menu_order":5,"comment_status":"closed","ping_status":"closed","template":"","meta":{"footnotes":""},"class_list":["post-2045","page","type-page","status-publish","hentry"],"_links":{"self":[{"href":"https:\/\/www.discusfood.com\/es\/wp-json\/wp\/v2\/pages\/2045","targetHints":{"allow":["GET"]}}],"collection":[{"href":"https:\/\/www.discusfood.com\/es\/wp-json\/wp\/v2\/pages"}],"about":[{"href":"https:\/\/www.discusfood.com\/es\/wp-json\/wp\/v2\/types\/page"}],"author":[{"embeddable":true,"href":"https:\/\/www.discusfood.com\/es\/wp-json\/wp\/v2\/users\/2"}],"replies":[{"embeddable":true,"href":"https:\/\/www.discusfood.com\/es\/wp-json\/wp\/v2\/comments?post=2045"}],"version-history":[{"count":7,"href":"https:\/\/www.discusfood.com\/es\/wp-json\/wp\/v2\/pages\/2045\/revisions"}],"predecessor-version":[{"id":3523,"href":"https:\/\/www.discusfood.com\/es\/wp-json\/wp\/v2\/pages\/2045\/revisions\/3523"}],"up":[{"embeddable":true,"href":"https:\/\/www.discusfood.com\/es\/wp-json\/wp\/v2\/pages\/1978"}],"wp:attachment":[{"href":"https:\/\/www.discusfood.com\/es\/wp-json\/wp\/v2\/media?parent=2045"}],"curies":[{"name":"wp","href":"https:\/\/api.w.org\/{rel}","templated":true}]}}