{"id":2049,"date":"2023-04-14T16:04:45","date_gmt":"2023-04-14T14:04:45","guid":{"rendered":"https:\/\/www.discusfood.com\/de\/?page_id=2049"},"modified":"2025-02-20T15:04:41","modified_gmt":"2025-02-20T15:04:41","slug":"betta-special-all-colors-soft-50g","status":"publish","type":"page","link":"https:\/\/www.discusfood.com\/es\/comida-para-peces\/granulados-diversos\/betta-special-all-colors-soft-50g","title":{"rendered":"Betta Special All Colors Soft 50g \/ 1.76oz"},"content":{"rendered":"<p><img loading=\"lazy\" decoding=\"async\" class=\"wp-image-2272 size-medium alignleft\" src=\"https:\/\/www.discusfood.com\/es\/wp-content\/uploads\/sites\/4\/2023\/05\/20080-2-v1-e1686401218277-170x300.jpg\" alt=\"\" width=\"170\" height=\"300\" \/><\/p>\n<p><strong>Betta Special All Colors Soft 50g\u00a0\/ 1.76oz<br \/>\n<\/strong>Gr\u00e1nulos blandos adaptados a los h\u00e1bitos alimentarios especiales de los peces laberinto.<\/p>\n<p><strong>Composici\u00f3n:<\/strong> harina de pescado, gluten de trigo, glicerina, aceite de pescado, trigo, harina de krill.<br \/>\n<strong>Constituyentes anal\u00edticos:<\/strong> Prote\u00edna bruta 46%, grasa bruta 9%, ceniza bruta 10,2%, fibra bruta 0,6%.<br \/>\n<strong>Aditivos por kg: Vitaminas:<\/strong> A (3a672a) 20000 UI, D3 (3a671) 2600 UI; con colorantes; oligoelementos: Mn (3b503) 12 mg, Zn (3b605) 30 mg; con antioxidantes.<br \/>\nAlimento completo para peces ornamentales<br \/>\n<strong>Recomendaci\u00f3n de alimentaci\u00f3n:<\/strong> Dar de comer 2-3 veces al d\u00eda la cantidad que los peces puedan ingerir en 2-5 minutos. No sobrealimentar a los peces.<\/p>\n<p><strong>No apto para el consumo humano. \u00a1CONSERVAR EN LUGAR FRESCO Y SECO!<\/strong><\/p>\n<p><strong>N\u00ba de art\u00edculo:<\/strong> 20080<\/p>\n<p><strong>Comprar aqu\u00ed<\/strong> \u2013 <a href=\"https:\/\/www.sevilladiscus.com\/\" target=\"_blank\" rel=\"noopener\">Sevilla Discus S.L.,<\/a> <a href=\"https:\/\/ornaqua.pt\" target=\"_blank\" rel=\"noopener\">Ornaqua<\/a> o <a href=\"https:\/\/casadosdiscus.pt\" target=\"_blank\" rel=\"noopener\">A Casa dos Discus<\/a><\/p>\n","protected":false},"excerpt":{"rendered":"<p>Betta Special All Colors Soft 50g\u00a0\/ 1.76oz Gr\u00e1nulos blandos adaptados a los h\u00e1bitos alimentarios especiales de los peces laberinto. Composici\u00f3n:&hellip;<\/p>\n","protected":false},"author":2,"featured_media":0,"parent":1978,"menu_order":1,"comment_status":"closed","ping_status":"closed","template":"","meta":{"footnotes":""},"class_list":["post-2049","page","type-page","status-publish","hentry"],"_links":{"self":[{"href":"https:\/\/www.discusfood.com\/es\/wp-json\/wp\/v2\/pages\/2049","targetHints":{"allow":["GET"]}}],"collection":[{"href":"https:\/\/www.discusfood.com\/es\/wp-json\/wp\/v2\/pages"}],"about":[{"href":"https:\/\/www.discusfood.com\/es\/wp-json\/wp\/v2\/types\/page"}],"author":[{"embeddable":true,"href":"https:\/\/www.discusfood.com\/es\/wp-json\/wp\/v2\/users\/2"}],"replies":[{"embeddable":true,"href":"https:\/\/www.discusfood.com\/es\/wp-json\/wp\/v2\/comments?post=2049"}],"version-history":[{"count":7,"href":"https:\/\/www.discusfood.com\/es\/wp-json\/wp\/v2\/pages\/2049\/revisions"}],"predecessor-version":[{"id":3521,"href":"https:\/\/www.discusfood.com\/es\/wp-json\/wp\/v2\/pages\/2049\/revisions\/3521"}],"up":[{"embeddable":true,"href":"https:\/\/www.discusfood.com\/es\/wp-json\/wp\/v2\/pages\/1978"}],"wp:attachment":[{"href":"https:\/\/www.discusfood.com\/es\/wp-json\/wp\/v2\/media?parent=2049"}],"curies":[{"name":"wp","href":"https:\/\/api.w.org\/{rel}","templated":true}]}}