{"id":2053,"date":"2023-04-14T16:18:07","date_gmt":"2023-04-14T14:18:07","guid":{"rendered":"https:\/\/www.discusfood.com\/de\/?page_id=2053"},"modified":"2025-02-20T14:57:10","modified_gmt":"2025-02-20T14:57:10","slug":"breeder-starter-food-i-softgranulate-500g","status":"publish","type":"page","link":"https:\/\/www.discusfood.com\/es\/comida-para-peces\/granulos-para-disco\/breeder-starter-food-i-softgranulate-500g","title":{"rendered":"Breeder Starter Food I Softgranulate 500g"},"content":{"rendered":"<p><img loading=\"lazy\" decoding=\"async\" class=\"size-medium wp-image-2055 alignleft\" src=\"https:\/\/www.discusfood.com\/de\/wp-content\/uploads\/sites\/3\/2023\/04\/20083_vorne-v1-205x300.jpg\" alt=\"\" width=\"205\" height=\"300\" \/><\/p>\n<p><strong>Breeder Starter Food I Gr\u00e1nulos blandos 500 g para peces de 1 &#8211; 3 cm<\/strong><\/p>\n<p>Tan pronto como los discos j\u00f3venes son capaces de tomar su alimento del fondo, el &#8222;Breeder Starter Food 1&#8220; es el alimento principal ideal para la cr\u00eda. En la pr\u00e1ctica, a partir del quinto d\u00eda de nado libre, se ofrecen nauplios vivos de Artemia adem\u00e1s del limo nutritivo de los padres. Pocos d\u00edas despu\u00e9s, los alevines comer\u00e1n tambi\u00e9n nauplios ca\u00eddos del fondo. A partir de este momento, puede empezar a ofrecer este alimento de alta calidad para optimizar el crecimiento. A partir de un tama\u00f1o aproximado de 3 cm, debe ofrecerse a los alevines de disco el &#8222;Breeder Starter Food 2&#8220;, un poco m\u00e1s grande, como alimento complementario. Tambi\u00e9n es adecuado para la cr\u00eda de otras especies. Alimente a sus alevines entre 5 y 8 veces al d\u00eda.<\/p>\n<p><strong>Composici\u00f3n:<\/strong> Harina de pescado, gluten de trigo, harina de krill, subproductos vegetales, trigo, lecitina, aceite de pescado, complejo multivitam\u00ednico, colorantes.<br \/>\n<strong>Constituyentes anal\u00edticos:<\/strong> Prote\u00edna bruta 51,2 %, grasa bruta 6,5 %, ceniza bruta 9,6 %, fibra bruta 0,8<br \/>\n<strong>Aditivos por kg:<\/strong> Vitaminas: A (3a672a) 20000 UI, D3 (3a671) 2000 UI; con colorantes; oligoelementos: Mn (3b503) 10 mg, Zn (3b605) 24 mg; con antioxidantes.<br \/>\nAlimento completo para peces ornamentales<br \/>\n<strong>Recomendaci\u00f3n de alimentaci\u00f3n:<\/strong> Dar de comer 2-3 veces al d\u00eda la cantidad que los peces puedan ingerir en 2-5 minutos. No sobrealimentar a los peces.<\/p>\n<p><strong>No apto para el consumo humano. \u00a1CONSERVAR EN LUGAR FRESCO Y SECO!<\/strong><\/p>\n<p><strong>N\u00ba de art\u00edculo:<\/strong> 20083<\/p>\n<p><strong>Comprar aqu\u00ed<\/strong> \u2013 <a href=\"https:\/\/www.sevilladiscus.com\/\" target=\"_blank\" rel=\"noopener\">Sevilla Discus S.L.<\/a>, <a href=\"https:\/\/ornaqua.pt\" target=\"_blank\" rel=\"noopener\">Ornaqua<\/a> o <a href=\"https:\/\/casadosdiscus.pt\" target=\"_blank\" rel=\"noopener\">A Casa dos Discus<\/a><\/p>\n","protected":false},"excerpt":{"rendered":"<p>Breeder Starter Food I Gr\u00e1nulos blandos 500 g para peces de 1 &#8211; 3 cm Tan pronto como los discos&hellip;<\/p>\n","protected":false},"author":2,"featured_media":0,"parent":1976,"menu_order":4,"comment_status":"closed","ping_status":"closed","template":"","meta":{"footnotes":""},"class_list":["post-2053","page","type-page","status-publish","hentry"],"_links":{"self":[{"href":"https:\/\/www.discusfood.com\/es\/wp-json\/wp\/v2\/pages\/2053","targetHints":{"allow":["GET"]}}],"collection":[{"href":"https:\/\/www.discusfood.com\/es\/wp-json\/wp\/v2\/pages"}],"about":[{"href":"https:\/\/www.discusfood.com\/es\/wp-json\/wp\/v2\/types\/page"}],"author":[{"embeddable":true,"href":"https:\/\/www.discusfood.com\/es\/wp-json\/wp\/v2\/users\/2"}],"replies":[{"embeddable":true,"href":"https:\/\/www.discusfood.com\/es\/wp-json\/wp\/v2\/comments?post=2053"}],"version-history":[{"count":5,"href":"https:\/\/www.discusfood.com\/es\/wp-json\/wp\/v2\/pages\/2053\/revisions"}],"predecessor-version":[{"id":3510,"href":"https:\/\/www.discusfood.com\/es\/wp-json\/wp\/v2\/pages\/2053\/revisions\/3510"}],"up":[{"embeddable":true,"href":"https:\/\/www.discusfood.com\/es\/wp-json\/wp\/v2\/pages\/1976"}],"wp:attachment":[{"href":"https:\/\/www.discusfood.com\/es\/wp-json\/wp\/v2\/media?parent=2053"}],"curies":[{"name":"wp","href":"https:\/\/api.w.org\/{rel}","templated":true}]}}