{"id":2145,"date":"2023-04-25T10:42:00","date_gmt":"2023-04-25T08:42:00","guid":{"rendered":"https:\/\/www.discusfood.com\/de\/?page_id=2145"},"modified":"2025-12-19T17:46:35","modified_gmt":"2025-12-19T17:46:35","slug":"anti-tox-500-ml","status":"publish","type":"page","link":"https:\/\/www.discusfood.com\/es\/cuidado-del-agua\/acondicionador-de-agua\/anti-tox-500-ml","title":{"rendered":"Anti Tox"},"content":{"rendered":"<p><img loading=\"lazy\" decoding=\"async\" class=\"alignleft wp-image-2143 size-medium\" src=\"https:\/\/www.discusfood.com\/de\/wp-content\/uploads\/sites\/3\/2023\/04\/Flasche500-ANTI-TOX-01-e1686402700625-87x300.jpg\" alt=\"\" width=\"87\" height=\"300\" \/><\/p>\n<h2><strong>Anti Tox &#8211; <\/strong>Medio filtrante l\u00edquido<\/h2>\n<p>Anti Tox contiene zeolitas de alta calidad y gran actividad. Son ideales para la eliminaci\u00f3n r\u00e1pida de contaminantes t\u00f3xicos del agua, en caso de aver\u00eda del sistema de filtrado y, fundamentalmente, para el tratamiento del agua dulce.<br \/>\nAnti Tox fija metales pesados como cobre, zinc y cadmio, as\u00ed como amonio, cloro y otros contaminantes y act\u00faa como t\u00f3nico para el cuidado, acondicionador del agua, protecci\u00f3n preventiva, estimulante del apetito, promotor de la cr\u00eda y clarificador del agua.<br \/>\nFavorece el rendimiento del biofiltro<br \/>\nNo contiene productos qu\u00edmicos ni bacterias, 100 % natural<\/p>\n<p>Anti Tox es una suspensi\u00f3n. Durante un almacenamiento prolongado, las finas zeolitas altamente eficaces se depositan en el fondo de la botella. Para una buena distribuci\u00f3n en el frasco,<strong> \u00a1AGITAR DURANTE 40 SEGUNDOS!<\/strong> Despu\u00e9s de a\u00f1adirlo al acuario, aparece una ligera turbidez lechosa. Esto es intencionado e indica una distribuci\u00f3n uniforme de los ingredientes activos en el agua. No es de esperar una sobredosis si se utiliza correctamente.<br \/>\nA\u00f1ada 10 ml de Anti Tox por cada 100 litros de agua dulce en cada cambio de agua. Entre cambios de agua, la dosis \u00f3ptima es de 5 ml para niveles de poblaci\u00f3n bajos, 10 ml para niveles de poblaci\u00f3n normales y 20 ml para niveles de poblaci\u00f3n altos por cada 100 litros de agua del acuario.<br \/>\nLa frecuencia de uso depende exclusivamente de la calidad del agua.<\/p>\n<h3><strong>No apto para el consumo humano. CONSERVAR EN LUGAR FRESCO Y SECO.<\/strong><\/h3>\n<p><strong><img loading=\"lazy\" decoding=\"async\" class=\"alignleft size-medium wp-image-2143\" src=\"\/es\/wp-content\/uploads\/sites\/4\/2023\/04\/Flasche500-ANTI-TOX-01-e1686402700625-87x300.jpg\" alt=\"Anti Tox 500 ml \/ 16.9 fl oz \" width=\"87\" height=\"300\" \/><br \/>\nAnti Tox 500 ml \/ 16.9 fl oz<br \/>\nN\u00ba de art\u00edculo:<\/strong> 25405<\/p>\n<p>&nbsp;<\/p>\n<p>&nbsp;<\/p>\n<p>&nbsp;<\/p>\n<p>&nbsp;<\/p>\n<p><strong><img loading=\"lazy\" decoding=\"async\" class=\"alignleft size-medium wp-image-2150\" src=\"\/es\/wp-content\/uploads\/sites\/4\/2023\/04\/3171_Product-e1686402792453-220x300.jpg\" alt=\"Anti Tox\u00a05000 ml \/ 169 fl oz\" width=\"220\" height=\"300\" \/><br \/>\nAnti Tox\u00a05000 ml \/ 169 fl oz<\/strong><br \/>\n<strong>N\u00ba de art\u00edculo<\/strong>:\u00a025450<\/p>\n<p>&nbsp;<\/p>\n<p>&nbsp;<\/p>\n<p>&nbsp;<\/p>\n<h2><a href=\"https:\/\/www.discusfood.com\/es\/wp-content\/uploads\/sites\/4\/2023\/12\/Sicherheitsdatenblatt_Anti-Tox_21.01.2021-es.pdf\" target=\"_blank\" rel=\"noopener\">Ficha de datos de seguridad<\/a><\/h2>\n<p><strong>Comprar aqu\u00ed<\/strong> \u2013 <a href=\"https:\/\/www.sevilladiscus.com\/\" target=\"_blank\" rel=\"noopener\">Sevilla Discus S.L.<\/a>, <a href=\"https:\/\/ornaqua.pt\" target=\"_blank\" rel=\"noopener\">Ornaqua<\/a> o <a href=\"https:\/\/casadosdiscus.pt\" target=\"_blank\" rel=\"noopener\">A Casa dos Discus<\/a><\/p>\n","protected":false},"excerpt":{"rendered":"<p>Anti Tox &#8211; Medio filtrante l\u00edquido Anti Tox contiene zeolitas de alta calidad y gran actividad. Son ideales para la&hellip;<\/p>\n","protected":false},"author":2,"featured_media":0,"parent":2109,"menu_order":5,"comment_status":"closed","ping_status":"closed","template":"","meta":{"footnotes":""},"class_list":["post-2145","page","type-page","status-publish","hentry"],"_links":{"self":[{"href":"https:\/\/www.discusfood.com\/es\/wp-json\/wp\/v2\/pages\/2145","targetHints":{"allow":["GET"]}}],"collection":[{"href":"https:\/\/www.discusfood.com\/es\/wp-json\/wp\/v2\/pages"}],"about":[{"href":"https:\/\/www.discusfood.com\/es\/wp-json\/wp\/v2\/types\/page"}],"author":[{"embeddable":true,"href":"https:\/\/www.discusfood.com\/es\/wp-json\/wp\/v2\/users\/2"}],"replies":[{"embeddable":true,"href":"https:\/\/www.discusfood.com\/es\/wp-json\/wp\/v2\/comments?post=2145"}],"version-history":[{"count":10,"href":"https:\/\/www.discusfood.com\/es\/wp-json\/wp\/v2\/pages\/2145\/revisions"}],"predecessor-version":[{"id":3651,"href":"https:\/\/www.discusfood.com\/es\/wp-json\/wp\/v2\/pages\/2145\/revisions\/3651"}],"up":[{"embeddable":true,"href":"https:\/\/www.discusfood.com\/es\/wp-json\/wp\/v2\/pages\/2109"}],"wp:attachment":[{"href":"https:\/\/www.discusfood.com\/es\/wp-json\/wp\/v2\/media?parent=2145"}],"curies":[{"name":"wp","href":"https:\/\/api.w.org\/{rel}","templated":true}]}}