{"id":2154,"date":"2023-04-25T11:00:51","date_gmt":"2023-04-25T09:00:51","guid":{"rendered":"https:\/\/www.discusfood.com\/de\/?page_id=2154"},"modified":"2025-12-19T17:47:01","modified_gmt":"2025-12-19T17:47:01","slug":"catappa-royal-500-ml","status":"publish","type":"page","link":"https:\/\/www.discusfood.com\/es\/cuidado-del-agua\/acondicionador-de-agua\/catappa-royal-500-ml","title":{"rendered":"Catappa Royal  500 ml \/ 16.9 fl oz"},"content":{"rendered":"<h2><img loading=\"lazy\" decoding=\"async\" class=\"alignleft wp-image-1601 size-medium\" src=\"https:\/\/www.discusfood.com\/de\/wp-content\/uploads\/sites\/3\/2021\/01\/25505_a_1600x1200-2-111x300.jpg\" alt=\"\" width=\"111\" height=\"300\" \/><strong>Catappa Royal 500 ml \/ 16.9 fl oz<\/strong><\/h2>\n<p>Favorece y refuerza el sistema inmunitario de sus peces. Puede mejorar significativamente la calidad del agua de los peces al reducir los g\u00e9rmenes. Las huevas est\u00e1n mejor protegidas contra los ataques de hongos. Los peces que sufren podredumbre de las aletas e inflamaci\u00f3n pueden recuperarse m\u00e1s r\u00e1pidamente. Todos estos factores tienen un efecto positivo en la lucha contra enfermedades de los peces como la enfermedad de las manchas en los salmones, la enfermedad del ojo gl\u00f3tico y la enfermedad de los agujeros en los peces disco.<br \/>\nLas membranas mucosas se protegen de forma especialmente eficaz.<br \/>\nEl concentrado premium de alto rendimiento es especialmente adecuado al montar un acuario nuevo, as\u00ed como al montar un tanque de cr\u00eda, al mantener especies de peces sensibles, durante el transporte de un pez a un acuario nuevo, durante una enfermedad bacteriana de los peces o durante la fase de desove en peces disco y otras especies. Cree un agua apta para peces con un producto 100 % natural.<\/p>\n<p><strong>Dosificaci\u00f3n:<\/strong> A\u00f1adir 10 ml del concentrado a 100 litros de agua del acuario semanalmente y despu\u00e9s de cada cambio de agua. Cuando se traten enfermedades e infestaciones f\u00fangicas, la dosis puede aumentarse a 20ml o 30ml sin m\u00e1s.<\/p>\n<h3><strong>No apto para el consumo humano. \u00a1CONSERVAR EN LUGAR FRESCO Y SECO!<\/strong><\/h3>\n<p><strong>N\u00ba de art\u00edculo:<\/strong> 25505<\/p>\n<h2><a href=\"https:\/\/www.discusfood.com\/es\/wp-content\/uploads\/sites\/4\/2023\/12\/Sicherheitsdatenblatt_Royal-Catappa_21.01.2021-es.pdf\" target=\"_blank\" rel=\"noopener\">Ficha de datos de seguridad<\/a><\/h2>\n<p><strong><br \/>\nComprar aqu\u00ed<\/strong> \u2013 <a href=\"https:\/\/www.sevilladiscus.com\/\" target=\"_blank\" rel=\"noopener\">Sevilla Discus S.L.<\/a>, <a href=\"https:\/\/ornaqua.pt\" target=\"_blank\" rel=\"noopener\">Ornaqua<\/a> o <a href=\"https:\/\/casadosdiscus.pt\" target=\"_blank\" rel=\"noopener\">A Casa dos Discus<\/a><\/p>\n","protected":false},"excerpt":{"rendered":"<p>Catappa Royal 500 ml \/ 16.9 fl oz Favorece y refuerza el sistema inmunitario de sus peces. Puede mejorar significativamente&hellip;<\/p>\n","protected":false},"author":2,"featured_media":0,"parent":2109,"menu_order":7,"comment_status":"closed","ping_status":"closed","template":"","meta":{"footnotes":""},"class_list":["post-2154","page","type-page","status-publish","hentry"],"_links":{"self":[{"href":"https:\/\/www.discusfood.com\/es\/wp-json\/wp\/v2\/pages\/2154","targetHints":{"allow":["GET"]}}],"collection":[{"href":"https:\/\/www.discusfood.com\/es\/wp-json\/wp\/v2\/pages"}],"about":[{"href":"https:\/\/www.discusfood.com\/es\/wp-json\/wp\/v2\/types\/page"}],"author":[{"embeddable":true,"href":"https:\/\/www.discusfood.com\/es\/wp-json\/wp\/v2\/users\/2"}],"replies":[{"embeddable":true,"href":"https:\/\/www.discusfood.com\/es\/wp-json\/wp\/v2\/comments?post=2154"}],"version-history":[{"count":9,"href":"https:\/\/www.discusfood.com\/es\/wp-json\/wp\/v2\/pages\/2154\/revisions"}],"predecessor-version":[{"id":3652,"href":"https:\/\/www.discusfood.com\/es\/wp-json\/wp\/v2\/pages\/2154\/revisions\/3652"}],"up":[{"embeddable":true,"href":"https:\/\/www.discusfood.com\/es\/wp-json\/wp\/v2\/pages\/2109"}],"wp:attachment":[{"href":"https:\/\/www.discusfood.com\/es\/wp-json\/wp\/v2\/media?parent=2154"}],"curies":[{"name":"wp","href":"https:\/\/api.w.org\/{rel}","templated":true}]}}