{"id":2163,"date":"2023-04-25T11:12:37","date_gmt":"2023-04-25T09:12:37","guid":{"rendered":"https:\/\/www.discusfood.com\/de\/?page_id=2163"},"modified":"2025-12-09T13:48:38","modified_gmt":"2025-12-09T13:48:38","slug":"discus-minerals-300g","status":"publish","type":"page","link":"https:\/\/www.discusfood.com\/es\/cuidado-del-agua\/discus-minerals-300g","title":{"rendered":"Discus Minerals"},"content":{"rendered":"<p><img loading=\"lazy\" decoding=\"async\" class=\"alignleft wp-image-574 size-medium\" src=\"https:\/\/www.discusfood.com\/de\/wp-content\/uploads\/sites\/3\/2018\/05\/minerals_300g-e1686402574424-236x300.jpg\" alt=\"\" width=\"236\" height=\"300\" \/><\/p>\n<p><strong>Discus Minerals \u2013 Minerales y oligoelementos para el disco<\/strong><\/p>\n<p>El agua pura (H2O) es un medio hostil. S\u00f3lo los minerales disueltos, los oligoelementos y las sustancias h\u00famicas garantizan un entorno saludable. Discus Minerals de Discusfood contiene una mezcla equilibrada de minerales y oligoelementos tal y como se disuelven en las aguas naturales. El agua desmineralizada (por ejemplo, por \u00f3smosis) se utiliza para acuarios de agua blanda. Carece de ingredientes naturales. Discus Minerals puede utilizarse para compensar la falta de minerales y oligoelementos. El agua est\u00e1 mineralizada. Discus Minerals est\u00e1 especialmente optimizado para biotopos de agua blanda.<\/p>\n<p>Discus Minerals contrarresta los da\u00f1os causados por un bajo contenido en minerales y garantiza la salud del agua del acuario. Discus Minerals no contiene NaCl (sal de mesa) y no aumenta la dureza de carbonatos.<\/p>\n<p><strong>Aplicaci\u00f3n:<\/strong> 15 g de Discus Minerals por 100 litros de agua de \u00f3smosis o 10 g por 100 litros de agua pobre en minerales. Discus Minerals es muy f\u00e1cilmente soluble. Disuelva la mezcla de minerales en un recipiente con agua y a\u00f1\u00e1dala lentamente al acuario. 1 g por 10 litros aumenta la dureza total en aprox. 3\u00b0 GH y la conductividad en aprox. 150 \u00b5S\/cm.<\/p>\n<p>\u00a1No apto para el consumo humano! \u00a1CONSERVAR EN LUGAR FRESCO Y SECO!<\/p>\n<p><strong><img loading=\"lazy\" decoding=\"async\" class=\"alignleft size-medium wp-image-574\" src=\"\/es\/wp-content\/uploads\/sites\/4\/2018\/05\/minerals_300g-e1686402574424-236x300.jpg\" alt=\"Discus Minerals 300g \/ 10.58oz\" width=\"236\" height=\"300\" \/><br \/>\nDiscus Minerals 300g \/ 10.58oz<\/strong><br \/>\n<strong>N\u00ba de art\u00edculo<\/strong>: 33020<\/p>\n<p>&nbsp;<\/p>\n<p>&nbsp;<\/p>\n<p>&nbsp;<\/p>\n<p>&nbsp;<\/p>\n<p><img loading=\"lazy\" decoding=\"async\" class=\"alignleft size-medium wp-image-2168\" src=\"\/es\/wp-content\/uploads\/sites\/4\/2023\/04\/61lpkgqFIL._AC_SL1125_-168x300.jpg\" alt=\"Discus Minerals 1000g \/ 35.7oz\" width=\"168\" height=\"300\" \/><br \/>\n<strong>Discus Minerals 1000g \/ 35.7oz<\/strong><br \/>\n<strong>N\u00ba de art\u00edculo<\/strong>:\u00a033050<\/p>\n<p>&nbsp;<\/p>\n<p>&nbsp;<\/p>\n<p>&nbsp;<\/p>\n<p>&nbsp;<\/p>\n<p><strong>Comprar aqu\u00ed<\/strong> \u2013 <a href=\"https:\/\/www.sevilladiscus.com\/\" target=\"_blank\" rel=\"noopener\">Sevilla Discus S.L.<\/a>, <a href=\"https:\/\/ornaqua.pt\" target=\"_blank\" rel=\"noopener\">Ornaqua<\/a> o <a href=\"https:\/\/casadosdiscus.pt\" target=\"_blank\" rel=\"noopener\">A Casa dos Discus<\/a><\/p>\n","protected":false},"excerpt":{"rendered":"<p>Discus Minerals \u2013 Minerales y oligoelementos para el disco El agua pura (H2O) es un medio hostil. S\u00f3lo los minerales&hellip;<\/p>\n","protected":false},"author":2,"featured_media":0,"parent":18,"menu_order":1,"comment_status":"closed","ping_status":"closed","template":"","meta":{"footnotes":""},"class_list":["post-2163","page","type-page","status-publish","hentry"],"_links":{"self":[{"href":"https:\/\/www.discusfood.com\/es\/wp-json\/wp\/v2\/pages\/2163","targetHints":{"allow":["GET"]}}],"collection":[{"href":"https:\/\/www.discusfood.com\/es\/wp-json\/wp\/v2\/pages"}],"about":[{"href":"https:\/\/www.discusfood.com\/es\/wp-json\/wp\/v2\/types\/page"}],"author":[{"embeddable":true,"href":"https:\/\/www.discusfood.com\/es\/wp-json\/wp\/v2\/users\/2"}],"replies":[{"embeddable":true,"href":"https:\/\/www.discusfood.com\/es\/wp-json\/wp\/v2\/comments?post=2163"}],"version-history":[{"count":7,"href":"https:\/\/www.discusfood.com\/es\/wp-json\/wp\/v2\/pages\/2163\/revisions"}],"predecessor-version":[{"id":3638,"href":"https:\/\/www.discusfood.com\/es\/wp-json\/wp\/v2\/pages\/2163\/revisions\/3638"}],"up":[{"embeddable":true,"href":"https:\/\/www.discusfood.com\/es\/wp-json\/wp\/v2\/pages\/18"}],"wp:attachment":[{"href":"https:\/\/www.discusfood.com\/es\/wp-json\/wp\/v2\/media?parent=2163"}],"curies":[{"name":"wp","href":"https:\/\/api.w.org\/{rel}","templated":true}]}}