{"id":2244,"date":"2023-05-03T15:59:35","date_gmt":"2023-05-03T13:59:35","guid":{"rendered":"https:\/\/www.discusfood.com\/de\/?page_id=2244"},"modified":"2025-10-13T14:23:34","modified_gmt":"2025-10-13T14:23:34","slug":"freshwater-crab-50-xl-granulate-soft-150g","status":"publish","type":"page","link":"https:\/\/www.discusfood.com\/es\/comida-para-peces\/freshwater-crab\/freshwater-crab-50-xl-granulate-soft-150g","title":{"rendered":"Freshwater Crab 50% XL Softgranulate 150g"},"content":{"rendered":"<p><strong><img loading=\"lazy\" decoding=\"async\" class=\"alignleft wp-image-3598 size-medium\" src=\"https:\/\/www.discusfood.com\/es\/wp-content\/uploads\/sites\/4\/2025\/10\/22063_1-1-207x300.jpg\" alt=\"Freshwater Crab 50% XL\" width=\"207\" height=\"300\" \/>Softgranulat con un 50% de cangrejo &#8211; 150 g de contenido<\/strong><\/p>\n<p>Los cangrejos de r\u00edo de agua dulce secados suavemente se trituran enteros y se introducen en el proceso de producci\u00f3n de granulados. Como los caparazones de los animales tambi\u00e9n se procesan, el producto final tiene un contenido especialmente alto de fibra digestiva, as\u00ed como de xantinas y carotenoides, que avivan de forma natural los colores de sus peces ornamentales. Las vitaminas, los minerales y los \u00e1cidos grasos omega 3 y 6 refuerzan el sistema inmunitario y el bienestar de los peces.<br \/>\nEl cangrejo de r\u00edo de agua dulce al 50% es un alimento de primera calidad para todos los habitantes de acuarios omn\u00edvoros y carn\u00edvoros.<\/p>\n<p><strong>Composici\u00f3n:<\/strong> 50% de cangrejo de r\u00edo, prote\u00ednas vegetales, harina de arroz, aceite de salm\u00f3n, 4% de ajo, levadura de cerveza, algas, amino\u00e1cidos, minerales, prebi\u00f3ticos y probi\u00f3ticos.<br \/>\n<strong>Constituyentes anal\u00edticos:<\/strong> Prote\u00edna bruta 33,5%, grasa bruta 6,7%, ceniza bruta 10%, fibra bruta 2,7%.<br \/>\n<strong>Aditivos por kg: Vitaminas:<\/strong> A (3a672a) 28000 UI, C (3a300) 210 mg, D3 (3a671) 2100 UI; con colorantes; oligoelementos: Fe (3b103) 33 mg, Mn (3b502) 43 mg, Zn (3b603) 42 mg; con antioxidantes.<br \/>\n<strong>Recomendaci\u00f3n de alimentaci\u00f3n:<\/strong> \u00a1Alimento completo! Dar de comer 2-3 veces al d\u00eda tanto como los peces puedan comer en 2-5 minutos. No sobrealimentar a los peces.<\/p>\n<p><strong>No apto para el consumo humano. \u00a1CONSERVAR EN LUGAR FRESCO Y SECO!<\/strong><\/p>\n<p><strong>Art\u00edculo n\u00ba:<\/strong> 22063<\/p>\n<p><strong>Comprar aqu\u00ed<\/strong> \u2013 <a href=\"https:\/\/www.sevilladiscus.com\/\" target=\"_blank\" rel=\"noopener\">Sevilla Discus S.L.<\/a>,\u00a0<a href=\"https:\/\/ornaqua.pt\/\" target=\"_blank\" rel=\"noopener\">Ornaqua<\/a>\u00a0o\u00a0<a href=\"https:\/\/casadosdiscus.pt\/\" target=\"_blank\" rel=\"noopener\">A Casa dos Discus<\/a><\/p>\n","protected":false},"excerpt":{"rendered":"<p>Softgranulat con un 50% de cangrejo &#8211; 150 g de contenido Los cangrejos de r\u00edo de agua dulce secados suavemente&hellip;<\/p>\n","protected":false},"author":2,"featured_media":0,"parent":1965,"menu_order":5,"comment_status":"closed","ping_status":"closed","template":"","meta":{"footnotes":""},"class_list":["post-2244","page","type-page","status-publish","hentry"],"_links":{"self":[{"href":"https:\/\/www.discusfood.com\/es\/wp-json\/wp\/v2\/pages\/2244","targetHints":{"allow":["GET"]}}],"collection":[{"href":"https:\/\/www.discusfood.com\/es\/wp-json\/wp\/v2\/pages"}],"about":[{"href":"https:\/\/www.discusfood.com\/es\/wp-json\/wp\/v2\/types\/page"}],"author":[{"embeddable":true,"href":"https:\/\/www.discusfood.com\/es\/wp-json\/wp\/v2\/users\/2"}],"replies":[{"embeddable":true,"href":"https:\/\/www.discusfood.com\/es\/wp-json\/wp\/v2\/comments?post=2244"}],"version-history":[{"count":6,"href":"https:\/\/www.discusfood.com\/es\/wp-json\/wp\/v2\/pages\/2244\/revisions"}],"predecessor-version":[{"id":3600,"href":"https:\/\/www.discusfood.com\/es\/wp-json\/wp\/v2\/pages\/2244\/revisions\/3600"}],"up":[{"embeddable":true,"href":"https:\/\/www.discusfood.com\/es\/wp-json\/wp\/v2\/pages\/1965"}],"wp:attachment":[{"href":"https:\/\/www.discusfood.com\/es\/wp-json\/wp\/v2\/media?parent=2244"}],"curies":[{"name":"wp","href":"https:\/\/api.w.org\/{rel}","templated":true}]}}