{"id":13,"date":"2023-03-29T10:46:03","date_gmt":"2023-03-29T08:46:03","guid":{"rendered":"https:\/\/www.discusfood.com\/de\/?page_id=13"},"modified":"2025-01-14T13:54:39","modified_gmt":"2025-01-14T13:54:39","slug":"declaration-de-confidentialite","status":"publish","type":"page","link":"https:\/\/www.discusfood.com\/fr\/declaration-de-confidentialite","title":{"rendered":"D\u00e9claration de confidentialit\u00e9"},"content":{"rendered":"<p>D\u00e9claration de confidentialit\u00e9<\/p>\n<p>Fournisseur responsable<\/p>\n<p>Discusfood UG (responsabilit\u00e9 limit\u00e9e)<br \/>\nLoconer Weg 23<br \/>\nD-58708 Menden<br \/>\nG\u00e9rant : Udo Thr\u00e4n<br \/>\nemail : info@discusfood.com<\/p>\n<p>Principes de base<br \/>\nLa pr\u00e9sente d\u00e9claration de protection des donn\u00e9es a pour but d&#8217;informer les utilisateurs de ce site Web sur la nature, l&#8217;\u00e9tendue et la finalit\u00e9 de la collecte et de l&#8217;utilisation des donn\u00e9es personnelles par l&#8217;exploitant du site Web. L&#8217;exploitant du site prend votre protection des donn\u00e9es tr\u00e8s au s\u00e9rieux et traite vos donn\u00e9es personnelles de mani\u00e8re confidentielle et conform\u00e9ment aux dispositions l\u00e9gales. Comme les nouvelles technologies et le d\u00e9veloppement constant de ce site web peuvent entra\u00eener des modifications de cette d\u00e9claration de protection des donn\u00e9es, nous vous recommandons de la relire \u00e0 intervalles r\u00e9guliers. Vous trouverez les d\u00e9finitions des termes utilis\u00e9s (par ex. &#8222;donn\u00e9es \u00e0 caract\u00e8re personnel&#8220; ou &#8222;traitement&#8220;) \u00e0 l&#8217;article 4 du RGPD.<\/p>\n<p>Donn\u00e9es d&#8217;acc\u00e8s<br \/>\nDiscusfood UG, en tant qu&#8217;exploitant du site web, collecte des donn\u00e9es sur les acc\u00e8s au site web en raison de son int\u00e9r\u00eat l\u00e9gitime (cf. article 6, paragraphe 1, point f. du RGPD) et les enregistre sur le serveur du site web en tant que &#8222;fichiers journaux du serveur&#8220;. Les donn\u00e9es suivantes sont ainsi consign\u00e9es :<br \/>\n&#8211; Site web visit\u00e9<br \/>\n&#8211; Heure au moment de l&#8217;acc\u00e8s<br \/>\n&#8211; Quantit\u00e9 de donn\u00e9es envoy\u00e9es en octets<br \/>\n&#8211; Source\/renvoi \u00e0 partir duquel vous \u00eates arriv\u00e9 sur le site<br \/>\n&#8211; Navigateur utilis\u00e9<br \/>\n&#8211; Syst\u00e8me d&#8217;exploitation utilis\u00e9<br \/>\n&#8211; Adresse IP utilis\u00e9e<br \/>\nLes fichiers journaux du serveur sont enregistr\u00e9s pour une dur\u00e9e maximale de 7 jours et sont ensuite supprim\u00e9s. L&#8217;enregistrement des donn\u00e9es est effectu\u00e9 pour des raisons de s\u00e9curit\u00e9, par exemple pour pouvoir \u00e9lucider des cas d&#8217;abus. Si des donn\u00e9es doivent \u00eatre conserv\u00e9es pour des raisons de preuve, elles sont exclues de la suppression jusqu&#8217;\u00e0 ce que l&#8217;incident soit d\u00e9finitivement clarifi\u00e9.<\/p>\n<p>Mesure de la port\u00e9e &amp; cookies<br \/>\nCe site Internet utilise des cookies pour la mesure d&#8217;audience pseudonymis\u00e9e, qui sont transmis au navigateur de l&#8217;utilisateur soit par notre serveur, soit par le serveur d&#8217;un tiers. Les cookies sont de petits fichiers qui sont enregistr\u00e9s sur votre terminal. Votre navigateur acc\u00e8de \u00e0 ces fichiers. L&#8217;utilisation de cookies am\u00e9liore la convivialit\u00e9 et la s\u00e9curit\u00e9 de ce site web. Si vous ne souhaitez pas que des cookies de mesure d&#8217;audience soient enregistr\u00e9s sur votre terminal, vous pouvez vous opposer ici \u00e0 l&#8217;utilisation de ces fichiers :<br \/>\n&#8211; Page de d\u00e9sactivation des cookies de l&#8217;initiative de publicit\u00e9 en r\u00e9seau : http:\/\/optout.networkadvertising.org\/?c=1#!\/<br \/>\n&#8211; Page de d\u00e9sactivation des cookies du site am\u00e9ricain : http:\/\/optout.aboutads.info\/?c=2#!\/<br \/>\nLes navigateurs courants proposent une option de param\u00e9trage permettant de ne pas autoriser les cookies. Remarque : il n&#8217;est pas garanti que vous puissiez acc\u00e9der \u00e0 toutes les fonctions de ce site web sans restrictions si vous effectuez les r\u00e9glages correspondants.<\/p>\n<p>Collecte et traitement des donn\u00e9es \u00e0 caract\u00e8re personnel<br \/>\nL&#8217;exploitant du site web ne collecte, n&#8217;utilise et ne transmet vos donn\u00e9es personnelles que si cela est autoris\u00e9 dans le cadre l\u00e9gal ou si vous consentez \u00e0 la collecte des donn\u00e9es. Sont consid\u00e9r\u00e9es comme donn\u00e9es personnelles toutes les informations qui servent \u00e0 vous identifier et qui peuvent \u00eatre retrac\u00e9es jusqu&#8217;\u00e0 vous &#8211; donc par exemple votre nom, votre adresse e-mail et votre num\u00e9ro de t\u00e9l\u00e9phone. Vous pouvez \u00e9galement visiter ce site web sans fournir d&#8217;informations sur votre personne. Afin d&#8217;am\u00e9liorer notre offre en ligne, nous enregistrons toutefois (sans r\u00e9f\u00e9rence personnelle) vos donn\u00e9es d&#8217;acc\u00e8s \u00e0 ce site web. Ces donn\u00e9es d&#8217;acc\u00e8s comprennent par exemple le fichier que vous avez demand\u00e9 ou le nom de votre fournisseur d&#8217;acc\u00e8s Internet. L&#8217;anonymisation des donn\u00e9es ne permet pas de tirer des conclusions sur votre personne.<\/p>\n<p>Traitement des donn\u00e9es de contact<br \/>\nSi vous prenez contact avec nous, en tant qu&#8217;exploitant du site, par le biais des possibilit\u00e9s de contact propos\u00e9es, vos donn\u00e9es seront enregistr\u00e9es afin que nous puissions y avoir recours pour traiter et r\u00e9pondre \u00e0 votre demande. Ces donn\u00e9es ne sont pas transmises \u00e0 des tiers sans votre consentement.<\/p>\n<p>Traitement des commentaires et des contributions<br \/>\nSi vous laissez une contribution ou un commentaire sur ce site, votre adresse IP sera enregistr\u00e9e. Cela se fait sur la base de nos int\u00e9r\u00eats l\u00e9gitimes au sens de l&#8217;article 6, paragraphe 1, point f. RGPD et sert \u00e0 notre s\u00e9curit\u00e9 en tant qu&#8217;exploitant du site web : en effet, si votre commentaire enfreint le droit en vigueur, nous pouvons \u00eatre poursuivis pour cela, c&#8217;est pourquoi nous avons un int\u00e9r\u00eat \u00e0 conna\u00eetre l&#8217;identit\u00e9 de l&#8217;auteur du commentaire ou de la contribution.<\/p>\n<p>Google Analytics<br \/>\nCe site Internet utilise, en raison de nos int\u00e9r\u00eats l\u00e9gitimes, pour l&#8217;optimisation et l&#8217;analyse de notre offre en ligne au sens de l&#8217;art. 6, al. 1, let. f. RGPD, le service &#8222;Google Analytics&#8220;, qui est propos\u00e9 par Google Inc. (1600 Amphitheatre Parkway Mountain View, CA 94043, USA). Le service (Google Analytics) utilise des &#8222;cookies&#8220; &#8211; des fichiers texte qui sont enregistr\u00e9s sur votre terminal. Les informations collect\u00e9es par les cookies sont g\u00e9n\u00e9ralement envoy\u00e9es \u00e0 un serveur Google aux \u00c9tats-Unis et y sont stock\u00e9es. Google respecte la l\u00e9gislation europ\u00e9enne en mati\u00e8re de protection des donn\u00e9es et est certifi\u00e9 dans le cadre de l&#8217;accord Privacy Shield :<br \/>\nhttps:\/\/www.privacyshield.gov\/participant?id=a2zt000000001L5AAI&#038;status=Active.<\/p>\n<p>Sur ce site web, l&#8217;anonymisation IP est appliqu\u00e9e. L&#8217;adresse IP des utilisateurs est raccourcie au sein des \u00c9tats membres de l&#8217;UE et de l&#8217;Espace \u00e9conomique europ\u00e9en et dans les autres \u00c9tats signataires de l&#8217;accord. Ce n&#8217;est que dans des cas isol\u00e9s que l&#8217;adresse IP est d&#8217;abord transmise non abr\u00e9g\u00e9e aux \u00c9tats-Unis \u00e0 un serveur de Google o\u00f9 elle est abr\u00e9g\u00e9e. Gr\u00e2ce \u00e0 cette r\u00e9duction, la r\u00e9f\u00e9rence personnelle \u00e0 votre adresse IP dispara\u00eet. L&#8217;adresse IP de l&#8217;utilisateur transmise par le navigateur n&#8217;est pas combin\u00e9e avec d&#8217;autres donn\u00e9es enregistr\u00e9es par Google. Dans le cadre de l&#8217;accord sur les donn\u00e9es de commande que nous avons conclu en tant qu&#8217;exploitant du site web avec Google Inc., cette derni\u00e8re \u00e9tablit \u00e0 l&#8217;aide des informations collect\u00e9es une \u00e9valuation de l&#8217;utilisation et de l&#8217;activit\u00e9 du site web et fournit des prestations de service li\u00e9es \u00e0 l&#8217;utilisation d&#8217;Internet.<\/p>\n<p>Les donn\u00e9es collect\u00e9es par Google en notre nom sont utilis\u00e9es pour pouvoir \u00e9valuer l&#8217;utilisation de notre offre en ligne par les diff\u00e9rents utilisateurs, par exemple pour \u00e9tablir des rapports sur l&#8217;activit\u00e9 du site web afin d&#8217;am\u00e9liorer notre offre en ligne. Vous avez la possibilit\u00e9 d&#8217;emp\u00eacher l&#8217;enregistrement des cookies sur votre appareil en configurant les param\u00e8tres correspondants dans votre navigateur. Il n&#8217;est pas garanti que vous puissiez acc\u00e9der sans restriction \u00e0 toutes les fonctions de ce site web si votre navigateur n&#8217;autorise pas les cookies. En outre, vous pouvez emp\u00eacher, gr\u00e2ce \u00e0 un plug-in du navigateur, que les informations collect\u00e9es par les cookies (y compris votre adresse IP) soient envoy\u00e9es \u00e0 Google Inc. et utilis\u00e9es par Google Inc. Le lien suivant vous m\u00e8ne au plugin correspondant : https:\/\/tools.google.com\/dlpage\/gaoptout?hl=de<br \/>\nAlternativement, en cliquant sur ce lien (Disable Google Analytics &#8211; d\u00e9sactiver Google Analytics), vous emp\u00eachez Google Analytics de collecter des donn\u00e9es vous concernant sur ce site. En cliquant sur le lien ci-dessus, vous t\u00e9l\u00e9chargez un &#8222;cookie opt-out&#8220;. Votre navigateur doit donc en principe autoriser l&#8217;enregistrement de cookies \u00e0 cet effet. Si vous supprimez r\u00e9guli\u00e8rement vos cookies, il est n\u00e9cessaire de cliquer \u00e0 nouveau sur le lien \u00e0 chaque visite de ce site.<br \/>\nVous trouverez ici de plus amples informations sur l&#8217;utilisation des donn\u00e9es par Google Inc :<br \/>\n&#8211; Donn\u00e9es collect\u00e9es par les partenaires de Google : https:\/\/policies.google.com\/privacy\/partners?hl=de<br \/>\n&#8211; Param\u00e8tres concernant les publicit\u00e9s qui vous sont pr\u00e9sent\u00e9es : https:\/\/adssettings.google.de\/authenticated<br \/>\n&#8211; Utilisation de cookies dans les annonces : https:\/\/policies.google.com\/technologies\/ads?hl=de<\/p>\n<p>Utilisation des plugins de m\u00e9dias sociaux de Facebook<br \/>\nEn raison de notre int\u00e9r\u00eat l\u00e9gitime \u00e0 analyser, optimiser et exploiter notre offre en ligne (au sens de l&#8217;article 6, paragraphe 1, point f. du RGPD), ce site utilise le plug-in social Facebook, qui est exploit\u00e9 par Facebook Inc (1 Hacker Way, Menlo Park, California 94025, USA). Les int\u00e9grations sont reconnaissables au logo Facebook ou aux termes &#8222;Like&#8220;, &#8222;J&#8217;aime&#8220;, &#8222;Partager&#8220; dans les couleurs de Facebook (bleu et blanc).<br \/>\nVous trouverez des informations sur tous les plugins Facebook en cliquant sur le lien suivant : https:\/\/developers.facebook.com\/docs\/plugins\/<br \/>\nFacebook Inc. respecte la l\u00e9gislation europ\u00e9enne en mati\u00e8re de protection des donn\u00e9es et est certifi\u00e9 dans le cadre de l&#8217;accord Privacy Shield : https:\/\/www.privacyshield.gov\/participant?id=a2zt0000000GnywAAC&amp;status=Active<\/p>\n<p>Le plugin \u00e9tablit une connexion directe entre votre navigateur et les serveurs de Facebook. L&#8217;exploitant du site web n&#8217;a aucune influence sur la nature et l&#8217;\u00e9tendue des donn\u00e9es que le plugin transmet aux serveurs de Facebook Inc. Vous trouverez des informations \u00e0 ce sujet ici : https:\/\/www.facebook.com\/help\/186325668085084<br \/>\nLe plugin informe Facebook Inc. que vous avez visit\u00e9 ce site web en tant qu&#8217;utilisateur. Il est alors possible que votre adresse IP soit enregistr\u00e9e. Si vous \u00eates connect\u00e9 \u00e0 votre compte Facebook lors de votre visite sur ce site, les informations mentionn\u00e9es seront li\u00e9es \u00e0 ce compte. Si vous utilisez les fonctions du plugin &#8211; par exemple en partageant ou en &#8222;aimant&#8220; un article &#8211; les informations correspondantes sont \u00e9galement transmises \u00e0 Facebook Inc.<\/p>\n<p>Si vous souhaitez emp\u00eacher Facebook Inc. de relier ces donn\u00e9es \u00e0 votre compte Facebook, veuillez vous d\u00e9connecter de Facebook avant de visiter ce site et supprimer les cookies enregistr\u00e9s. Via votre profil Facebook, vous pouvez effectuer d&#8217;autres r\u00e9glages concernant le traitement des donn\u00e9es \u00e0 des fins publicitaires ou vous opposer \u00e0 l&#8217;utilisation de vos donn\u00e9es \u00e0 des fins publicitaires.<br \/>\nPour acc\u00e9der aux param\u00e8tres, cliquez ici :<br \/>\n&#8211; Param\u00e8tres de profil sur Facebook : https:\/\/www.facebook.com\/ads\/preferences\/?entry_product=ad_settings_screen<br \/>\n&#8211; Page de d\u00e9sactivation des cookies de l&#8217;initiative de publicit\u00e9 en r\u00e9seau : http:\/\/optout.networkadvertising.org\/?c=1#!\/<br \/>\n&#8211; Page de d\u00e9sactivation des cookies du site am\u00e9ricain : http:\/\/optout.aboutads.info\/?c=2#!\/<br \/>\nPour savoir quelles donn\u00e9es, dans quel but et dans quelle mesure Facebook collecte, utilise et traite les donn\u00e9es et quels sont vos droits et possibilit\u00e9s de param\u00e9trage pour prot\u00e9ger votre vie priv\u00e9e, vous pouvez consulter la politique de confidentialit\u00e9 de Facebook. Vous les trouverez ici : https:\/\/www.facebook.com\/about\/privacy\/<\/p>\n<p>Abonnement \u00e0 la newsletter<br \/>\nL&#8217;exploitant du site web vous propose une newsletter dans laquelle il vous informe des \u00e9v\u00e9nements et offres actuels. Si vous souhaitez vous abonner \u00e0 la newsletter, vous devez fournir une adresse e-mail valide. En vous abonnant \u00e0 la newsletter, vous acceptez la r\u00e9ception de la newsletter et les proc\u00e9dures expliqu\u00e9es. L&#8217;envoi de la newsletter est effectu\u00e9 par l&#8217;exploitant de ce site web.<\/p>\n<p>R\u00e9vocation et r\u00e9siliation : Vous pouvez \u00e0 tout moment r\u00e9voquer votre consentement \u00e0 la r\u00e9ception de la newsletter et ainsi r\u00e9silier l&#8217;abonnement \u00e0 la newsletter. Apr\u00e8s votre r\u00e9siliation, vos donn\u00e9es personnelles seront effac\u00e9es. Votre consentement \u00e0 l&#8217;envoi de la newsletter expire en m\u00eame temps. Vous trouverez le lien de r\u00e9siliation \u00e0 la fin de chaque newsletter. Les newsletters contiennent des informations de l&#8217;exploitant de ce site web.<\/p>\n<p>Droits de l&#8217;utilisateur<br \/>\nEn tant qu&#8217;utilisateur, vous avez le droit d&#8217;obtenir gratuitement, sur demande, des informations sur les donn\u00e9es \u00e0 caract\u00e8re personnel vous concernant qui ont \u00e9t\u00e9 enregistr\u00e9es. Vous avez \u00e9galement le droit de faire rectifier des donn\u00e9es erron\u00e9es et de faire limiter ou supprimer le traitement de vos donn\u00e9es \u00e0 caract\u00e8re personnel. Le cas \u00e9ch\u00e9ant, vous pouvez \u00e9galement faire valoir votre droit \u00e0 la portabilit\u00e9 des donn\u00e9es. Si vous pensez que vos donn\u00e9es ont \u00e9t\u00e9 trait\u00e9es ill\u00e9galement, vous pouvez d\u00e9poser une plainte aupr\u00e8s de l&#8217;autorit\u00e9 de contr\u00f4le comp\u00e9tente.<\/p>\n<p>Suppression des donn\u00e9es<br \/>\nDans la mesure o\u00f9 votre demande n&#8217;entre pas en conflit avec une obligation l\u00e9gale de conservation des donn\u00e9es (par exemple, la conservation des donn\u00e9es), vous avez le droit de faire effacer vos donn\u00e9es. Les donn\u00e9es que nous avons enregistr\u00e9es seront effac\u00e9es si elles ne sont plus n\u00e9cessaires \u00e0 leur finalit\u00e9 et s&#8217;il n&#8217;existe pas de d\u00e9lai de conservation l\u00e9gal. Si l&#8217;effacement ne peut pas \u00eatre effectu\u00e9 parce que les donn\u00e9es sont n\u00e9cessaires \u00e0 des fins l\u00e9gales autoris\u00e9es, le traitement des donn\u00e9es sera limit\u00e9. Dans ce cas, les donn\u00e9es sont bloqu\u00e9es et ne sont pas trait\u00e9es \u00e0 d&#8217;autres fins.<\/p>\n<p>YouTube<br \/>\nDiscusfood UG int\u00e8gre des vid\u00e9os de la plate-forme &#8222;YouTube&#8220; du fournisseur Google Inc. (1600 Amphitheatre Parkway, Mountain View, CA 94043, USA). D\u00e9claration de protection des donn\u00e9es de Google : https:\/\/www.google.com\/policies\/privacy\/, Opt-Out : https:\/\/adssettings.google.com\/authenticated.<\/p>\n<p>Google Fonts<br \/>\nCe site utilise des polices de caract\u00e8res, appel\u00e9es &#8222;Google Fonts&#8220;, du fournisseur Google Inc. (1600 Amphitheatre Parkway, Mountain View, CA 94043, USA). D\u00e9claration de confidentialit\u00e9 de Google : https:\/\/www.google.com\/policies\/privacy\/, Opt-Out : https:\/\/adssettings.google.com\/authenticated.<\/p>\n<p>Google Maps<br \/>\nDiscusfood UG int\u00e8gre des cartes du service &#8222;Google Maps&#8220; du fournisseur Google Inc. (1600 Amphitheatre Parkway, Mountain View, CA 94043, USA). \u00c0 cet effet, les adresses IP et les donn\u00e9es de localisation des utilisateurs peuvent notamment \u00eatre trait\u00e9es. Ces donn\u00e9es ne peuvent toutefois pas \u00eatre collect\u00e9es sans le consentement des utilisateurs (g\u00e9n\u00e9ralement obtenu dans le cadre des param\u00e8tres des terminaux mobiles). Les donn\u00e9es peuvent \u00eatre trait\u00e9es aux \u00c9tats-Unis. D\u00e9claration de protection des donn\u00e9es : https:\/\/www.google.com\/policies\/privacy\/, Opt-Out : https:\/\/adssettings.google.com\/authenticated.<\/p>\n<p>Droit d&#8217;opposition<br \/>\nLes utilisateurs de ce site web peuvent faire usage de leur droit d&#8217;opposition et s&#8217;opposer \u00e0 tout moment au traitement de leurs donn\u00e9es personnelles. Si vous souhaitez corriger, bloquer, supprimer ou obtenir des informations sur les donn\u00e9es personnelles enregistr\u00e9es vous concernant, ou si vous avez des questions concernant la collecte, le traitement ou l&#8217;utilisation de vos donn\u00e9es personnelles ou si vous souhaitez r\u00e9voquer des autorisations accord\u00e9es, veuillez vous adresser \u00e0 l&#8217;adresse e-mail suivante : <a style=\"background-color: #ffffff;font-size: 1rem\" href=\"mailto:info@discusfood.com\">info@discusfood.com<\/a><\/p>\n","protected":false},"excerpt":{"rendered":"<p>D\u00e9claration de confidentialit\u00e9 Fournisseur responsable Discusfood UG (responsabilit\u00e9 limit\u00e9e) Loconer Weg 23 D-58708 Menden G\u00e9rant : Udo Thr\u00e4n email :&hellip;<\/p>\n","protected":false},"author":2,"featured_media":0,"parent":0,"menu_order":11,"comment_status":"closed","ping_status":"closed","template":"","meta":{"footnotes":""},"class_list":["post-13","page","type-page","status-publish","hentry"],"_links":{"self":[{"href":"https:\/\/www.discusfood.com\/fr\/wp-json\/wp\/v2\/pages\/13","targetHints":{"allow":["GET"]}}],"collection":[{"href":"https:\/\/www.discusfood.com\/fr\/wp-json\/wp\/v2\/pages"}],"about":[{"href":"https:\/\/www.discusfood.com\/fr\/wp-json\/wp\/v2\/types\/page"}],"author":[{"embeddable":true,"href":"https:\/\/www.discusfood.com\/fr\/wp-json\/wp\/v2\/users\/2"}],"replies":[{"embeddable":true,"href":"https:\/\/www.discusfood.com\/fr\/wp-json\/wp\/v2\/comments?post=13"}],"version-history":[{"count":3,"href":"https:\/\/www.discusfood.com\/fr\/wp-json\/wp\/v2\/pages\/13\/revisions"}],"predecessor-version":[{"id":2695,"href":"https:\/\/www.discusfood.com\/fr\/wp-json\/wp\/v2\/pages\/13\/revisions\/2695"}],"wp:attachment":[{"href":"https:\/\/www.discusfood.com\/fr\/wp-json\/wp\/v2\/media?parent=13"}],"curies":[{"name":"wp","href":"https:\/\/api.w.org\/{rel}","templated":true}]}}