{"id":14,"date":"2023-03-29T10:46:15","date_gmt":"2023-03-29T08:46:15","guid":{"rendered":"https:\/\/www.discusfood.com\/de\/?page_id=14"},"modified":"2025-02-20T13:25:34","modified_gmt":"2025-02-20T13:25:34","slug":"downloads","status":"publish","type":"page","link":"https:\/\/www.discusfood.com\/fr\/downloads","title":{"rendered":"Downloads"},"content":{"rendered":"<p>T\u00e9l\u00e9chargements<br \/>\nInformations sur les produits, banni\u00e8res, modes d&#8217;emploi<\/p>\n<p><a href=\"https:\/\/www.discusfood.com\/fr\/wp-content\/uploads\/sites\/5\/2025\/02\/Discusfood-Katalog-FR-NL.pdf\" target=\"_blank\" rel=\"noopener\">Catalogue 2025<\/a><\/p>\n<p><a href=\"https:\/\/www.discusfood.com\/fr\/wp-content\/uploads\/sites\/5\/2024\/02\/Instructions-Discus-Protector-FR-160g.pdf\">Mode d&#8217;emploi Fish Protector 160g<\/a><br \/>\n<a href=\"https:\/\/www.discusfood.com\/fr\/wp-content\/uploads\/sites\/5\/2024\/02\/Instructions-Discus-Fish-Protector-FR-480g.pdf\">Mode d&#8217;emploi Fish Protector 480g<\/a><\/p>\n<p>Informations sur les filtres biologiques \u00e0 air \u00e0 haut rendement<\/p>\n<p><a href=\"https:\/\/www.discusfood.com\/fr\/wp-content\/uploads\/sites\/5\/2023\/12\/Sicherheitsdatenblatt_Anti-Tox_21.01.2021-fr.pdf\" target=\"_blank\" rel=\"noopener\">Fiche de donn\u00e9es de s\u00e9curit\u00e9 Anti-Tox<\/a><br \/>\n<a href=\"https:\/\/www.discusfood.com\/fr\/wp-content\/uploads\/sites\/5\/2023\/12\/Sicherheitsdatenblatt_Natural-Humin_03.02.2022-fr.pdf\" target=\"_blank\" rel=\"noopener\">Fiche de donn\u00e9es de s\u00e9curit\u00e9 Natural Humi<\/a><br \/>\n<a href=\"https:\/\/www.discusfood.com\/fr\/wp-content\/uploads\/sites\/5\/2023\/12\/Sicherheitsdatenblatt_Organic-Clear_20.01.2021-fr.pdf\" target=\"_blank\" rel=\"noopener\">Fiche de donn\u00e9es de s\u00e9curit\u00e9 Organic Clear<\/a><br \/>\n<a href=\"https:\/\/www.discusfood.com\/fr\/wp-content\/uploads\/sites\/5\/2023\/12\/Sicherheitsdatenblatt_Royal-Catappa_21.01.2021-fr.pdf\" target=\"_blank\" rel=\"noopener\">Fiche de donn\u00e9es de s\u00e9curit\u00e9 Royal Catappa<\/a><br \/>\n<a href=\"https:\/\/www.discusfood.com\/fr\/wp-content\/uploads\/sites\/5\/2024\/04\/Sicherheitsdatenblatt_Amazon-Tonic_11.10.2023-FR.pdf\">Fiche de donn\u00e9es de s\u00e9curit\u00e9 Amazon Tonic<\/a><\/p>\n<p>&nbsp;<\/p>\n","protected":false},"excerpt":{"rendered":"<p>T\u00e9l\u00e9chargements Informations sur les produits, banni\u00e8res, modes d&#8217;emploi Catalogue 2025 Mode d&#8217;emploi Fish Protector 160g Mode d&#8217;emploi Fish Protector 480g&hellip;<\/p>\n","protected":false},"author":2,"featured_media":0,"parent":0,"menu_order":12,"comment_status":"closed","ping_status":"closed","template":"","meta":{"footnotes":""},"class_list":["post-14","page","type-page","status-publish","hentry"],"_links":{"self":[{"href":"https:\/\/www.discusfood.com\/fr\/wp-json\/wp\/v2\/pages\/14","targetHints":{"allow":["GET"]}}],"collection":[{"href":"https:\/\/www.discusfood.com\/fr\/wp-json\/wp\/v2\/pages"}],"about":[{"href":"https:\/\/www.discusfood.com\/fr\/wp-json\/wp\/v2\/types\/page"}],"author":[{"embeddable":true,"href":"https:\/\/www.discusfood.com\/fr\/wp-json\/wp\/v2\/users\/2"}],"replies":[{"embeddable":true,"href":"https:\/\/www.discusfood.com\/fr\/wp-json\/wp\/v2\/comments?post=14"}],"version-history":[{"count":8,"href":"https:\/\/www.discusfood.com\/fr\/wp-json\/wp\/v2\/pages\/14\/revisions"}],"predecessor-version":[{"id":3013,"href":"https:\/\/www.discusfood.com\/fr\/wp-json\/wp\/v2\/pages\/14\/revisions\/3013"}],"wp:attachment":[{"href":"https:\/\/www.discusfood.com\/fr\/wp-json\/wp\/v2\/media?parent=14"}],"curies":[{"name":"wp","href":"https:\/\/api.w.org\/{rel}","templated":true}]}}