{"id":1848,"date":"2023-04-01T15:27:15","date_gmt":"2023-04-01T13:27:15","guid":{"rendered":"https:\/\/www.discusfood.com\/de\/?page_id=1848"},"modified":"2026-01-16T15:06:12","modified_gmt":"2026-01-16T15:06:12","slug":"discus-protector-160g-for-10-l","status":"publish","type":"page","link":"https:\/\/www.discusfood.com\/fr\/discus-protector-160g-for-10-l","title":{"rendered":"Discus Protector"},"content":{"rendered":"<p><img loading=\"lazy\" decoding=\"async\" class=\"alignleft wp-image-627 size-medium\" src=\"https:\/\/www.discusfood.com\/de\/wp-content\/uploads\/sites\/3\/2018\/06\/discus_protector-e1686399311121-232x300.jpg\" alt=\"\" width=\"232\" height=\"300\" \/><\/p>\n<p><strong>Discus Protector<\/strong><\/p>\n<p>Discus Protector supprime le risque d&#8217;infection par de nouveaux poissons d&#8217;origine \u00e9trang\u00e8re. Les poissons provenant de<br \/>\nd&#8217;aquariums et d&#8217;installations diff\u00e9rents sont porteurs de germes diff\u00e9rents. Si l&#8217;on m\u00e9lange des poissons d&#8217;origines diff\u00e9rentes, il peut en r\u00e9sulter ce que l&#8217;on appelle une &#8222;incompatibilit\u00e9 bact\u00e9rienne&#8220;.<br \/>\nSouvent, l&#8217;ensemble de l&#8217;ancienne population tombe malade. Des traitements co\u00fbteux en sont la cons\u00e9quence. Utilis\u00e9 correctement, Discus Protector emp\u00eache dans la plupart des cas la propagation d&#8217;une telle maladie et prot\u00e8ge ainsi votre pr\u00e9cieuse population de poissons.<br \/>\nDiscus Protector est un m\u00e9lange soigneusement dos\u00e9 de substances antibact\u00e9riennes de haute qualit\u00e9, int\u00e9gr\u00e9es dans une substance porteuse naturelle. La totalit\u00e9 du contenu de l&#8217;emballage est<br \/>\nest dissous dans un r\u00e9cipient externe et les nouveaux poissons y sont baign\u00e9s AVANT d&#8217;\u00eatre introduits, conform\u00e9ment aux instructions.<br \/>\nDiscus Protector agit de mani\u00e8re pr\u00e9ventive, c&#8217;est-\u00e0-dire avant l&#8217;apparition de la maladie.<\/p>\n<p><strong>Mode d&#8217;emploi<\/strong> :<br \/>\n1. Veuillez pr\u00e9parer un r\u00e9cipient propre et vide (par exemple un seau) pouvant contenir 10 ( article n\u00b0 : 32010) ou 30 ( article n\u00b0 : 32030) litres d&#8217;eau \u00e0 proximit\u00e9 de l&#8217;aquarium.<br \/>\n2. Pr\u00e9parer une \u00e9puisette appropri\u00e9e pour le transfert.<br \/>\n3. Pr\u00e9parer un chronom\u00e8tre (chronom\u00e8tre, minuterie de smartphone, etc.) pour respecter pr\u00e9cis\u00e9ment le temps de traitement.<br \/>\n4. Habituer les poissons \u00e0 traiter \u00e0 l&#8217;eau du nouvel environnement dans le r\u00e9cipient de transport, par exemple en ajustant la temp\u00e9rature et en changeant l&#8217;eau.<br \/>\n5. Remplissez le r\u00e9cipient appropri\u00e9 avec 10 ( article n\u00b0 : 32010) ou 30 ( article n\u00b0 : 32030) litres d&#8217;eau provenant de l&#8217;aquarium.<br \/>\n6. Verser tout le contenu d&#8217;un paquet de Discus Protector dans le bac et le dissoudre.<br \/>\n7. En cas de grande quantit\u00e9 de poissons, a\u00e9rer le bac. L&#8217;agitation de l&#8217;eau assure en outre une dissolution optimale des substances actives.<br \/>\n8. Retirer les poissons \u00e0 traiter de l&#8217;eau de transport et les placer d\u00e9licatement dans le bac sans eau de transport.<br \/>\n9. La dur\u00e9e du traitement doit \u00eatre d&#8217;au moins 15 minutes, mais ne doit pas d\u00e9passer 17 minutes. Contr\u00f4ler imp\u00e9rativement avec un chronom\u00e8tre ou autre.<br \/>\n10. les poissons peuvent nager \u00e0 la surface ou respirer difficilement pendant le traitement. Des d\u00e9collements de la muqueuse sont possibles.<br \/>\n11. Imm\u00e9diatement apr\u00e8s la fin du traitement, transf\u00e9rer prudemment les poissons dans l&#8217;aquarium \u00e0 l&#8217;aide d&#8217;une \u00e9puisette.<br \/>\n12. Le traitement peut provoquer chez les poissons un trouble de la peau et des yeux, ainsi qu&#8217;une irritation des branchies. Ces sympt\u00f4mes sont normaux et disparaissent au bout d&#8217;un ou deux jours.<br \/>\n13. L&#8217;eau de transport ne doit pas entrer en contact avec l&#8217;eau de l&#8217;aquarium !<\/p>\n<p><strong>FAQ<\/strong><br \/>\nQ : Puis-je diviser le contenu et le dissoudre en plus petites quantit\u00e9s \u00e0 chaque fois ?<br \/>\nR : NON, jamais ! Tout le contenu doit \u00eatre dissous en une seule fois et convient pour une seule utilisation !<br \/>\nQ : Pourquoi est-il imp\u00e9ratif de dissoudre tout le contenu dans 10 ( article n\u00b0 : 32010) ou 30 ( article n\u00b0 : 32030) litres d&#8217;eau ?<br \/>\nR : Discus Protector est constitu\u00e9 de composants parfaitement adapt\u00e9s les uns aux autres. Certains de ces composants de haute qualit\u00e9 sont contenus dans un dosage tr\u00e8s faible. Une division de la quantit\u00e9 de contenu entra\u00eene des d\u00e9placements dangereux de l&#8217;ensemble des substances actives !<br \/>\nQ : Comment agit Discus Protector ?<br \/>\nR : Discus Protector a un effet antiseptique et d\u00e9truit les cellules. Les plasmides des bact\u00e9ries sont d\u00e9truits par effet osmotique.<br \/>\nQ : Pourquoi les animaux s\u00e9cr\u00e8tent-ils des parties de leurs muqueuses pendant ou apr\u00e8s le bain court ?<br \/>\nR : Ce sont les parties des muqueuses infest\u00e9es de bact\u00e9ries et de parasites externes qui sont rejet\u00e9es.<\/p>\n<p><strong>Informations compl\u00e9mentaires<\/strong><br \/>\n<a href=\"https:\/\/www.discusfood.com\/fr\/wp-content\/uploads\/sites\/5\/2024\/02\/Instructions-Discus-Protector-FR-160g.pdf\" target=\"_blank\" rel=\"noopener\">Mode d&#8217;emploi Discus Protector 160g (32010)<\/a><br \/>\n<a href=\"https:\/\/www.discusfood.com\/fr\/wp-content\/uploads\/sites\/5\/2024\/02\/Instructions-Discus-Fish-Protector-FR-480g.pdf\" target=\"_blank\" rel=\"noopener\">Mode d&#8217;emploi Discus Protector 480g (32030)<\/a><\/p>\n<p><strong><img loading=\"lazy\" decoding=\"async\" class=\"alignleft size-medium wp-image-627\" src=\"\/fr\/wp-content\/uploads\/sites\/5\/2018\/06\/discus_protector-e1686399311121-232x300.jpg\" alt=\"Discus Protector \" width=\"232\" height=\"300\" \/><br \/>\nDiscus Protector 160 g pour 10 l<br \/>\nNum\u00e9ro d&#8217;article<\/strong> : 32010<\/p>\n<p>&nbsp;<\/p>\n<p>&nbsp;<\/p>\n<p>&nbsp;<\/p>\n<p><img loading=\"lazy\" decoding=\"async\" class=\"alignleft size-full wp-image-1141\" src=\"\/fr\/wp-content\/uploads\/sites\/5\/2019\/04\/Unbenannt-e1554986529123.png\" alt=\"Discus Protector 480 g pour 30 l\" width=\"300\" height=\"274\" \/><br \/>\n<strong>Discus Protector 480 g pour 30 l<br \/>\nNum\u00e9ro d&#8217;article : 32030<\/strong><\/p>\n<p>&nbsp;<\/p>\n<p>&nbsp;<\/p>\n<p>&nbsp;<\/p>\n<p><strong>Acheter l\u2019article ici<\/strong> \u2013 <a href=\"https:\/\/www.la-boutique-des-animaux.fr\" target=\"_blank\" rel=\"noopener\">La Boutique Des Animaux<\/a><\/p>\n<p><iframe loading=\"lazy\" title=\"ADDING NEW DISCU FISH TO THE DISCUS TANK - DISCUS PROTECTOR QUICK QUARANTINE - ALENQUER DISCU\" width=\"500\" height=\"281\" src=\"https:\/\/www.youtube.com\/embed\/QHBLzp11f-4?feature=oembed\" frameborder=\"0\" allow=\"accelerometer; autoplay; clipboard-write; encrypted-media; gyroscope; picture-in-picture; web-share\" referrerpolicy=\"strict-origin-when-cross-origin\" allowfullscreen><\/iframe><\/p>\n","protected":false},"excerpt":{"rendered":"<p>Discus Protector Discus Protector supprime le risque d&#8217;infection par de nouveaux poissons d&#8217;origine \u00e9trang\u00e8re. Les poissons provenant de d&#8217;aquariums et&hellip;<\/p>\n","protected":false},"author":2,"featured_media":0,"parent":0,"menu_order":1,"comment_status":"closed","ping_status":"closed","template":"","meta":{"footnotes":""},"class_list":["post-1848","page","type-page","status-publish","hentry"],"_links":{"self":[{"href":"https:\/\/www.discusfood.com\/fr\/wp-json\/wp\/v2\/pages\/1848","targetHints":{"allow":["GET"]}}],"collection":[{"href":"https:\/\/www.discusfood.com\/fr\/wp-json\/wp\/v2\/pages"}],"about":[{"href":"https:\/\/www.discusfood.com\/fr\/wp-json\/wp\/v2\/types\/page"}],"author":[{"embeddable":true,"href":"https:\/\/www.discusfood.com\/fr\/wp-json\/wp\/v2\/users\/2"}],"replies":[{"embeddable":true,"href":"https:\/\/www.discusfood.com\/fr\/wp-json\/wp\/v2\/comments?post=1848"}],"version-history":[{"count":9,"href":"https:\/\/www.discusfood.com\/fr\/wp-json\/wp\/v2\/pages\/1848\/revisions"}],"predecessor-version":[{"id":3120,"href":"https:\/\/www.discusfood.com\/fr\/wp-json\/wp\/v2\/pages\/1848\/revisions\/3120"}],"wp:attachment":[{"href":"https:\/\/www.discusfood.com\/fr\/wp-json\/wp\/v2\/media?parent=1848"}],"curies":[{"name":"wp","href":"https:\/\/api.w.org\/{rel}","templated":true}]}}