{"id":1863,"date":"2023-04-01T16:09:30","date_gmt":"2023-04-01T14:09:30","guid":{"rendered":"https:\/\/www.discusfood.com\/de\/?page_id=1863"},"modified":"2025-01-14T12:35:11","modified_gmt":"2025-01-14T12:35:11","slug":"frutti-di-mare-flatgranulate-65g","status":"publish","type":"page","link":"https:\/\/www.discusfood.com\/fr\/nourriture-pour-poissons\/granules-plats\/frutti-di-mare-flatgranulate-65g","title":{"rendered":"Frutti di mare Flatgranulate 65g"},"content":{"rendered":"<p><img loading=\"lazy\" decoding=\"async\" class=\"alignleft wp-image-1401 size-medium\" src=\"https:\/\/www.discusfood.com\/de\/wp-content\/uploads\/sites\/3\/2020\/04\/Bild1-e1588159691178-237x300.png\" alt=\"\" width=\"237\" height=\"300\" \/><\/p>\n<p><strong>Frutti di mare Flachgranulat<\/strong><\/p>\n<p>Granul\u00e9s complets, enti\u00e8rement extrud\u00e9s, sous forme de flocons, convenant \u00e0 tous les poissons d&#8217;eau douce et d&#8217;eau de mer ainsi qu&#8217;aux animaux inf\u00e9rieurs. Il est rapidement accept\u00e9, hautement digestible, tr\u00e8s stable en forme et ne trouble pas l&#8217;eau. Une teneur \u00e9quilibr\u00e9e en nutriments et une haute teneur en vitamines et min\u00e9raux garantissent une croissance optimale et un d\u00e9veloppement sain.<\/p>\n<p><strong>Composition<\/strong> : farine de seiche 11 %, krill 11 %, farine de crevettes 11 %, farine de poisson 11 %, riz, seigle, avoine, petits pois, farine de moules 3,5 %, ail 3 %, huile de saumon, levure de bi\u00e8re, extrait de moules aux orles verts 1,6 % ; Algues s\u00e8ches 4 % (Chlorella 1,5 %, Kelp 1,5 %, Spirulina 1 %), Moringa 1,5 %, champignon Shiitake.<br \/>\n<strong>Constituants analytiques<\/strong> : Prot\u00e9ines 40 %, mati\u00e8res grasses 8 %, cendres brutes 9 %, fibres brutes 3 %.<br \/>\n<strong>Additifs par kg<\/strong> : vitamines : A (3a672a) 28000 UI, C (3a300) 210 mg, D3 (3a671) 2100 UI ; avec colorant ; oligo-\u00e9l\u00e9ments : Fe (3b103) 34 mg, Mn (3b502) 43 mg, Zn (3b603) 42 mg ; avec antioxydants.<br \/>\nAliment complet pour poissons d&#8217;ornement !<br \/>\n<strong>Dosage de la nourriture<\/strong> : nourrir plusieurs fois par jour. Ne pas suralimenter !<\/p>\n<p><strong>Num\u00e9ro d&#8217;article<\/strong> : 20060<\/p>\n<p><strong>Acheter l\u2019article ici<\/strong> \u2013 <a href=\"https:\/\/www.la-boutique-des-animaux.fr\" target=\"_blank\" rel=\"noopener\">La Boutique Des Animaux<\/a><\/p>\n","protected":false},"excerpt":{"rendered":"<p>Frutti di mare Flachgranulat Granul\u00e9s complets, enti\u00e8rement extrud\u00e9s, sous forme de flocons, convenant \u00e0 tous les poissons d&#8217;eau douce et&hellip;<\/p>\n","protected":false},"author":2,"featured_media":0,"parent":2969,"menu_order":3,"comment_status":"closed","ping_status":"closed","template":"","meta":{"footnotes":""},"class_list":["post-1863","page","type-page","status-publish","hentry"],"_links":{"self":[{"href":"https:\/\/www.discusfood.com\/fr\/wp-json\/wp\/v2\/pages\/1863","targetHints":{"allow":["GET"]}}],"collection":[{"href":"https:\/\/www.discusfood.com\/fr\/wp-json\/wp\/v2\/pages"}],"about":[{"href":"https:\/\/www.discusfood.com\/fr\/wp-json\/wp\/v2\/types\/page"}],"author":[{"embeddable":true,"href":"https:\/\/www.discusfood.com\/fr\/wp-json\/wp\/v2\/users\/2"}],"replies":[{"embeddable":true,"href":"https:\/\/www.discusfood.com\/fr\/wp-json\/wp\/v2\/comments?post=1863"}],"version-history":[{"count":4,"href":"https:\/\/www.discusfood.com\/fr\/wp-json\/wp\/v2\/pages\/1863\/revisions"}],"predecessor-version":[{"id":2797,"href":"https:\/\/www.discusfood.com\/fr\/wp-json\/wp\/v2\/pages\/1863\/revisions\/2797"}],"up":[{"embeddable":true,"href":"https:\/\/www.discusfood.com\/fr\/wp-json\/wp\/v2\/pages\/2969"}],"wp:attachment":[{"href":"https:\/\/www.discusfood.com\/fr\/wp-json\/wp\/v2\/media?parent=1863"}],"curies":[{"name":"wp","href":"https:\/\/api.w.org\/{rel}","templated":true}]}}