{"id":1873,"date":"2023-04-01T16:36:58","date_gmt":"2023-04-01T14:36:58","guid":{"rendered":"https:\/\/www.discusfood.com\/de\/?page_id=1873"},"modified":"2026-04-07T12:44:06","modified_gmt":"2026-04-07T12:44:06","slug":"brine-shrimp-artemia-paste-200g","status":"publish","type":"page","link":"https:\/\/www.discusfood.com\/fr\/nourriture-pour-poissons\/discufood-premiumfood-pates\/brine-shrimp-artemia-paste-200g","title":{"rendered":"Brine Shrimp \/ Artemia Paste 200g"},"content":{"rendered":"<p><img loading=\"lazy\" decoding=\"async\" class=\"alignleft wp-image-1533 size-medium\" src=\"https:\/\/www.discusfood.com\/de\/wp-content\/uploads\/sites\/3\/2021\/01\/20289_vorne-1-e1690372886192-262x300.jpg\" alt=\"\" width=\"262\" height=\"300\" \/><\/p>\n<p><strong>Discusfood Paste \u201eBrine Shrimp\u201c &#8211; Aliment complet pour poissons d&#8217;ornement<\/strong><\/p>\n<p>Outre les formes de pr\u00e9sentation habituelles comme les granul\u00e9s, les flocons et les aliments congel\u00e9s, les p\u00e2tes alimentaires Discusfood offrent une alternative judicieuse. Gr\u00e2ce aux possibilit\u00e9s de dosage individuel, elles conviennent aussi bien aux petits poissons comme les guppys, les bettas et leurs jeunes qu&#8217;aux grandes et plus grandes esp\u00e8ces de poissons comme les characid\u00e9s, les discus, les scalaires et les perches. Adapt\u00e9es \u00e0 la quantit\u00e9 de poissons et d&#8217;eau, les portions form\u00e9es descendent sur le fond et sont ainsi accessibles \u00e0 tous les habitants du fond tels que les silures, les crevettes et les escargots. Sous forme de petites boules, les portions se collent parfaitement \u00e0 la vitre de l&#8217;aquarium, ce qui les rend \u00e9galement facilement accessibles aux poissons d&#8217;eau libre. La consistance molle des p\u00e2tes est tr\u00e8s attrayante pour presque toutes les esp\u00e8ces de poissons. Des compositions diff\u00e9rentes cr\u00e9ent une offre \u00e9quilibr\u00e9e et vari\u00e9e pour chaque propri\u00e9taire de poissons et \u00e9leveur.<\/p>\n<p><strong>Composition<\/strong> : sous-produits d&#8217;origine v\u00e9g\u00e9tale, insectes, cystes d&#8217;art\u00e9mias , l\u00e9gumes (ma\u00efs, \u00e9pinards, moringa, ail), c\u00e9r\u00e9ales, krill, huiles et graisses (huile de saumon), algues (spirulina, chlorella), substances min\u00e9rales, levures.<br \/>\n<strong>Constituants analytiques<\/strong> : Prot\u00e9ines brutes 23,00%, mati\u00e8res grasses brutes 4,25%, fibres brutes 2,20%, cendres brutes 6,50%.<br \/>\n<strong>Additifs par kg<\/strong> : vitamines : vitamine A (3a672a) 10000 UI, vitamine C (3a300) 80 mg, vitamine D3 (3a671) 700 UI<br \/>\n<strong>Colorants<\/strong> : astaxanthine (2a161j) 20 mg<br \/>\nAvec antioxydants et conservateurs<br \/>\n<strong>Recommandation d&#8217;alimentation<\/strong> : nourrir 2-3 fois par jour autant que les poissons mangent en 2-5 minutes. Ne pas suralimenter les poissons !<\/p>\n<p><strong>Non destin\u00e9 \u00e0 la consommation humaine ! CONSERVER AU FRAIS ET AU SEC !<\/strong><\/p>\n<p><strong>Num\u00e9ro d&#8217;article<\/strong> : 20289<\/p>\n<p><strong>Acheter l\u2019article ici<\/strong> \u2013 <a href=\"https:\/\/www.la-boutique-des-animaux.fr\" target=\"_blank\" rel=\"noopener\">La Boutique Des Animaux<\/a><\/p>\n","protected":false},"excerpt":{"rendered":"<p>Discusfood Paste \u201eBrine Shrimp\u201c &#8211; Aliment complet pour poissons d&#8217;ornement Outre les formes de pr\u00e9sentation habituelles comme les granul\u00e9s, les&hellip;<\/p>\n","protected":false},"author":2,"featured_media":0,"parent":1961,"menu_order":4,"comment_status":"closed","ping_status":"closed","template":"","meta":{"footnotes":""},"class_list":["post-1873","page","type-page","status-publish","hentry"],"_links":{"self":[{"href":"https:\/\/www.discusfood.com\/fr\/wp-json\/wp\/v2\/pages\/1873","targetHints":{"allow":["GET"]}}],"collection":[{"href":"https:\/\/www.discusfood.com\/fr\/wp-json\/wp\/v2\/pages"}],"about":[{"href":"https:\/\/www.discusfood.com\/fr\/wp-json\/wp\/v2\/types\/page"}],"author":[{"embeddable":true,"href":"https:\/\/www.discusfood.com\/fr\/wp-json\/wp\/v2\/users\/2"}],"replies":[{"embeddable":true,"href":"https:\/\/www.discusfood.com\/fr\/wp-json\/wp\/v2\/comments?post=1873"}],"version-history":[{"count":4,"href":"https:\/\/www.discusfood.com\/fr\/wp-json\/wp\/v2\/pages\/1873\/revisions"}],"predecessor-version":[{"id":2744,"href":"https:\/\/www.discusfood.com\/fr\/wp-json\/wp\/v2\/pages\/1873\/revisions\/2744"}],"up":[{"embeddable":true,"href":"https:\/\/www.discusfood.com\/fr\/wp-json\/wp\/v2\/pages\/1961"}],"wp:attachment":[{"href":"https:\/\/www.discusfood.com\/fr\/wp-json\/wp\/v2\/media?parent=1873"}],"curies":[{"name":"wp","href":"https:\/\/api.w.org\/{rel}","templated":true}]}}