{"id":1893,"date":"2023-04-02T11:44:29","date_gmt":"2023-04-02T09:44:29","guid":{"rendered":"https:\/\/www.discusfood.com\/de\/?page_id=1893"},"modified":"2025-01-14T12:15:26","modified_gmt":"2025-01-14T12:15:26","slug":"cichlids-xl-premium-granulate-composition-1-500g","status":"publish","type":"page","link":"https:\/\/www.discusfood.com\/fr\/nourriture-pour-poissons\/cichlids-xl-premium-granulat-composition-1-2\/cichlids-xl-premium-granulate-composition-1-500g","title":{"rendered":"Cichlids XL Premium Granulate Composition 1 &#8211; 500g"},"content":{"rendered":"<p><img loading=\"lazy\" decoding=\"async\" class=\"wp-image-2402 size-medium alignleft\" src=\"https:\/\/www.discusfood.com\/de\/wp-content\/uploads\/sites\/3\/2023\/07\/20030_vorne-v1-e1690373712845-191x300.jpg\" alt=\"\" width=\"191\" height=\"300\" \/><\/p>\n<p><strong>Cichlids XL Granulat Comp.1 \/ 500 g<\/strong><\/p>\n<p>Cichlids XL Premium Granulat Composition 1 est une nourriture compl\u00e8te de haute qualit\u00e9 avec un rapport prot\u00e9ines\/graisses \u00e9quilibr\u00e9 pour cichlid\u00e9s et autres grands poissons. Une teneur \u00e9lev\u00e9e en fibres brutes ainsi qu&#8217;un faible ajout de z\u00e9olite assurent un syst\u00e8me digestif sain et une utilisation optimale de la nourriture. Riche en vitamines et min\u00e9raux naturels gr\u00e2ce \u00e0 l&#8217;algue chlorella.<br \/>\nId\u00e9al en combinaison avec les granul\u00e9s Cichlids XL Premium Composition 2 !<\/p>\n<p><strong>Composition<\/strong> : l\u00e9gumes, prot\u00e9ines de bl\u00e9, Chlorella 13,5%, mod. amidon de bl\u00e9, fenouil 8%, levure de bi\u00e8re, farine de calmar, farine de crevettes, \u0153uf entier, farine de bl\u00e9, Kelp, min\u00e9raux, acides amin\u00e9s, z\u00e9olite.<br \/>\n<strong>Constituants analytiques<\/strong> : Prot\u00e9ines brutes 41%, mati\u00e8res grasses brutes 7,7%, cendres brutes 8,2%, fibres brutes 7,5%.<br \/>\n<strong>Additifs par kg<\/strong> : vitamines : A (3a672a) 20000 UI, C (3a300) 150 mg, D3 (3a671) 1500 UI ; avec colorants ; oligo-\u00e9l\u00e9ments : Fe (E 1) 24 mg, Mn (3b502) 31 mg, Zn (3b603) 30 mg ; avec antioxydants.<br \/>\n<strong>Recommandation d&#8217;alimentation<\/strong> : nourrir 2-3 fois par jour autant que les poissons mangent en 2-5 minutes. Ne pas suralimenter les poissons !<\/p>\n<p><strong>Non destin\u00e9 \u00e0 la consommation humaine ! CONSERVER AU FRAIS ET AU SEC !<\/strong><\/p>\n<p><strong>Num\u00e9ro d&#8217;article<\/strong> : 20030<\/p>\n<p><strong>Acheter l\u2019article ici<\/strong> \u2013 <a href=\"https:\/\/www.la-boutique-des-animaux.fr\" target=\"_blank\" rel=\"noopener\">La Boutique Des Animaux<\/a><\/p>\n","protected":false},"excerpt":{"rendered":"<p>Cichlids XL Granulat Comp.1 \/ 500 g Cichlids XL Premium Granulat Composition 1 est une nourriture compl\u00e8te de haute qualit\u00e9&hellip;<\/p>\n","protected":false},"author":2,"featured_media":0,"parent":1967,"menu_order":1,"comment_status":"closed","ping_status":"closed","template":"","meta":{"footnotes":""},"class_list":["post-1893","page","type-page","status-publish","hentry"],"_links":{"self":[{"href":"https:\/\/www.discusfood.com\/fr\/wp-json\/wp\/v2\/pages\/1893","targetHints":{"allow":["GET"]}}],"collection":[{"href":"https:\/\/www.discusfood.com\/fr\/wp-json\/wp\/v2\/pages"}],"about":[{"href":"https:\/\/www.discusfood.com\/fr\/wp-json\/wp\/v2\/types\/page"}],"author":[{"embeddable":true,"href":"https:\/\/www.discusfood.com\/fr\/wp-json\/wp\/v2\/users\/2"}],"replies":[{"embeddable":true,"href":"https:\/\/www.discusfood.com\/fr\/wp-json\/wp\/v2\/comments?post=1893"}],"version-history":[{"count":4,"href":"https:\/\/www.discusfood.com\/fr\/wp-json\/wp\/v2\/pages\/1893\/revisions"}],"predecessor-version":[{"id":2735,"href":"https:\/\/www.discusfood.com\/fr\/wp-json\/wp\/v2\/pages\/1893\/revisions\/2735"}],"up":[{"embeddable":true,"href":"https:\/\/www.discusfood.com\/fr\/wp-json\/wp\/v2\/pages\/1967"}],"wp:attachment":[{"href":"https:\/\/www.discusfood.com\/fr\/wp-json\/wp\/v2\/media?parent=1893"}],"curies":[{"name":"wp","href":"https:\/\/api.w.org\/{rel}","templated":true}]}}