{"id":1896,"date":"2023-04-02T11:55:26","date_gmt":"2023-04-02T09:55:26","guid":{"rendered":"https:\/\/www.discusfood.com\/de\/?page_id=1896"},"modified":"2025-01-14T12:16:29","modified_gmt":"2025-01-14T12:16:29","slug":"cichlids-xl-premium-granulate-composition-2-500g","status":"publish","type":"page","link":"https:\/\/www.discusfood.com\/fr\/nourriture-pour-poissons\/cichlids-xl-premium-granulat-composition-1-2\/cichlids-xl-premium-granulate-composition-2-500g","title":{"rendered":"Cichlids XL Premium Granulate Composition 2 &#8211; 500g"},"content":{"rendered":"<p><img loading=\"lazy\" decoding=\"async\" class=\"alignleft wp-image-1898 size-medium\" src=\"https:\/\/www.discusfood.com\/de\/wp-content\/uploads\/sites\/3\/2023\/04\/20031_vorne-1-e1686400873347-203x300.jpg\" alt=\"\" width=\"203\" height=\"300\" \/><\/p>\n<p><strong>Cichlids XL Granulat Comp. 2 \/ 500 g<\/strong><\/p>\n<p>Cichlids XL Premium Granulat Composition 2 est un aliment complet de haute qualit\u00e9 avec un rapport prot\u00e9ines\/graisses \u00e9quilibr\u00e9 pour cichlid\u00e9s et autres grands poissons. Il contient une proportion particuli\u00e8rement \u00e9lev\u00e9e d&#8217;animaux nutritifs pr\u00e9sents dans la nature. Un m\u00e9lange de neuf herbes renforce les organes et le syst\u00e8me immunitaire. Un petit ajout de z\u00e9olite assure un syst\u00e8me digestif sain et une utilisation optimale de la nourriture.<br \/>\nId\u00e9al en combinaison avec les granul\u00e9s Cichlids XL Premium Composition 1 !<\/p>\n<p><strong>Composition<\/strong> : farine de poisson, farine de crevettes, farine de bl\u00e9, tourteau d&#8217;extraction de soja, spiruline, ma\u00efs, levure de bi\u00e8re, prot\u00e9ines d&#8217;insectes, riz, huile de saumon, farine de seiche, \u00e9pinards, chlorella, m\u00e9lange d&#8217;herbes, krill, farine d&#8217;algues marines, pigment de paprika, huiles aux herbes, pr\u00e9biotiques, probiotiques, z\u00e9olite.<br \/>\n<strong>Constituants analytique<\/strong>s : Prot\u00e9ines brutes 49%, mati\u00e8res grasses brutes 8,7%, cendres brutes 9,9%, fibres brutes 2,5%.<br \/>\n<strong>Additifs par kg<\/strong> : vitamines : A (3a672a) 30000 UI, C (3a300) 220 mg, D3 (3a671) 2200 UI ; avec colorants ; oligo-\u00e9l\u00e9ments : Fe (3b103) 36 mg, Mn (3b502) 47 mg, Zn (3b603) 46 mg ; avec antioxydants.<br \/>\n<strong>Recommandation alimentaire<\/strong> : donnez 2-3 fois par jour la quantit\u00e9 que les poissons mangent en 2-5 minutes. Ne pas suralimenter les poissons !<\/p>\n<p><strong>Non destin\u00e9 \u00e0 la consommation humaine ! CONSERVER AU FRAIS ET AU SEC<\/strong> !<\/p>\n<p><strong>Num\u00e9ro d&#8217;article<\/strong> : 20031<\/p>\n<p><strong>Acheter l\u2019article ici<\/strong> \u2013<a href=\"https:\/\/www.la-boutique-des-animaux.fr\" target=\"_blank\" rel=\"noopener\"> La Boutique Des Animaux<\/a><\/p>\n","protected":false},"excerpt":{"rendered":"<p>Cichlids XL Granulat Comp. 2 \/ 500 g Cichlids XL Premium Granulat Composition 2 est un aliment complet de haute&hellip;<\/p>\n","protected":false},"author":2,"featured_media":0,"parent":1967,"menu_order":2,"comment_status":"closed","ping_status":"closed","template":"","meta":{"footnotes":""},"class_list":["post-1896","page","type-page","status-publish","hentry"],"_links":{"self":[{"href":"https:\/\/www.discusfood.com\/fr\/wp-json\/wp\/v2\/pages\/1896","targetHints":{"allow":["GET"]}}],"collection":[{"href":"https:\/\/www.discusfood.com\/fr\/wp-json\/wp\/v2\/pages"}],"about":[{"href":"https:\/\/www.discusfood.com\/fr\/wp-json\/wp\/v2\/types\/page"}],"author":[{"embeddable":true,"href":"https:\/\/www.discusfood.com\/fr\/wp-json\/wp\/v2\/users\/2"}],"replies":[{"embeddable":true,"href":"https:\/\/www.discusfood.com\/fr\/wp-json\/wp\/v2\/comments?post=1896"}],"version-history":[{"count":4,"href":"https:\/\/www.discusfood.com\/fr\/wp-json\/wp\/v2\/pages\/1896\/revisions"}],"predecessor-version":[{"id":2737,"href":"https:\/\/www.discusfood.com\/fr\/wp-json\/wp\/v2\/pages\/1896\/revisions\/2737"}],"up":[{"embeddable":true,"href":"https:\/\/www.discusfood.com\/fr\/wp-json\/wp\/v2\/pages\/1967"}],"wp:attachment":[{"href":"https:\/\/www.discusfood.com\/fr\/wp-json\/wp\/v2\/media?parent=1896"}],"curies":[{"name":"wp","href":"https:\/\/api.w.org\/{rel}","templated":true}]}}