{"id":1903,"date":"2023-04-11T09:34:03","date_gmt":"2023-04-11T07:34:03","guid":{"rendered":"https:\/\/www.discusfood.com\/de\/?page_id=1903"},"modified":"2025-01-14T12:01:17","modified_gmt":"2025-01-14T12:01:17","slug":"artemia-brine-shrimps-flatgranulate-50-65g","status":"publish","type":"page","link":"https:\/\/www.discusfood.com\/fr\/nourriture-pour-poissons\/artemia-50-granulate\/artemia-brine-shrimps-flatgranulate-50-65g","title":{"rendered":"Artemia\/ Brine Shrimps Flatgranulate 50% 65g"},"content":{"rendered":"<p><img loading=\"lazy\" decoding=\"async\" class=\"size-medium wp-image-761 alignleft\" src=\"https:\/\/www.discusfood.com\/de\/wp-content\/uploads\/sites\/3\/2018\/10\/Flatgranulate-228x300.jpg\" alt=\"\" width=\"228\" height=\"300\" \/><\/p>\n<p><strong>Artemia 50% Flat Granulate:<\/strong><\/p>\n<p>&#8222;Don`t call it flocon !&#8220;<br \/>\n&#8230; car il s&#8217;agit ici d&#8217;un granul\u00e9 plat en forme de flocon. L&#8217;extrusion permet de fabriquer un produit le plus aseptique possible. Tous les composants sensibles \u00e0 la pression et \u00e0 la chaleur ne sont ajout\u00e9s qu&#8217;apr\u00e8s cette \u00e9tape de fabrication, de sorte qu&#8217;ils conservent leur structure et restent donc pleinement efficaces. La forme stable et relativement grande des granul\u00e9s individuels, semblables \u00e0 des flocons, et leur comportement particulier \u00e0 la descente favorisent une acceptation rapide. M\u00eame les discus sauvages d\u00e9licats commencent \u00e0 manger avidement les granul\u00e9s plats apr\u00e8s une courte p\u00e9riode d&#8217;adaptation, gr\u00e2ce \u00e0 la qualit\u00e9 \u00e9lev\u00e9e de la nourriture et au comportement particulier de descente et de nage des Artemia 50%.<br \/>\nBien entendu, rien ne s&#8217;oppose \u00e0 ce que les granul\u00e9s, l\u00e9g\u00e8rement broy\u00e9s, soient propos\u00e9s \u00e0 toutes les autres esp\u00e8ces de poissons d&#8217;aquarium, quelle que soit leur taille. Un autre avantage du temps de s\u00e9jour relativement long en surface est qu&#8217;il permet de nourrir m\u00eame les mangeurs de surface tr\u00e8s timides et craintifs. Cela permet, par exemple, de faciliter l&#8217;alimentation des nouveaux alevins.<br \/>\nLa proportion d&#8217;art\u00e9mias (50%) est un argument en soi par rapport \u00e0 d&#8217;autres aliments traditionnels. En combinaison avec de pr\u00e9cieuses prot\u00e9ines v\u00e9g\u00e9tales, des vitamines, des min\u00e9raux et des acides gras de haute qualit\u00e9, il s&#8217;agit d&#8217;une nourriture principale compl\u00e8te, adapt\u00e9e \u00e0 presque tous les poissons d&#8217;eau douce et d&#8217;eau de mer. Veuillez toujours respecter les recommandations d&#8217;alimentation figurant sur chaque bo\u00eete.<\/p>\n<p><strong>Composition<\/strong> : Artemia 50%, prot\u00e9ines v\u00e9g\u00e9tales, farine de riz, huile de saumon, ail 4%, levure de bi\u00e8re, Kelp, acides amin\u00e9s, substances min\u00e9rales, pr\u00e9biotiques et probiotiques.<br \/>\n<strong>Constituants analytiques<\/strong> : Prot\u00e9ines brutes 49,3 %, mati\u00e8res grasses brutes 7 %, cendres brutes 2,4 %, fibres brutes 0,7 %.<br \/>\nAdditifs par kg : vitamines : A (3a672a) 20000 UI, C (3a300) 150 mg, D3 (3a671) 1500 UI ; avec colorants ; oligo-\u00e9l\u00e9ments : Fe (E 1) 24 mg, Mn (3b502) 31 mg, Zn (3b603) 30 mg ; avec antioxydants.<br \/>\n<strong>Recommandation d&#8217;alimentation<\/strong> : nourrir 2-3 fois par jour autant que les poissons mangent en 2-5 minutes. Ne pas suralimenter les poissons !<\/p>\n<p><strong>Non destin\u00e9 \u00e0 la consommation humaine ! CONSERVER AU FRAIS ET AU SEC !<\/strong><\/p>\n<p><strong>Num\u00e9ro d&#8217;article:<\/strong> 20051<\/p>\n<p><strong>Acheter l\u2019article ici<\/strong> \u2013<a href=\"https:\/\/www.la-boutique-des-animaux.fr\" target=\"_blank\" rel=\"noopener\"> La Boutique Des Animaux<\/a><\/p>\n","protected":false},"excerpt":{"rendered":"<p>Artemia 50% Flat Granulate: &#8222;Don`t call it flocon !&#8220; &#8230; car il s&#8217;agit ici d&#8217;un granul\u00e9 plat en forme de&hellip;<\/p>\n","protected":false},"author":2,"featured_media":0,"parent":1969,"menu_order":2,"comment_status":"closed","ping_status":"closed","template":"","meta":{"footnotes":""},"class_list":["post-1903","page","type-page","status-publish","hentry"],"_links":{"self":[{"href":"https:\/\/www.discusfood.com\/fr\/wp-json\/wp\/v2\/pages\/1903","targetHints":{"allow":["GET"]}}],"collection":[{"href":"https:\/\/www.discusfood.com\/fr\/wp-json\/wp\/v2\/pages"}],"about":[{"href":"https:\/\/www.discusfood.com\/fr\/wp-json\/wp\/v2\/types\/page"}],"author":[{"embeddable":true,"href":"https:\/\/www.discusfood.com\/fr\/wp-json\/wp\/v2\/users\/2"}],"replies":[{"embeddable":true,"href":"https:\/\/www.discusfood.com\/fr\/wp-json\/wp\/v2\/comments?post=1903"}],"version-history":[{"count":4,"href":"https:\/\/www.discusfood.com\/fr\/wp-json\/wp\/v2\/pages\/1903\/revisions"}],"predecessor-version":[{"id":2717,"href":"https:\/\/www.discusfood.com\/fr\/wp-json\/wp\/v2\/pages\/1903\/revisions\/2717"}],"up":[{"embeddable":true,"href":"https:\/\/www.discusfood.com\/fr\/wp-json\/wp\/v2\/pages\/1969"}],"wp:attachment":[{"href":"https:\/\/www.discusfood.com\/fr\/wp-json\/wp\/v2\/media?parent=1903"}],"curies":[{"name":"wp","href":"https:\/\/api.w.org\/{rel}","templated":true}]}}